{"id":11391,"date":"2025-02-11T18:30:53","date_gmt":"2025-02-11T18:30:53","guid":{"rendered":"https:\/\/delimbe.fr\/produit\/repostador-de-1700-litros\/"},"modified":"2025-02-11T18:30:53","modified_gmt":"2025-02-11T18:30:53","slug":"repostador-de-1700-litros","status":"publish","type":"product","link":"https:\/\/delimbe.fr\/es\/produit\/repostador-de-1700-litros\/","title":{"rendered":"REPOSTADOR DE 1700 LITROS"},"content":{"rendered":"<h4 style=\"text-align: center;\"><strong>&#8211; CARGADOR FRONTAL DELIMBE 1700 LITROS &#8211;<\/strong><\/h4>\n<h4 style=\"text-align: center;\"><\/h4>\n<h4 style=\"text-align: center;\"><strong>Alimentador de semillas para transferir semillas para repostar una sembradora en servicio y continuar tu trabajo de siembra. Transferencia neum\u00e1tica con ventilaci\u00f3n hidr\u00e1ulica. Gran capacidad del dep\u00f3sito: 1700 litros.    <\/strong><b>Se instala en la parte delantera del tractor y act\u00faa como un segundo dep\u00f3sito para repostar tu sembradora agr\u00edcola.<\/b><\/h4>\n<p style=\"text-align: center;\">\n<p><span style=\"text-decoration: underline;\"><strong>DESCRIPCI\u00d3N DE LA CISTERNA  <\/strong><\/span><\/p>\n<ul style=\"list-style-type: disc;\">\n<li>Colocado en la parte delantera del tractor, el alimentador de barras aumenta la capacidad o la autonom\u00eda de la sembradora de cereales, por ejemplo. Cuando el dep\u00f3sito de la sembradora en uso se vac\u00eda, basta con activar el dispositivo de transferencia de semillas del alimentador de barra para rellenar el dep\u00f3sito de la sembradora. Esto te permite seguir sembrando sin interrupci\u00f3n.\n<\/li>\n<li>Capacidad del dep\u00f3sito: 1700 litros.\n<\/li>\n<li>Este producto te ofrece la ventaja de trabajar en grandes superficies y\/o ahorrar tiempo al sembrar.\n<\/li>\n<li>El chasis es de acero y tiene un acabado de pintura epoxi al horno, mientras que el dep\u00f3sito es de polietileno.\n<\/li>\n<li>El caudal se regula mediante una caja electr\u00f3nica en la cabina.\n<\/li>\n<li>Un soplador accionado por un motor hidr\u00e1ulico asegura la transferencia neum\u00e1tica de la semilla al dep\u00f3sito de la sembradora de cereales.\n<\/li>\n<li>El dep\u00f3sito de la sembradora est\u00e1 equipado con dos distribuciones, cada una accionada por un motor el\u00e9ctrico independiente. Una v\u00e1lvula funciona con una ranura verde (caudal bajo) y la segunda v\u00e1lvula funciona con una ranura roja (caudal alto). Para sembrar semillas peque\u00f1as, utiliza s\u00f3lo la ranura verde y para sembrar semillas grandes, utiliza s\u00f3lo la ranura roja. Para obtener un caudal muy alto, utiliza ambas ranuras al mismo tiempo.\n<\/li>\n<li>El caudal se ajusta mediante una caja electr\u00f3nica en la cabina. El rango de ajuste es de 2 kg\/hora con motores lentos y estr\u00edas blancas. Se eleva a 200 kg\/ha con motores r\u00e1pidos y estr\u00edas rojas.\n<\/li>\n<li>La semilla se transfiere utilizando una sola manguera de 110 de di\u00e1metro o varias mangueras onduladas de 40 de di\u00e1metro (especif\u00edcalo al hacer el pedido).\n<\/li>\n<li>Mangueras hidr\u00e1ulicas de 110 mm de di\u00e1metro y 8 metros de longitud, y conectores de empuje y tracci\u00f3n del tractor.\n<\/li>\n<li>La entrada hidr\u00e1ulica est\u00e1 conectada al distribuidor y el retorno a la toma de \u201cretorno libre\u201d.\n<\/li>\n<\/ul>\n<p><span style=\"text-decoration: underline;\"><strong>EQUIPAMIENTO DEL PETROLERO DE GRAN CAPACIDAD<\/strong><\/span><\/p>\n<ul style=\"list-style-type: disc;\">\n<li>Un motor hidr\u00e1ulico DANFOSS para el soplador y dos motores de estr\u00edas para cada una de las distribuciones.\n<\/li>\n<li>2 ranuras integradas, una verde para las semillas peque\u00f1as y otra roja para las semillas grandes.\n<\/li>\n<li>Las mangueras hidr\u00e1ulicas y los conectores push-pull se suministran con el alimentador de barras.\n<\/li>\n<li>Se suministran de serie un man\u00f3metro y una v\u00e1lvula limitadora de presi\u00f3n.\n<\/li>\n<li>El repostaje tiene una trampilla de drenaje debajo.\n<\/li>\n<li>La semilla se transfiere mediante una sola manguera de 110 de di\u00e1metro o mediante varias mangueras onduladas de 40 de di\u00e1metro suministradas con el alimentador.<\/li>\n<\/ul>\n<p><span style=\"text-decoration: underline;\"><strong>OPCIONES DE LA SEMBRADORA ALIMENTADORA<\/strong><\/span><\/p>\n<ul style=\"list-style-type: disc;\">\n<li>Unidades de control: ofrecemos varias opciones entre sistemas est\u00e1ndar y diferentes sistemas DPAE (D\u00e9bit Proportionnel \u00e0 l&#8217;Avancement Electronique).<\/li>\n<\/ul>\n<ul style=\"list-style-type: circle;\">\n<li>Una caja de control est\u00e1ndar con dos interruptores: Un interruptor de encendido\/apagado se utiliza para poner en marcha la distribuci\u00f3n. Un potenci\u00f3metro se utiliza para ajustar la velocidad de siembra, con una escala de 0 a 30. <\/li>\n<li>Un DPA con un sensor que se coloca delante de un perno met\u00e1lico, que puede estar situado en una rueda, en el extremo de un rodillo o en la parte posterior de un disco.<\/li>\n<li>Un DPA con toma ISO, que recibe informaci\u00f3n del tractor a trav\u00e9s de la toma de 7 polos.<\/li>\n<li>Y un DPA con antena GPS que puede colocarse fuera de la cabina. Se suministra con un interruptor de 3er punto (interruptor de palanca).\n<\/li>\n<\/ul>\n<ul style=\"list-style-type: disc;\">\n<li>Hay 4 tipos de ranuras: Blanca (caudal muy bajo), Verde (caudal bajo), Amarilla (caudal medio) y Roja (caudal alto).\n<\/li>\n<li style=\"box-sizing: border-box; text-align: left;\">Bajo pedido, es posible instalar motores de distribuci\u00f3n lenta de 15 vueltas o r\u00e1pida de 150 vueltas, seg\u00fan tus necesidades.<\/li>\n<\/ul>\n","protected":false},"excerpt":{"rendered":"<ul style=\"list-style-type: disc;\">\n<li>El alimentador de <strong>1700 litros<\/strong> es un distribuidor para alimentar\/transferir semillas a otra sembradora.\n<\/li>\n<li>Te permite repostar y aumentar la autonom\u00eda de una sembradora para que puedas continuar tu trabajo de siembra. Para utilizar con sembradoras de cereales, por ejemplo.\n<\/li>\n<li style=\"box-sizing: border-box;\">Puede instalarse en el elevador delantero del tractor o conectarse a la cornamusa delantera.\n<\/li>\n<li style=\"box-sizing: border-box;\">Unidad de transferencia neum\u00e1tica de mangueras con distribuci\u00f3n el\u00e9ctrica y ventilaci\u00f3n hidr\u00e1ulica.\n<\/li>\n<li style=\"box-sizing: border-box;\"><em><strong>Ten en cuenta que hay que a\u00f1adir una caja de control (caja est\u00e1ndar o DPA).<\/strong><\/em><\/li>\n<\/ul>\n","protected":false},"featured_media":2791,"template":"","meta":[],"product_brand":[],"product_cat":[668,655,794,667],"product_tag":[],"class_list":{"0":"post-11391","1":"product","2":"type-product","3":"status-publish","4":"has-post-thumbnail","6":"product_cat-alimentador-es","7":"product_cat-inicio","8":"product_cat-maquina","9":"product_cat-tiradores-delanteros","10":"pa_alimentationdistribution-distribucion-electrica-y-ventilacion-hidraulica","11":"pa_amperagea-30a","12":"pa_capacite-1700-litros","13":"pa_compositions-acero-con-pintura-epoxi-negra","14":"pa_conditionnement-paleta","15":"pa_couleur-tolva-verde","16":"pa_hauteur-1650-mm-es","17":"pa_longueur-1800mm-es","18":"pa_modele-repositor-1700-l-con-tolva-frontal","19":"pa_nomenclature-84323100-es","20":"pa_origine-fabricacion-francesa","21":"pa_typedeproduit-reabastecedor","23":"first","24":"onbackorder","25":"taxable","26":"shipping-taxable","27":"purchasable","28":"product-type-simple"},"composite_virtual":false,"composite_layout":"","composite_add_to_cart_form_location":"","composite_editable_in_cart":false,"composite_sold_individually_context":"","composite_shop_price_calc":"","composite_components":[],"composite_scenarios":[],"_links":{"self":[{"href":"https:\/\/delimbe.fr\/es\/wp-json\/wp\/v2\/product\/11391","targetHints":{"allow":["GET"]}}],"collection":[{"href":"https:\/\/delimbe.fr\/es\/wp-json\/wp\/v2\/product"}],"about":[{"href":"https:\/\/delimbe.fr\/es\/wp-json\/wp\/v2\/types\/product"}],"wp:featuredmedia":[{"embeddable":true,"href":"https:\/\/delimbe.fr\/es\/wp-json\/wp\/v2\/media\/2791"}],"wp:attachment":[{"href":"https:\/\/delimbe.fr\/es\/wp-json\/wp\/v2\/media?parent=11391"}],"wp:term":[{"taxonomy":"product_brand","embeddable":true,"href":"https:\/\/delimbe.fr\/es\/wp-json\/wp\/v2\/product_brand?post=11391"},{"taxonomy":"product_cat","embeddable":true,"href":"https:\/\/delimbe.fr\/es\/wp-json\/wp\/v2\/product_cat?post=11391"},{"taxonomy":"product_tag","embeddable":true,"href":"https:\/\/delimbe.fr\/es\/wp-json\/wp\/v2\/product_tag?post=11391"}],"curies":[{"name":"wp","href":"https:\/\/api.w.org\/{rel}","templated":true}]}}