{"id":11408,"date":"2024-05-17T11:44:18","date_gmt":"2024-05-17T11:44:18","guid":{"rendered":"https:\/\/delimbe.fr\/produit\/junta-motor-hidraulico-danfoss\/"},"modified":"2025-11-05T14:24:32","modified_gmt":"2025-11-05T14:24:32","slug":"junta-motor-hidraulico-danfoss","status":"publish","type":"product","link":"https:\/\/delimbe.fr\/es\/produit\/junta-motor-hidraulico-danfoss\/","title":{"rendered":"JUNTA MOTOR HIDR\u00c1ULICO DANFOSS"},"content":{"rendered":"","protected":false},"excerpt":{"rendered":"<ul style=\"list-style-type: disc\">\n<li>Junta para motor hidr\u00e1ulico DANFOSS (\u00faltima generaci\u00f3n),<\/li>\n<li>Di\u00e1metro exterior <strong>29 mm<\/strong> &#8211; Di\u00e1metro interior <strong>16 mm &#8211; <\/strong>Espesor<strong> 5 mm<\/strong>,<strong><br \/>\n<\/strong><\/li>\n<li>Compatible con sembradoras neum\u00e1ticas: T15\/T18 de doble tolva, T17, T18 y T20 hidr\u00e1ulicas.<\/li>\n<li><em><strong>Referencia<\/strong> : JOINTMOTDANFOSS<\/em><\/li>\n<\/ul>\n","protected":false},"featured_media":2599,"template":"","meta":[],"product_brand":[],"product_cat":[663,709,655,710,692,660,664,765,712,714,715,716,713,766,711,661],"product_tag":[],"class_list":{"0":"post-11408","1":"product","2":"type-product","3":"status-publish","4":"has-post-thumbnail","6":"product_cat-cubierta-vegetal-microgranulador","7":"product_cat-esparcidores-fertilizantes","8":"product_cat-inicio","9":"product_cat-localizada","10":"product_cat-opciones","11":"product_cat-piezas-de-recambio","12":"product_cat-sembradora-t17","13":"product_cat-sembradora-t17-es","14":"product_cat-sembradora-t18","15":"product_cat-sembradora-t18-es","16":"product_cat-sembradora-t18-es-2","17":"product_cat-sembradora-t20-es-3","18":"product_cat-sembradora-t20-es-2","19":"product_cat-sembradora-t20-es-4","20":"product_cat-sembradora-t20-es","21":"product_cat-sembradoras-tolvas-frontales","22":"pa_conditionnement-a-la-unidad","23":"pa_diametre-int-16mm-ext-29mm-es","24":"pa_modele-motor-hidraulico-danfoss","25":"pa_nomenclature-85030099-es","26":"pa_typedeproduit-junta-para-motor-hidraulico","28":"first","29":"onbackorder","30":"taxable","31":"shipping-taxable","32":"purchasable","33":"product-type-simple"},"composite_virtual":false,"composite_layout":"","composite_add_to_cart_form_location":"","composite_editable_in_cart":false,"composite_sold_individually_context":"","composite_shop_price_calc":"","composite_components":[],"composite_scenarios":[],"_links":{"self":[{"href":"https:\/\/delimbe.fr\/es\/wp-json\/wp\/v2\/product\/11408","targetHints":{"allow":["GET"]}}],"collection":[{"href":"https:\/\/delimbe.fr\/es\/wp-json\/wp\/v2\/product"}],"about":[{"href":"https:\/\/delimbe.fr\/es\/wp-json\/wp\/v2\/types\/product"}],"wp:featuredmedia":[{"embeddable":true,"href":"https:\/\/delimbe.fr\/es\/wp-json\/wp\/v2\/media\/2599"}],"wp:attachment":[{"href":"https:\/\/delimbe.fr\/es\/wp-json\/wp\/v2\/media?parent=11408"}],"wp:term":[{"taxonomy":"product_brand","embeddable":true,"href":"https:\/\/delimbe.fr\/es\/wp-json\/wp\/v2\/product_brand?post=11408"},{"taxonomy":"product_cat","embeddable":true,"href":"https:\/\/delimbe.fr\/es\/wp-json\/wp\/v2\/product_cat?post=11408"},{"taxonomy":"product_tag","embeddable":true,"href":"https:\/\/delimbe.fr\/es\/wp-json\/wp\/v2\/product_tag?post=11408"}],"curies":[{"name":"wp","href":"https:\/\/api.w.org\/{rel}","templated":true}]}}