{"id":11459,"date":"2022-03-21T14:55:25","date_gmt":"2022-03-21T14:55:25","guid":{"rendered":"https:\/\/delimbe.fr\/produit\/caja-de-control-t4-t5\/"},"modified":"2025-11-07T14:59:38","modified_gmt":"2025-11-07T14:59:38","slug":"caja-de-control-t4-t5","status":"publish","type":"product","link":"https:\/\/delimbe.fr\/es\/produit\/caja-de-control-t4-t5\/","title":{"rendered":"CAJA DE CONTROL T4\/T5"},"content":{"rendered":"","protected":false},"excerpt":{"rendered":"<ul style=\"list-style-type: disc\">\n<li>Caja de control est\u00e1ndar para <strong>T4 o T5<\/strong>.<\/li>\n<li>La caja se utiliza para poner en marcha el aparato.<\/li>\n<li>La caja de control de pl\u00e1stico negro est\u00e1 equipada con un interruptor y un indicador luminoso:<\/li>\n<\/ul>\n<ol style=\"list-style-type: undefined\">\n<li>Abrir\/cerrar con luz verde.<\/li>\n<li>Interruptor de encendido\/apagado.<\/li>\n<\/ol>\n<ul>\n<li>Arn\u00e9s de alimentaci\u00f3n incluido con la caja: La caja incluye una toma de 3 polos para alimentar el tractor con un arn\u00e9s de 4,5 m (cable de 2&#215;2,5 mm) y una toma de 2 polos para conectarlo al distribuidor.<\/li>\n<li><em><strong>Referencia<\/strong> : BOITIERCDET4T5<\/em><\/li>\n<\/ul>\n","protected":false},"featured_media":2503,"template":"","meta":[],"product_brand":[],"product_cat":[754,755,693,655,660],"product_tag":[],"class_list":{"0":"post-11459","1":"product","2":"type-product","3":"status-publish","4":"has-post-thumbnail","6":"product_cat-antibabosas-t4","7":"product_cat-antibabosas-t5","8":"product_cat-esparcidores-antibabosas","9":"product_cat-inicio","10":"product_cat-piezas-de-recambio","11":"pa_conditionnement-a-la-unidad","12":"pa_fonction-puesta-en-marcha-de-la-sembradora-delimbe","13":"pa_modele-distribuidor-antibabosas-tipo-t4-o-t5","14":"pa_nomenclature-85371098-es","15":"pa_origine-origen-preferencial-frances","16":"pa_typedeproduit-caja-de-control-estandar","18":"first","19":"onbackorder","20":"taxable","21":"shipping-taxable","22":"purchasable","23":"product-type-simple"},"composite_virtual":false,"composite_layout":"","composite_add_to_cart_form_location":"","composite_editable_in_cart":false,"composite_sold_individually_context":"","composite_shop_price_calc":"","composite_components":[],"composite_scenarios":[],"_links":{"self":[{"href":"https:\/\/delimbe.fr\/es\/wp-json\/wp\/v2\/product\/11459","targetHints":{"allow":["GET"]}}],"collection":[{"href":"https:\/\/delimbe.fr\/es\/wp-json\/wp\/v2\/product"}],"about":[{"href":"https:\/\/delimbe.fr\/es\/wp-json\/wp\/v2\/types\/product"}],"wp:featuredmedia":[{"embeddable":true,"href":"https:\/\/delimbe.fr\/es\/wp-json\/wp\/v2\/media\/2503"}],"wp:attachment":[{"href":"https:\/\/delimbe.fr\/es\/wp-json\/wp\/v2\/media?parent=11459"}],"wp:term":[{"taxonomy":"product_brand","embeddable":true,"href":"https:\/\/delimbe.fr\/es\/wp-json\/wp\/v2\/product_brand?post=11459"},{"taxonomy":"product_cat","embeddable":true,"href":"https:\/\/delimbe.fr\/es\/wp-json\/wp\/v2\/product_cat?post=11459"},{"taxonomy":"product_tag","embeddable":true,"href":"https:\/\/delimbe.fr\/es\/wp-json\/wp\/v2\/product_tag?post=11459"}],"curies":[{"name":"wp","href":"https:\/\/api.w.org\/{rel}","templated":true}]}}