{"id":11472,"date":"2024-06-13T16:44:08","date_gmt":"2024-06-13T16:44:08","guid":{"rendered":"https:\/\/delimbe.fr\/produit\/dpa-caja-iso-para-t24-t28\/"},"modified":"2025-10-24T14:02:01","modified_gmt":"2025-10-24T14:02:01","slug":"caja-dpa-iso-t24-t28","status":"publish","type":"product","link":"https:\/\/delimbe.fr\/es\/produit\/caja-dpa-iso-t24-t28\/","title":{"rendered":"CAJA DPA ISO PARA T24\/T28"},"content":{"rendered":"<p><span style=\"text-decoration: underline\"><strong>DESCRIPCI\u00d3N DE LA CAJA DPA ISO CON TOMA DE 7 POLOS PARA T24\/T28<\/strong><\/span><\/p>\n<ul style=\"list-style-type: disc\">\n<li>El DPA ISO con conector de 7 polos permite regular continuamente el caudal de la distribuci\u00f3n en funci\u00f3n del avance de la herramienta de trabajo del suelo (sistema DPA).<\/li>\n<li>Se trata de un sistema de caudal proporcional al avance con informaci\u00f3n de velocidad tomada de la cabina del tractor a trav\u00e9s de la toma de 7 polos. La desconexi\u00f3n y el rearranque autom\u00e1ticos son posibles mediante la toma de 7 polos. Mediante esta toma, el tractor puede cortar la alimentaci\u00f3n el\u00e9ctrica al motor cuando el elevador est\u00e1 en posici\u00f3n elevada en un implemento montado, o cortar la alimentaci\u00f3n el\u00e9ctrica a un distribuidor para un implemento semisuspendido. Cuando se baja la herramienta, el sistema se vuelve a conectar autom\u00e1ticamente. Este sistema puede activarse o desactivarse.<\/li>\n<li>El sistema DPA ISO est\u00e1 equipado con una luz de control y una caja de control en la cabina que incorpora las funciones de las sembradoras DELIMBE. Est\u00e1 provisto de interruptores para memorizar la velocidad e iniciar la siembra al final de la hilera.<\/li>\n<\/ul>\n<p>La toma DPA ISO de 7 polos consta de :<\/p>\n<ul style=\"list-style-type: circle\">\n<li>Una caja de control con potenci\u00f3metro de ajuste del caudal,<\/li>\n<li>Un interruptor de encendido\/apagado para controlar la dispensaci\u00f3n,<\/li>\n<li>Un interruptor de encendido\/apagado para controlar el soplador,<\/li>\n<li>Un interruptor de cebado para accionar el sistema sin moverlo hacia delante (por ejemplo, para hacer la pesada),<\/li>\n<li>Un interruptor de velocidad memorizada, para guardar un ajuste (la velocidad deseada).<\/li>\n<li>Una toma de velocidad de 7 polos para la conexi\u00f3n a la cabina del tractor. El cable tiene 1,5 metros de longitud.<\/li>\n<li>Arn\u00e9s de alimentaci\u00f3n incluido con la caja: La caja incluye un enchufe de 3 pines para alimentar el tractor con un arn\u00e9s de 1,5 metros y un enchufe de 7 pines para conectarlo al aparato con un arn\u00e9s de 6 metros.<\/li>\n<\/ul>\n<p>&nbsp;<\/p>\n<p><span style=\"text-decoration: underline\"><strong>C\u00d3MO UTILIZAR DPA ISO ANTIBABOSAS T24\/T28<\/strong><\/span><\/p>\n<ul style=\"list-style-type: disc\">\n<li>Es preferible utilizar las instrucciones y la tabla de ajuste suministrada con el aparato para ajustar el DPA.<\/li>\n<\/ul>\n<p>&nbsp;<\/p>\n<p><span style=\"text-decoration: underline\"><strong>AJUSTE DE LA CAJA DPA ISO 7 PATILLAS T24\/T28<\/strong><\/span><\/p>\n<p>Haz el c\u00e1lculo siguiente para obtener un ajuste en kg\/hora:<\/p>\n<p><strong>Velocidad x Anchura de trabajo x Dosis por hect\u00e1rea = Kilogramos por hora.<\/strong><\/p>\n<p>El resultado obtenido te permite pesar en un minuto para obtener gramos\/minuto y comprobar el ajuste correcto de la dosis. A continuaci\u00f3n, este peso debe convertirse en kilogramos\/hora.<\/p>\n<p>Para ello, mant\u00e9n el dedo pulsado el bot\u00f3n de cebado durante un minuto. La chaveta empezar\u00e1 a girar hasta el ajuste deseado.<\/p>\n<p>Si la pesada revela una sobredosis o una infradosis, hay que cambiar el ajuste del potenci\u00f3metro y repetir la pesada.<\/p>\n<p>Una vez realizado el ajuste en el potenci\u00f3metro de la cabina, acciona los interruptores de encendido\/apagado para poner en marcha el soplador y la distribuci\u00f3n. El tractor debe circular a la velocidad de trabajo ajustada para que el DPA reciba la informaci\u00f3n de velocidad. Cuando se haya alcanzado esta velocidad de trabajo, pulsa el bot\u00f3n de velocidad memorizada. El LED verde empezar\u00e1 a parpadear. Cuando permanezca encendido y deje de parpadear, significa que el DPA est\u00e1 funcionando. Por tanto, la dosis es uniforme, sea cual sea la velocidad de avance del tractor.<\/p>\n","protected":false},"excerpt":{"rendered":"<ul style=\"list-style-type: disc\">\n<li><strong>Caja DPA ISO con informaci\u00f3n de velocidad a trav\u00e9s de la toma de 7 pines de la cabina del tractor,<\/strong><\/li>\n<li><strong>DPA<\/strong> = Caudal proporcional al avance,<\/li>\n<li>El DPA ISO te permite regular la distribuci\u00f3n en funci\u00f3n del avance del tractor, as\u00ed como una parada autom\u00e1tica vinculada al sistema de elevaci\u00f3n (en aperos montados),<\/li>\n<li>Compatible con el esparcidor de proyectiles <strong><strong>DPA T24 o T28.<\/strong><\/strong><\/li>\n<li><em><strong>Referencia<\/strong> : DPAISOT24T28<\/em><\/li>\n<\/ul>\n<p>&nbsp;<\/p>\n<p><em><strong>(Las instrucciones de uso pueden descargarse m\u00e1s abajo, en la parte \u201cArchivos para descargar\u201d)<\/strong><\/em><\/p>\n","protected":false},"featured_media":2673,"template":"","meta":[],"product_brand":[],"product_cat":[699,696,698,663,700,693,655,692,691,660,694,695,697],"product_tag":[770,768,769,767],"class_list":{"0":"post-11472","1":"product","2":"type-product","3":"status-publish","4":"has-post-thumbnail","6":"product_cat-antibabosas-t24-es","7":"product_cat-antibabosas-t24","8":"product_cat-antibabosas-t28","9":"product_cat-cubierta-vegetal-microgranulador","10":"product_cat-esparcidor-t28","11":"product_cat-esparcidores-antibabosas","12":"product_cat-inicio","13":"product_cat-opciones","14":"product_cat-parte","15":"product_cat-piezas-de-recambio","16":"product_cat-recambios","17":"product_cat-sistema-dpa-caudal-proporcional-al-avance","18":"product_cat-toma-dpa-iso-de-7-polos","19":"product_tag-dpa-es","20":"product_tag-dpa-iso-es","21":"product_tag-dpa-iso-anti-slug","22":"product_tag-dpa-iso-t24-t28-es","23":"pa_amperagea-40a","24":"pa_conditionnement-a-la-unidad","25":"pa_fonction-puesta-en-marcha-de-la-sembradora-y-regulacion-del-caudal-proporcional-al-avance","26":"pa_modele-distribuidor-antibabosas-t24-t28-dpa","27":"pa_nomenclature-85381000-es","28":"pa_origine-origen-preferencial-frances","29":"pa_typedeproduit-caja-de-control-con-sistema-dpa-conector-de-7-pines","31":"first","32":"onbackorder","33":"taxable","34":"shipping-taxable","35":"purchasable","36":"product-type-simple"},"composite_virtual":false,"composite_layout":"","composite_add_to_cart_form_location":"","composite_editable_in_cart":false,"composite_sold_individually_context":"","composite_shop_price_calc":"","composite_components":[],"composite_scenarios":[],"_links":{"self":[{"href":"https:\/\/delimbe.fr\/es\/wp-json\/wp\/v2\/product\/11472","targetHints":{"allow":["GET"]}}],"collection":[{"href":"https:\/\/delimbe.fr\/es\/wp-json\/wp\/v2\/product"}],"about":[{"href":"https:\/\/delimbe.fr\/es\/wp-json\/wp\/v2\/types\/product"}],"wp:featuredmedia":[{"embeddable":true,"href":"https:\/\/delimbe.fr\/es\/wp-json\/wp\/v2\/media\/2673"}],"wp:attachment":[{"href":"https:\/\/delimbe.fr\/es\/wp-json\/wp\/v2\/media?parent=11472"}],"wp:term":[{"taxonomy":"product_brand","embeddable":true,"href":"https:\/\/delimbe.fr\/es\/wp-json\/wp\/v2\/product_brand?post=11472"},{"taxonomy":"product_cat","embeddable":true,"href":"https:\/\/delimbe.fr\/es\/wp-json\/wp\/v2\/product_cat?post=11472"},{"taxonomy":"product_tag","embeddable":true,"href":"https:\/\/delimbe.fr\/es\/wp-json\/wp\/v2\/product_tag?post=11472"}],"curies":[{"name":"wp","href":"https:\/\/api.w.org\/{rel}","templated":true}]}}