{"id":11494,"date":"2024-04-11T11:42:43","date_gmt":"2024-04-11T11:42:43","guid":{"rendered":"https:\/\/delimbe.fr\/produit\/extension-de-manguera-de-4-metros-cable-2x25\/"},"modified":"2025-11-05T14:57:01","modified_gmt":"2025-11-05T14:57:01","slug":"extension-de-manguera-de-4-metros-cable-2x25","status":"publish","type":"product","link":"https:\/\/delimbe.fr\/es\/produit\/extension-de-manguera-de-4-metros-cable-2x25\/","title":{"rendered":"EXTENSI\u00d3N DE CABLE DE 4 METROS (CABLE 2&#215;2,5)"},"content":{"rendered":"","protected":false},"excerpt":{"rendered":"<ul style=\"list-style-type: disc\">\n<li>Prolongaci\u00f3n del arn\u00e9s el\u00e9ctrico para la caja de control DELIMBE<\/li>\n<li>Longitud: 4 metros (2&#215;2,5 cable)<\/li>\n<li>Permite prolongar el arn\u00e9s hasta la toma de 7 polos (para conectarlo al aparato)<\/li>\n<li>Compatible con nuestros distribuidores :<\/li>\n<\/ul>\n<ol style=\"list-style-type: undefined\">\n<li>Sembradora T14, Kit T14,<\/li>\n<li>Sembradoras hidr\u00e1ulicas T17, T18 y T20,<\/li>\n<li>Esparcidora de forraje T11.<\/li>\n<\/ol>\n<ul>\n<li><em><strong>Referencia<\/strong> : RALFAISCEAU2<\/em><\/li>\n<\/ul>\n","protected":false},"featured_media":2597,"template":"","meta":[],"product_brand":[],"product_cat":[663,800,709,727,655,710,660,672,756,757,664,714,715,712,713,711,716],"product_tag":[],"class_list":{"0":"post-11494","1":"product","2":"type-product","3":"status-publish","4":"has-post-thumbnail","6":"product_cat-cubierta-vegetal-microgranulador","7":"product_cat-esparcidora-de-forraje-t11","8":"product_cat-esparcidores-fertilizantes","9":"product_cat-esparcimiento-de-sal","10":"product_cat-inicio","11":"product_cat-localizada","12":"product_cat-piezas-de-recambio","13":"product_cat-sembradora-t14","14":"product_cat-sembradora-t14-es","15":"product_cat-sembradora-t14-es-2","16":"product_cat-sembradora-t17","17":"product_cat-sembradora-t18-es","18":"product_cat-sembradora-t18-es-2","19":"product_cat-sembradora-t18","20":"product_cat-sembradora-t20-es-2","21":"product_cat-sembradora-t20-es","22":"product_cat-sembradora-t20-es-3","23":"pa_conditionnement-a-la-unidad","24":"pa_nomenclature-90011090-es","25":"pa_origine-origen-preferencial-frances","26":"pa_typedeproduit-extension-de-haz","28":"first","29":"instock","30":"taxable","31":"shipping-taxable","32":"purchasable","33":"product-type-simple"},"composite_virtual":false,"composite_layout":"","composite_add_to_cart_form_location":"","composite_editable_in_cart":false,"composite_sold_individually_context":"","composite_shop_price_calc":"","composite_components":[],"composite_scenarios":[],"_links":{"self":[{"href":"https:\/\/delimbe.fr\/es\/wp-json\/wp\/v2\/product\/11494","targetHints":{"allow":["GET"]}}],"collection":[{"href":"https:\/\/delimbe.fr\/es\/wp-json\/wp\/v2\/product"}],"about":[{"href":"https:\/\/delimbe.fr\/es\/wp-json\/wp\/v2\/types\/product"}],"wp:featuredmedia":[{"embeddable":true,"href":"https:\/\/delimbe.fr\/es\/wp-json\/wp\/v2\/media\/2597"}],"wp:attachment":[{"href":"https:\/\/delimbe.fr\/es\/wp-json\/wp\/v2\/media?parent=11494"}],"wp:term":[{"taxonomy":"product_brand","embeddable":true,"href":"https:\/\/delimbe.fr\/es\/wp-json\/wp\/v2\/product_brand?post=11494"},{"taxonomy":"product_cat","embeddable":true,"href":"https:\/\/delimbe.fr\/es\/wp-json\/wp\/v2\/product_cat?post=11494"},{"taxonomy":"product_tag","embeddable":true,"href":"https:\/\/delimbe.fr\/es\/wp-json\/wp\/v2\/product_tag?post=11494"}],"curies":[{"name":"wp","href":"https:\/\/api.w.org\/{rel}","templated":true}]}}