{"id":11501,"date":"2023-02-02T10:54:40","date_gmt":"2023-02-02T10:54:40","guid":{"rendered":"https:\/\/delimbe.fr\/produit\/caja-de-control-para-kit-t14\/"},"modified":"2025-11-07T14:42:08","modified_gmt":"2025-11-07T14:42:08","slug":"caja-de-control-para-kit-t14","status":"publish","type":"product","link":"https:\/\/delimbe.fr\/es\/produit\/caja-de-control-para-kit-t14\/","title":{"rendered":"CAJA DE CONTROL PARA KIT T14"},"content":{"rendered":"","protected":false},"excerpt":{"rendered":"<ul style=\"list-style-type: disc\">\n<li>Caja de control est\u00e1ndar para el <strong>kit T14<\/strong>.<\/li>\n<li>Sirve para poner en marcha el aparato y regular el caudal.<\/li>\n<li>La caja de control de pl\u00e1stico negro tiene un interruptor, un indicador luminoso y un regulador de intensidad:<\/li>\n<\/ul>\n<ol style=\"list-style-type: undefined\">\n<li>Un interruptor de encendido\/apagado para controlar la dispensaci\u00f3n,<\/li>\n<li>Una luz indicadora verde,<\/li>\n<li>Un potenci\u00f3metro de caudal graduado de 0 a 30.<\/li>\n<\/ol>\n<ul style=\"list-style-type: disc\">\n<li>Arn\u00e9s de alimentaci\u00f3n incluido con la caja: La caja incluye una toma de 3 polos para la alimentaci\u00f3n del tractor con un arn\u00e9s de 6 m (cable de 2&#215;2,5 mm) y una toma de 2 polos para la conexi\u00f3n al distribuidor.<\/li>\n<li><em>Variante:<\/em> la caja de control est\u00e1ndar del kit T14 tambi\u00e9n est\u00e1 disponible con 2 variadores (potenci\u00f3metros) para controlar cada distribuci\u00f3n: es la caja de la sembradora T14 con kit de doble ajuste.<\/li>\n<li><em><strong>Referencia<\/strong> : BOITIERKITT14<\/em><\/li>\n<\/ul>\n","protected":false},"featured_media":2513,"template":"","meta":[],"product_brand":[],"product_cat":[663,709,655,710,692,660,756,672,757],"product_tag":[],"class_list":{"0":"post-11501","1":"product","2":"type-product","3":"status-publish","4":"has-post-thumbnail","6":"product_cat-cubierta-vegetal-microgranulador","7":"product_cat-esparcidores-fertilizantes","8":"product_cat-inicio","9":"product_cat-localizada","10":"product_cat-opciones","11":"product_cat-piezas-de-recambio","12":"product_cat-sembradora-t14-es","13":"product_cat-sembradora-t14","14":"product_cat-sembradora-t14-es-2","16":"first","17":"onbackorder","18":"taxable","19":"shipping-taxable","20":"purchasable","21":"product-type-variable"},"composite_virtual":false,"composite_layout":"","composite_add_to_cart_form_location":"","composite_editable_in_cart":false,"composite_sold_individually_context":"","composite_shop_price_calc":"","composite_components":[],"composite_scenarios":[],"_links":{"self":[{"href":"https:\/\/delimbe.fr\/es\/wp-json\/wp\/v2\/product\/11501","targetHints":{"allow":["GET"]}}],"collection":[{"href":"https:\/\/delimbe.fr\/es\/wp-json\/wp\/v2\/product"}],"about":[{"href":"https:\/\/delimbe.fr\/es\/wp-json\/wp\/v2\/types\/product"}],"wp:featuredmedia":[{"embeddable":true,"href":"https:\/\/delimbe.fr\/es\/wp-json\/wp\/v2\/media\/2513"}],"wp:attachment":[{"href":"https:\/\/delimbe.fr\/es\/wp-json\/wp\/v2\/media?parent=11501"}],"wp:term":[{"taxonomy":"product_brand","embeddable":true,"href":"https:\/\/delimbe.fr\/es\/wp-json\/wp\/v2\/product_brand?post=11501"},{"taxonomy":"product_cat","embeddable":true,"href":"https:\/\/delimbe.fr\/es\/wp-json\/wp\/v2\/product_cat?post=11501"},{"taxonomy":"product_tag","embeddable":true,"href":"https:\/\/delimbe.fr\/es\/wp-json\/wp\/v2\/product_tag?post=11501"}],"curies":[{"name":"wp","href":"https:\/\/api.w.org\/{rel}","templated":true}]}}