{"id":11520,"date":"2024-04-04T13:43:52","date_gmt":"2024-04-04T13:43:52","guid":{"rendered":"https:\/\/delimbe.fr\/produit\/t15-80l-3m-con-rampa\/"},"modified":"2025-12-10T10:34:41","modified_gmt":"2025-12-10T10:34:41","slug":"t15-maquina-agricola-sembradora-rampa","status":"publish","type":"product","link":"https:\/\/delimbe.fr\/es\/produit\/t15-maquina-agricola-sembradora-rampa\/","title":{"rendered":"T15 SEMBRADORA CON RAMPA"},"content":{"rendered":"<h5 style=\"text-align: center\"><strong>&#8211; M\u00c1QUINA AGR\u00cdCOLA DELIMBE : SEMBRADORA T15 CON BARRA ABATIBLE &#8211;<\/strong><\/h5>\n<h6 class=\"MsoNormal\" style=\"text-align: center\"><strong>Sembradora de regeneraci\u00f3n de praderas, microgranulador para cubierta vegetal, abono, semillas peque\u00f1as, etc. <\/strong><strong>Distribuci\u00f3n el\u00e9ctrica con soplador y brazo esparcidor.<\/strong><\/h6>\n<h6 class=\"MsoNormal\" style=\"text-align: center\"><strong>La sembradora T15 con brazo plegable tiene las mismas caracter\u00edsticas que la T15 est\u00e1ndar, y puede equiparse con un dep\u00f3sito de 80 o 120 litros. Est\u00e1 disponible en anchuras de trabajo de hasta 6 metros. <\/strong><\/h6>\n<h6 style=\"text-align: center\"><strong>El brazo T15 est\u00e1 especialmente dise\u00f1ado para montarse en un quad. Tambi\u00e9n se puede montar detr\u00e1s de un tractor con la adaptaci\u00f3n \u201cenganche de tractor\u201d, en una grada de rastrojo o en cualquier otra herramienta para trabajar el suelo. La rampa T15 es aut\u00f3noma y se monta muy r\u00e1pidamente (no hay que construir ninguna rampa). Se puede utilizar para sembrar microgr\u00e1nulos insecticidas, abono, gr\u00e1nulos herbicidas, cubiertas vegetales, cereales y semillas peque\u00f1as. <\/strong><\/h6>\n<p>&nbsp;<\/p>\n<h5><strong><span style=\"text-decoration: underline\">DESCRIPCI\u00d3N DE LA SEMBRADORA DE BARRAS T15<\/span><\/strong><\/h5>\n<ul style=\"list-style-type: disc\">\n<li style=\"text-align: left\">\n<p style=\"text-align: justify\">El distribuidor T15 est\u00e1 equipado con un soplador accionado por un motor el\u00e9ctrico de 12 voltios. Un motorreductor el\u00e9ctrico de 12 voltios y 40-60 rpm acciona la ranura de distribuci\u00f3n de semillas. La velocidad de rotaci\u00f3n de la ranura se controla para regular el caudal. El motor se suministra con una conexi\u00f3n est\u00e1ndar de 40 vueltas, pero puedes aumentar el caudal cambiando la conexi\u00f3n a 60 vueltas (40 vueltas: cable negro\/azul &#8211; 60 vueltas: cable negro\/rojo).<\/p>\n<\/li>\n<li style=\"text-align: justify\">La distribuci\u00f3n el\u00e9ctrica se efect\u00faa mediante un estriado, y la transferencia neum\u00e1tica de semillas a los divisores. Disponible de 3 a 6 metros como est\u00e1ndar (6 salidas en 3 m y 8 salidas de 4 a 6 m). Es posible bajar de 3 metros en funci\u00f3n de tus necesidades, por ejemplo para vi\u00f1edos o arboricultura. En ese caso, ponte en contacto con nosotros.<\/li>\n<li style=\"text-align: justify\">\u00a0<span style=\"font-family: 'Calibri',sans-serif\">Ajuste del caudal mediante una caja el\u00e9ctrica en la cabina (se a\u00f1ade al comprar la sembradora). Las cajas est\u00e1ndar o DPA incluyen una toma de 3 polos para la alimentaci\u00f3n del tractor con un mazo de 1,5 metros (cable de 2&#215;2,5 mm) y una toma de 7 polos para la conexi\u00f3n al distribuidor (cable de 4&#215;2,5 mm) con un mazo de 6 metros.<\/span><\/li>\n<li style=\"text-align: justify\">El flujo de aire transfiere la semilla a los tubos de 30 mm de di\u00e1metro.<\/li>\n<li style=\"text-align: justify\">Las chispas se sueldan a intervalos regulares a lo ancho de la barra. Se utilizan para dispersar las semillas.<\/li>\n<li style=\"text-align: justify\"><span style=\"text-align: justify\"><span style=\"text-align: justify\">La m\u00e1quina est\u00e1 equipada con un rodillo verde (caudal bajo). Es posible pedir la sembradora con rodillo amarillo o rojo.<\/span><\/span><\/li>\n<\/ul>\n<p>&nbsp;<\/p>\n<h5 style=\"font-weight: 400;text-align: start\"><strong><span style=\"text-decoration: underline\">OPCIONES PARA LA SEMBRADORA MICROGRANULADORA T15 CON BRAZO<\/span><\/strong><strong><br \/>\n<\/strong><\/h5>\n<ul style=\"list-style-type: disc\">\n<li style=\"text-align: justify\">Unidades de control<b>: <\/b>ofrecemos varias opciones de unidades de control, est\u00e1ndar o <a href=\"https:\/\/delimbe.fr\/categorie-produit\/inicio\/piezas-de-recambio\/sistema-dpa-caudal-proporcional-al-avance\/\"><strong>DPAE<\/strong> <\/a>(caudal proporcional al avance electr\u00f3nico).<\/li>\n<\/ul>\n<ul style=\"list-style-type: circle;text-align: justify\">\n<li style=\"text-align: justify\">Una caja de control est\u00e1ndar tiene tres interruptores: el primero enciende y apaga el soplador. El segundo interruptor, provisto de un indicador luminoso, se utiliza para encender y apagar la distribuci\u00f3n en cabecera. Un potenci\u00f3metro con una escala de 0 a 30 sirve para variar el caudal, que se puede ajustar directamente desde la cabina.<\/li>\n<li style=\"text-align: justify\">DPA con sensor para colocar en una rueda, en un extremo del rodillo o en la parte posterior de un disco.<\/li>\n<li style=\"text-align: justify\">DPA con toma ISO, recibe informaci\u00f3n del tractor a trav\u00e9s de la toma de 7 polos (corte autom\u00e1tico en aperos montados).<\/li>\n<li style=\"text-align: justify\">DPA con antena GPS colocada fuera de la cabina (se suministra con la opci\u00f3n de desconexi\u00f3n del ascensor).<\/li>\n<\/ul>\n<ul style=\"list-style-type: disc\">\n<li style=\"text-align: justify\">Hay 4 tipos de rodillo: Blanco (caudal muy bajo), Verde (caudal bajo), Amarillo (caudal medio) y Rojo (caudal alto).<\/li>\n<li style=\"text-align: justify\">Hay varias rampas de diferentes anchuras, hasta 6 metros. Las rampas son plegables. La anchura de las rampas puede reducirse a entre 1 y 3 metros si se solicita. Es posible cambiar la anchura de trabajo porque las rampas se pueden desmontar, as\u00ed que puedes comprar otro juego de rampas como opci\u00f3n.<\/li>\n<li style=\"text-align: justify\">Un enganche de tractor de 3 puntos para montar en la parte delantera o trasera de un tractor.<\/li>\n<li style=\"text-align: justify\">Una plataforma de carga (si el aparato est\u00e1 montado sobre una herramienta de trabajo del suelo).<\/li>\n<li style=\"text-align: justify\">Si lo solicitas, es posible instalar un motor de sincronizaci\u00f3n lenta de 15 vueltas, en funci\u00f3n de tus necesidades. Para utilizar el aparato con un caudal m\u00ednimo.<\/li>\n<\/ul>\n<p>&nbsp;<\/p>\n<h5><span style=\"text-decoration: underline\"><strong>USOS Y CONSEJOS DE LA SEMBRADORA T15<\/strong><\/span><\/h5>\n<ul style=\"list-style-type: disc\">\n<li style=\"font-weight: 400;text-align: justify\"><span style=\"text-decoration: underline\"><span style=\"text-decoration: underline\"><strong>Utilizado en quad<\/strong><\/span><\/span> Para una siembra muy r\u00e1pida.<\/li>\n<li style=\"font-weight: 400;text-align: justify\"><span style=\"text-decoration: underline\"><strong>Se utiliza con una grada de p\u00faas <\/strong><\/span>La m\u00e1quina se utiliza para regenerar prados en primavera. La sembradora sopladora T15 puede montarse en una grada, un cultivador de rastrojos o cualquier otra m\u00e1quina de cultivo del suelo.<\/li>\n<li style=\"font-weight: 400;text-align: justify\"><span style=\"text-decoration: underline\"><strong>Utilizado en un cultivador de rastrojos<\/strong><\/span> Las semillas deben dispersarse utilizando la barra y los pulverizadores antes del rodillo para que la pulverizaci\u00f3n del suelo cubra la semilla.<\/li>\n<li style=\"text-align: justify\"><span style=\"text-decoration: underline\"><strong>Se utiliza como una peque\u00f1a sembradora<\/strong><\/span> Se coloca sobre el cultivador de rastrojos y la semilla se distribuye entre la herramienta de cultivo del suelo y el rodillo. Una turbina de ventilador el\u00e9ctrico incorporada a la sembradora T15 garantiza la transferencia neum\u00e1tica de la semilla a los partidores. La distribuci\u00f3n se realiza a trav\u00e9s de una ranura separada en cada salida del tubo para conseguir una uniformidad \u00f3ptima de la siembra. Esta ranura es accionada por un motor el\u00e9ctrico regulado por una caja de control.<\/li>\n<li style=\"text-align: justify\">El microgranulador Delimbe T15 tambi\u00e9n est\u00e1 especializado en <strong>arboricultura y vi\u00f1edos.<\/strong><\/li>\n<li style=\"text-align: justify\">Para una mayor capacidad de la tolva, utiliza la <a class=\"btn btn-default\" href=\"https:\/\/delimbe.fr\/es\/produit\/t18\/\">T18<\/a> o la <a class=\"btn btn-default\" href=\"https:\/\/delimbe.fr\/es\/produit\/semoir-t20-pneumatique-engrais\/\">T20<\/a>.<\/li>\n<\/ul>\n<p>&nbsp;<\/p>\n<h5><strong><span style=\"text-decoration: underline\">DESCUBRE TODA NUESTRA GAMA DE SEMBRADORAS EN VENTA<\/span><\/strong><\/h5>\n<p><a class=\"btn btn-default\" href=\"https:\/\/delimbe.fr\/categorie-produit\/inicio\/cubierta-vegetal-microgranulador-es\/\">CUBIERTA VEGETAL \/ MICROGRANULADORES<\/a> &#8211; <a class=\"btn btn-default\" href=\"https:\/\/delimbe.fr\/categorie-produit\/inicio\/vino\/\">HORTICULTURA \/ VI\u00d1A <\/a> &#8211; <a class=\"btn btn-default\" href=\"https:\/\/delimbe.fr\/categorie-produit\/inicio\/fertilizantes-es\/\">ABONO<\/a><\/p>\n<p>&nbsp;<\/p>\n","protected":false},"excerpt":{"rendered":"<ul style=\"list-style-type: disc\">\n<li>Sembradora para regeneraci\u00f3n de praderas\/semillas peque\u00f1as\/cobertura vegetal\/vi\u00f1edos y arboricultura con soplador y <strong>rampa de<\/strong> descenso <strong>abatible<\/strong>.<\/li>\n<li>Puede colocarse en el quad o detr\u00e1s de un tractor, as\u00ed como en todo tipo de herramientas para trabajar la tierra.<\/li>\n<li>Capacidad del dep\u00f3sito: 80 \u00f3 120 litros.<\/li>\n<li>Rampa de descenso de hasta 6 metros de ancho.<\/li>\n<li>Ten en cuenta que hay que a\u00f1adir una caja de control (caja est\u00e1ndar o DPA).<\/li>\n<\/ul>\n<p><em><strong>(Las instrucciones de uso pueden descargarse m\u00e1s abajo, en la pesta\u00f1a \u201cArchivos para descargar\u201d)<\/strong><\/em><\/p>\n","protected":false},"featured_media":2585,"template":"","meta":[],"product_brand":[],"product_cat":[669,782,793,655,795,811,692,812,813,814,810,809],"product_tag":[],"class_list":{"0":"post-11520","1":"product","2":"type-product","3":"status-publish","4":"has-post-thumbnail","6":"product_cat-cubierta-vegetal-microgranulador-es","7":"product_cat-destaca","8":"product_cat-fertilizantes-es","9":"product_cat-inicio","10":"product_cat-maraichage-es","11":"product_cat-microgranulador-t15","12":"product_cat-opciones","13":"product_cat-sembradora-t15-esparcidor-semillas-es","14":"product_cat-sembradora-t15-es-5","15":"product_cat-sembradora-t15-es-6","16":"product_cat-sembradora-t15-es-3","17":"product_cat-vino","19":"first","20":"instock","21":"taxable","22":"shipping-taxable","23":"purchasable","24":"product-type-variable"},"composite_virtual":false,"composite_layout":"","composite_add_to_cart_form_location":"","composite_editable_in_cart":false,"composite_sold_individually_context":"","composite_shop_price_calc":"","composite_components":[],"composite_scenarios":[],"_links":{"self":[{"href":"https:\/\/delimbe.fr\/es\/wp-json\/wp\/v2\/product\/11520","targetHints":{"allow":["GET"]}}],"collection":[{"href":"https:\/\/delimbe.fr\/es\/wp-json\/wp\/v2\/product"}],"about":[{"href":"https:\/\/delimbe.fr\/es\/wp-json\/wp\/v2\/types\/product"}],"wp:featuredmedia":[{"embeddable":true,"href":"https:\/\/delimbe.fr\/es\/wp-json\/wp\/v2\/media\/2585"}],"wp:attachment":[{"href":"https:\/\/delimbe.fr\/es\/wp-json\/wp\/v2\/media?parent=11520"}],"wp:term":[{"taxonomy":"product_brand","embeddable":true,"href":"https:\/\/delimbe.fr\/es\/wp-json\/wp\/v2\/product_brand?post=11520"},{"taxonomy":"product_cat","embeddable":true,"href":"https:\/\/delimbe.fr\/es\/wp-json\/wp\/v2\/product_cat?post=11520"},{"taxonomy":"product_tag","embeddable":true,"href":"https:\/\/delimbe.fr\/es\/wp-json\/wp\/v2\/product_tag?post=11520"}],"curies":[{"name":"wp","href":"https:\/\/api.w.org\/{rel}","templated":true}]}}