{"id":11544,"date":"2019-11-02T17:17:05","date_gmt":"2019-11-02T17:17:05","guid":{"rendered":"https:\/\/delimbe.fr\/produit\/caja-de-control-de-doble-deposito-para-t15-t18\/"},"modified":"2025-07-21T10:33:22","modified_gmt":"2025-07-21T10:33:22","slug":"caja-de-control-de-doble-deposito-para-t15-t18","status":"publish","type":"product","link":"https:\/\/delimbe.fr\/es\/produit\/caja-de-control-de-doble-deposito-para-t15-t18\/","title":{"rendered":"CAJA DE CONTROL DE DOBLE DEP\u00d3SITO PARA T15-T18"},"content":{"rendered":"","protected":false},"excerpt":{"rendered":"<ul style=\"list-style-type: disc;\">\n<li style=\"list-style-type: none;\">\n<ul style=\"list-style-type: disc;\">\n<li>Caja de control para doble dep\u00f3sito T15 y T18.<\/li>\n<li style=\"box-sizing: border-box;\">Sirve para poner en marcha el aparato y regular el caudal.<br \/>\n<br style=\"box-sizing: border-box;\" \/><\/li>\n<li style=\"box-sizing: border-box;\">La caja del dep\u00f3sito doble es de pl\u00e1stico negro y tiene 2 indicadores luminosos, 2 interruptores de siembra\/ventilaci\u00f3n y 2 potenci\u00f3metros:<br style=\"box-sizing: border-box;\" \/><br style=\"box-sizing: border-box;\" \/><\/li>\n<\/ul>\n<\/li>\n<\/ul>\n<ol style=\"box-sizing: border-box; margin-top: 0px; margin-bottom: 0px; list-style-type: undefined;\">\n<li style=\"box-sizing: border-box;\">Dos luces indicadoras verdes,<br style=\"box-sizing: border-box;\" \/><br style=\"box-sizing: border-box;\" \/><\/li>\n<li style=\"box-sizing: border-box;\">Un interruptor de encendido\/apagado para controlar el soplador,<br style=\"box-sizing: border-box;\" \/><br style=\"box-sizing: border-box;\" \/><\/li>\n<li style=\"box-sizing: border-box;\">Un interruptor de encendido\/apagado, para controlar la dispensaci\u00f3n,<br style=\"box-sizing: border-box;\" \/><br style=\"box-sizing: border-box;\" \/><\/li>\n<li style=\"box-sizing: border-box;\">Dos potenci\u00f3metros de caudal graduados de 0 a 30 para cada dosificador.<\/li>\n<\/ol>\n<ul>\n<li style=\"box-sizing: border-box;\">Arn\u00e9s de alimentaci\u00f3n incluido con la caja: La caja incluye una toma de 3 polos para alimentar el tractor con un arn\u00e9s de 1,5 m (2&#215;2,5 de cable) y una toma de 7 polos para la conexi\u00f3n al distribuidor (4&#215;2,5 de cable) con un arn\u00e9s de 6 m.<\/li>\n<\/ul>\n<div style=\"box-sizing: border-box; color: #373a3c; font-family: 'Open Sans', Roboto, 'Helvetica Neue', Arial, sans-serif; font-size: 18px;\">\n<div class=\"product-prices\" style=\"box-sizing: border-box; margin-bottom: 1.11111rem;\">\n<div class=\"product-price h5 \" style=\"box-sizing: border-box; margin-bottom: 0.5rem; font-family: inherit; font-weight: 600; line-height: 1.1; color: #333333; font-size: 1.2rem;\">\n<div class=\"current-price clearfix\" style=\"box-sizing: border-box;\"><\/div>\n<\/div>\n<\/div>\n<\/div>\n","protected":false},"featured_media":2327,"template":"","meta":[],"product_brand":[],"product_cat":[663,709,710,691,660,720,721,719,712,714,715],"product_tag":[],"class_list":{"0":"post-11544","1":"product","2":"type-product","3":"status-publish","4":"has-post-thumbnail","6":"product_cat-cubierta-vegetal-microgranulador","7":"product_cat-esparcidores-fertilizantes","8":"product_cat-localizada","9":"product_cat-parte","10":"product_cat-piezas-de-recambio","11":"product_cat-sembradora-t15-es","12":"product_cat-sembradora-t15-es-2","13":"product_cat-sembradora-t15","14":"product_cat-sembradora-t18","15":"product_cat-sembradora-t18-es","16":"product_cat-sembradora-t18-es-2","18":"first","19":"instock","20":"taxable","21":"shipping-taxable","22":"purchasable","23":"product-type-variable"},"composite_virtual":false,"composite_layout":"","composite_add_to_cart_form_location":"","composite_editable_in_cart":false,"composite_sold_individually_context":"","composite_shop_price_calc":"","composite_components":[],"composite_scenarios":[],"_links":{"self":[{"href":"https:\/\/delimbe.fr\/es\/wp-json\/wp\/v2\/product\/11544","targetHints":{"allow":["GET"]}}],"collection":[{"href":"https:\/\/delimbe.fr\/es\/wp-json\/wp\/v2\/product"}],"about":[{"href":"https:\/\/delimbe.fr\/es\/wp-json\/wp\/v2\/types\/product"}],"wp:featuredmedia":[{"embeddable":true,"href":"https:\/\/delimbe.fr\/es\/wp-json\/wp\/v2\/media\/2327"}],"wp:attachment":[{"href":"https:\/\/delimbe.fr\/es\/wp-json\/wp\/v2\/media?parent=11544"}],"wp:term":[{"taxonomy":"product_brand","embeddable":true,"href":"https:\/\/delimbe.fr\/es\/wp-json\/wp\/v2\/product_brand?post=11544"},{"taxonomy":"product_cat","embeddable":true,"href":"https:\/\/delimbe.fr\/es\/wp-json\/wp\/v2\/product_cat?post=11544"},{"taxonomy":"product_tag","embeddable":true,"href":"https:\/\/delimbe.fr\/es\/wp-json\/wp\/v2\/product_tag?post=11544"}],"curies":[{"name":"wp","href":"https:\/\/api.w.org\/{rel}","templated":true}]}}