{"id":11576,"date":"2021-05-10T15:22:34","date_gmt":"2021-05-10T15:22:34","guid":{"rendered":"https:\/\/delimbe.fr\/produit\/dpa-con-antena-gps-para-deposito-doble-con-opciones-de-desconexion-del-ascensor\/"},"modified":"2025-11-17T14:37:52","modified_gmt":"2025-11-17T14:37:52","slug":"dpa-gps-doble-tolva-con-opciones-de-corte","status":"publish","type":"product","link":"https:\/\/delimbe.fr\/es\/produit\/dpa-gps-doble-tolva-con-opciones-de-corte\/","title":{"rendered":"DPA CON ANTENA GPS PARA DOBLE TOLVA CON OPCIONES DE CORTE Y ELEVACION"},"content":{"rendered":"<p><span style=\"text-decoration: underline\"><strong>DESCRIPCI\u00d3N DE LA CAJA DPA CON ANTENA GPS PARA DOBLE TOLVA<\/strong><\/span><\/p>\n<ul style=\"list-style-type: disc\">\n<li>El DPA con antena GPS permite regular el ritmo de distribuci\u00f3n en funci\u00f3n del avance del apero de labranza (sistema DPA), de forma continua.<\/li>\n<li>Se trata de un sistema de flujo proporcional al progreso que utiliza una antena GPS magn\u00e9tica que se coloca fuera de la cabina del tractor.<\/li>\n<li>El sistema DPA, que utiliza una antena GPS, est\u00e1 equipado con una luz de control y una caja de control en la cabina que incorpora las funciones de las sembradoras DELIMBE. Dispone de interruptores para memorizar la velocidad e iniciar la siembra al final de la hilera.<\/li>\n<\/ul>\n<p>El DPA con antena GPS consta de :<\/p>\n<ul style=\"list-style-type: circle\">\n<li style=\"list-style-type: none\">\n<ul style=\"list-style-type: circle\">\n<li>Una caja de control con 2 potenci\u00f3metros de ajuste del caudal,<\/li>\n<li>Un interruptor de encendido\/apagado para controlar la dispensaci\u00f3n,<\/li>\n<li>Un interruptor de encendido\/apagado para controlar el soplador,<\/li>\n<li>Un interruptor de cebado para accionar el sistema sin moverlo hacia delante (por ejemplo, para hacer la pesada),<\/li>\n<li>Un interruptor de velocidad memorizada, para guardar un ajuste (la velocidad deseada).<\/li>\n<li>Una antena GPS magn\u00e9tica para instalar en el exterior de la cabina del tractor. El cable tiene 2,5 metros de longitud.<\/li>\n<li>Arn\u00e9s de alimentaci\u00f3n incluido con la caja: La caja incluye un enchufe de 3 pines para alimentar el tractor con un arn\u00e9s de 1,5 metros y un enchufe de 7 pines para conectarlo al aparato con un arn\u00e9s de 7 metros.<\/li>\n<li>Con la caja DPA de antena GPS se incluyen 2 interruptores de fin de carrera, tambi\u00e9n conocidos como opci\u00f3n de desconexi\u00f3n de elevaci\u00f3n. Este interruptor te permite desconectar la distribuci\u00f3n al final del campo y volver a conectarla autom\u00e1ticamente cuando devuelvas la herramienta al suelo.<\/li>\n<\/ul>\n<\/li>\n<\/ul>\n<p>&nbsp;<\/p>\n<p><span style=\"text-decoration: underline\"><strong>CONSEJOS PARA UTILIZAR EL DPA A TRAV\u00c9S DE LA ANTENA GPS<\/strong><\/span><\/p>\n<ul style=\"list-style-type: disc\">\n<li>Coloca la antena GPS fuera de la cabina del tractor. Ten cuidado con este sistema: evita zonas con \u00e1rboles, monta\u00f1as, zonas blancas donde la red sea d\u00e9bil.<\/li>\n<li>Es preferible utilizar la tabla de ajuste suministrada con el aparato para ajustar el DPA.<\/li>\n<li>El final de carrera suministrado se coloca en el elevador del tractor. El elevador debe golpear el interruptor para que el sistema funcione. El interruptor se conecta a una toma de 3 pines situada en el lateral de la unidad, en lugar de la toma de enchufe.<\/li>\n<\/ul>\n<p>&nbsp;<\/p>\n<p><span style=\"text-decoration: underline\"><strong>AJUSTE DE LA CAJA DPA CON ANTENA GPS<\/strong><\/span><\/p>\n<p>Haz el c\u00e1lculo siguiente para obtener un ajuste en kg\/hora:<\/p>\n<p><strong>Velocidad x Anchura de trabajo x Dosis por hect\u00e1rea = Kilogramos por hora.<\/strong><\/p>\n<p>El resultado obtenido te permite pesar en un minuto para obtener gramos\/minuto y comprobar el ajuste correcto de la dosis. A continuaci\u00f3n, este peso debe convertirse en kilogramos\/hora.<\/p>\n<p>Para ello, mant\u00e9n el dedo pulsado el bot\u00f3n de cebado durante un minuto. La chaveta empezar\u00e1 a girar hasta el ajuste deseado.<\/p>\n<p>Si la pesada revela una sobredosis o una infradosis, hay que cambiar el ajuste del potenci\u00f3metro y repetir la pesada.<\/p>\n<p>Una vez realizado el ajuste en el potenci\u00f3metro de la cabina, acciona los interruptores de encendido\/apagado para poner en marcha el soplador y la distribuci\u00f3n. El tractor debe circular a la velocidad de trabajo ajustada para que el DPA reciba la informaci\u00f3n de velocidad. Cuando se haya alcanzado esta velocidad de trabajo, pulsa el bot\u00f3n de velocidad memorizada. El LED verde empezar\u00e1 a parpadear. Cuando permanezca encendido y deje de parpadear, significa que el DPA est\u00e1 funcionando. Por tanto, la dosis es uniforme, sea cual sea la velocidad de avance del tractor.<\/p>\n<p>&nbsp;<\/p>\n","protected":false},"excerpt":{"rendered":"<ul style=\"list-style-type: disc\">\n<li>Caja DPA con informaci\u00f3n de velocidad mediante antena GPS.<\/li>\n<li><strong>DPA<\/strong> = Caudal proporcional al avance.<\/li>\n<li>La antena GPS debe colocarse fuera de la cabina.<\/li>\n<li>Con la caja se incluyen 2 interruptores de fin de carrera, que te permiten cortar la distribuci\u00f3n a cada tolva al final del campo.<\/li>\n<li>Compatible con nuestras sembradoras de doble tolva y microgranuladores: <strong>T15 y T18<\/strong>.<\/li>\n<li><em><strong>Referencia<\/strong> : DPAANTGPSDBE<\/em><\/li>\n<\/ul>\n<p>&nbsp;<\/p>\n<p><em><strong>(Las instrucciones de uso pueden descargarse m\u00e1s abajo, en la parte \u201cArchivos para descargar\u201d)<\/strong><\/em><\/p>\n","protected":false},"featured_media":2467,"template":"","meta":[],"product_brand":[],"product_cat":[663,702,709,710,691,660,719,720,721,715,712,714,695],"product_tag":[],"class_list":{"0":"post-11576","1":"product","2":"type-product","3":"status-publish","4":"has-post-thumbnail","6":"product_cat-cubierta-vegetal-microgranulador","7":"product_cat-dpa-con-antena-gps","8":"product_cat-esparcidores-fertilizantes","9":"product_cat-localizada","10":"product_cat-parte","11":"product_cat-piezas-de-recambio","12":"product_cat-sembradora-t15","13":"product_cat-sembradora-t15-es","14":"product_cat-sembradora-t15-es-2","15":"product_cat-sembradora-t18-es-2","16":"product_cat-sembradora-t18","17":"product_cat-sembradora-t18-es","18":"product_cat-sistema-dpa-caudal-proporcional-al-avance","19":"pa_amperagea-40a","20":"pa_conditionnement-a-la-unidad","21":"pa_fonction-puesta-en-marcha-de-la-sembradora-y-regulacion-del-caudal-proporcional-al-avance","22":"pa_modele-semillero-y-microgranulador-de-doble-deposito-tipo-t15-y-t18","23":"pa_origine-origen-preferencial-frances","24":"pa_typedeproduit-caja-de-control-con-sistema-dpa-por-antena-gps","26":"first","27":"onbackorder","28":"taxable","29":"shipping-taxable","30":"purchasable","31":"product-type-simple"},"composite_virtual":false,"composite_layout":"","composite_add_to_cart_form_location":"","composite_editable_in_cart":false,"composite_sold_individually_context":"","composite_shop_price_calc":"","composite_components":[],"composite_scenarios":[],"_links":{"self":[{"href":"https:\/\/delimbe.fr\/es\/wp-json\/wp\/v2\/product\/11576","targetHints":{"allow":["GET"]}}],"collection":[{"href":"https:\/\/delimbe.fr\/es\/wp-json\/wp\/v2\/product"}],"about":[{"href":"https:\/\/delimbe.fr\/es\/wp-json\/wp\/v2\/types\/product"}],"wp:featuredmedia":[{"embeddable":true,"href":"https:\/\/delimbe.fr\/es\/wp-json\/wp\/v2\/media\/2467"}],"wp:attachment":[{"href":"https:\/\/delimbe.fr\/es\/wp-json\/wp\/v2\/media?parent=11576"}],"wp:term":[{"taxonomy":"product_brand","embeddable":true,"href":"https:\/\/delimbe.fr\/es\/wp-json\/wp\/v2\/product_brand?post=11576"},{"taxonomy":"product_cat","embeddable":true,"href":"https:\/\/delimbe.fr\/es\/wp-json\/wp\/v2\/product_cat?post=11576"},{"taxonomy":"product_tag","embeddable":true,"href":"https:\/\/delimbe.fr\/es\/wp-json\/wp\/v2\/product_tag?post=11576"}],"curies":[{"name":"wp","href":"https:\/\/api.w.org\/{rel}","templated":true}]}}