{"id":11619,"date":"2019-08-22T10:30:37","date_gmt":"2019-08-22T10:30:37","guid":{"rendered":"https:\/\/delimbe.fr\/produit\/tambor-filtrante-de-ventilacion-t15-t18\/"},"modified":"2019-08-22T10:30:37","modified_gmt":"2019-08-22T10:30:37","slug":"tambor-filtrante-de-ventilacion-t15-t18","status":"publish","type":"product","link":"https:\/\/delimbe.fr\/es\/produit\/tambor-filtrante-de-ventilacion-t15-t18\/","title":{"rendered":"TAMBOR FILTRANTE DE VENTILACI\u00d3N T15 &#8211; T18"},"content":{"rendered":"<p><span style=\"text-decoration: underline;\"><strong>Descripci\u00f3n<\/strong><\/span> :<\/p>\n<ul style=\"list-style-type: disc;\">\n<li>Filtro de ventilaci\u00f3n para evitar la paja en la aspiraci\u00f3n de los T15 y T18.<\/li>\n<\/ul>\n","protected":false},"excerpt":{"rendered":"<p style=\"text-align: left;\">\n<ul style=\"list-style-type: disc;\">\n<li>Tambor filtrante de ventilaci\u00f3n para T15 (doble dep\u00f3sito) o T18 (hidr\u00e1ulico o doble dep\u00f3sito).<\/li>\n<\/ul>\n","protected":false},"featured_media":2241,"template":"","meta":[],"product_brand":[],"product_cat":[663,709,710,691,660,694,719,720,721,712,714,715],"product_tag":[],"class_list":{"0":"post-11619","1":"product","2":"type-product","3":"status-publish","4":"has-post-thumbnail","6":"product_cat-cubierta-vegetal-microgranulador","7":"product_cat-esparcidores-fertilizantes","8":"product_cat-localizada","9":"product_cat-parte","10":"product_cat-piezas-de-recambio","11":"product_cat-recambios","12":"product_cat-sembradora-t15","13":"product_cat-sembradora-t15-es","14":"product_cat-sembradora-t15-es-2","15":"product_cat-sembradora-t18","16":"product_cat-sembradora-t18-es","17":"product_cat-sembradora-t18-es-2","19":"first","20":"onbackorder","21":"taxable","22":"shipping-taxable","23":"purchasable","24":"product-type-simple"},"composite_virtual":false,"composite_layout":"","composite_add_to_cart_form_location":"","composite_editable_in_cart":false,"composite_sold_individually_context":"","composite_shop_price_calc":"","composite_components":[],"composite_scenarios":[],"_links":{"self":[{"href":"https:\/\/delimbe.fr\/es\/wp-json\/wp\/v2\/product\/11619","targetHints":{"allow":["GET"]}}],"collection":[{"href":"https:\/\/delimbe.fr\/es\/wp-json\/wp\/v2\/product"}],"about":[{"href":"https:\/\/delimbe.fr\/es\/wp-json\/wp\/v2\/types\/product"}],"wp:featuredmedia":[{"embeddable":true,"href":"https:\/\/delimbe.fr\/es\/wp-json\/wp\/v2\/media\/2241"}],"wp:attachment":[{"href":"https:\/\/delimbe.fr\/es\/wp-json\/wp\/v2\/media?parent=11619"}],"wp:term":[{"taxonomy":"product_brand","embeddable":true,"href":"https:\/\/delimbe.fr\/es\/wp-json\/wp\/v2\/product_brand?post=11619"},{"taxonomy":"product_cat","embeddable":true,"href":"https:\/\/delimbe.fr\/es\/wp-json\/wp\/v2\/product_cat?post=11619"},{"taxonomy":"product_tag","embeddable":true,"href":"https:\/\/delimbe.fr\/es\/wp-json\/wp\/v2\/product_tag?post=11619"}],"curies":[{"name":"wp","href":"https:\/\/api.w.org\/{rel}","templated":true}]}}