{"id":11631,"date":"2019-08-22T10:30:22","date_gmt":"2019-08-22T10:30:22","guid":{"rendered":"https:\/\/delimbe.fr\/produit\/t28-120l\/"},"modified":"2025-12-10T13:53:40","modified_gmt":"2025-12-10T13:53:40","slug":"t28-120l-esparcidor-antibabosas-quad-tractores","status":"publish","type":"product","link":"https:\/\/delimbe.fr\/es\/produit\/t28-120l-esparcidor-antibabosas-quad-tractores\/","title":{"rendered":"ANTI BABOSAS T28 &#8211; 120L"},"content":{"rendered":"<h4 style=\"text-align: center\"><strong><span style=\"text-decoration: underline;color: #000000\">DELIMBE T28 120L<\/span><br \/>\n<span style=\"color: #000000\">&#8211; ESPARCIDOR CENTR\u00cdFUGO ANTIBABOSAS &#8211;<\/span><\/strong><\/h4>\n<p>&nbsp;<\/p>\n<div style=\"width: 800px;\" class=\"wp-video\"><video class=\"wp-video-shortcode\" id=\"video-11631-1\" width=\"800\" height=\"450\" preload=\"metadata\" controls=\"controls\"><source type=\"video\/mp4\" src=\"https:\/\/delimbe.fr\/wp-content\/uploads\/2025\/09\/EPANDEUR-ANTI-LIMACE-T24.T28.mp4?_=1\" \/><a href=\"https:\/\/delimbe.fr\/wp-content\/uploads\/2025\/09\/EPANDEUR-ANTI-LIMACE-T24.T28.mp4\">https:\/\/delimbe.fr\/wp-content\/uploads\/2025\/09\/EPANDEUR-ANTI-LIMACE-T24.T28.mp4<\/a><\/video><\/div>\n<h4><\/h4>\n<h4 style=\"text-align: center\"><strong>El T28 es un distribuidor de gr\u00e1nulos anti-babosas\/caracoles y semillas peque\u00f1as con una anchura de trabajo de 28 metros<\/strong><strong>.<\/strong><strong> Est\u00e1 disponible en dos versiones (70 y 120 litros). Es un m\u00e1quina vers\u00e1til. Es adecuado para quads y tractores, o cualquier otras herramientas montadas en la parte delantera o trasera.<\/strong><\/h4>\n<p>&nbsp;<\/p>\n<h5><span style=\"text-decoration: underline\"><strong>DESCRIPCI\u00d3N DEL DISTRIBUIDOR DE GR\u00c1NULOS DE BABOSAS\/CARACOLES<\/strong><\/span><\/h5>\n<ul style=\"list-style-type: disc\">\n<li>Armaz\u00f3n met\u00e1lico (pintura epoxi), tolva de polietileno de <strong>120 litros de capacidad.<\/strong><\/li>\n<li>Un motor el\u00e9ctrico de <strong>12 voltios<\/strong> para hacer girar la placa separadora y un kit de gato el\u00e9ctrico para abrir y cerrar la escotilla.<\/li>\n<li><strong>Anchura efectiva de 28 metros con solapamiento de hasta 30\/31 metros<\/strong> (con control de babosas de alta densidad).<\/li>\n<li>Ajuste f\u00e1cil y preciso con una escala de 0 a 35. <strong>Caudal de 0 a 445 kg\/hora.<\/strong><\/li>\n<li>La trampilla se abre y se cierra el\u00e9ctricamente.<\/li>\n<li>Joystick para ajustar la densidad de proyecci\u00f3n. Proyecci\u00f3n sobre la marcha.<\/li>\n<li><strong>Se acopla directamente al portaequipajes del quad.<\/strong><\/li>\n<li>Los esparcidores de babosas tambi\u00e9n <strong>pueden acoplarse a tractores, pulverizadores y otras herramientas delanteras y traseras.<\/strong><\/li>\n<li>La T28 tambi\u00e9n puede esparcir semillas peque\u00f1as, como colza, tr\u00e9bol, alfalfa y mostaza, de 4 a 18 metros, y semillas tipo prado de 4 a 6 metros (con dispositivo para ray-grass), a diferentes velocidades (consulta las tablas de ajuste). Los gr\u00e1nulos antibabosas pueden ajustarse de 2,5 a 28 metros y el ray-grass de 1,5 a 6 metros mediante el cuadro de ajuste de anchura.<\/li>\n<li>La caja de control est\u00e1ndar o de ajuste de anchura dispone de un <strong>cable de 1,50 m con un enchufe de 3 pines para la alimentaci\u00f3n y un cable de 4,50 m para el enchufe de 7 pines conectado al distribuidor.<\/strong><\/li>\n<li>La tolva de 70 litros puede contener aproximadamente <strong>50\/60 kg de producto<\/strong>, dependiendo del tama\u00f1o del producto utilizado.<\/li>\n<li>Tolva original de color verde. Tambi\u00e9n disponible en blanco transl\u00facido bajo pedido y sin coste adicional.<\/li>\n<li>El anti-babosas DELIMBE tiene una excelente relaci\u00f3n calidad-precio.<\/li>\n<li>Para atravesar la hierba con este granulado antibabosas, elige el <strong><a class=\"btn btn-default\" href=\"https:\/\/delimbe.fr\/es\/produit\/t28-esparcidor-antibabosas-raigras-quad-tractores\/\">T28 SPECIAL RAY-GRASS 120 LITROS<\/a>.<\/strong><\/li>\n<\/ul>\n<p>&nbsp;<\/p>\n<h5><span style=\"text-decoration: underline\"><strong>OPCIONES DE LA SEMBRADORA DE GRANULADO ANTIBABOSAS<\/strong><\/span><\/h5>\n<ul style=\"list-style-type: disc\">\n<li><strong>Caja est\u00e1ndar<\/strong> con dos interruptores, uno para abrir y cerrar la trampilla y un segundo interruptor de encendido\/apagado con un LED rojo.Caja est\u00e1ndar equipada con dos interruptores, uno para abrir y cerrar la trampilla y otro para poner en marcha o detener la bandeja. Una luz roja se enciende cuando la bandeja est\u00e1 girando.<\/li>\n<li><strong>Caja de control de ajuste de anchura<\/strong> equipada con dos interruptores con un potenci\u00f3metro graduado de 0 a 30 que permite ajustar la anchura de 4 a 28 metros.<\/li>\n<li><strong>Un enganche de 3 puntos<\/strong> en el elevador del tractor (compatible con la parte delantera y trasera).<\/li>\n<li><strong>Un enganche autoportante de bola<\/strong> para bola de enganche, dise\u00f1ado para fijarse a la bola de un coche, quad, tractor o veh\u00edculo agr\u00edcola. Instalaci\u00f3n r\u00e1pida.<\/li>\n<li><strong>Una base pretaladrada<\/strong> para soldar a una herramienta. La base est\u00e1 dise\u00f1ada para facilitar la instalaci\u00f3n de la m\u00e1quina en otras herramientas de trabajo.<\/li>\n<\/ul>\n","protected":false},"excerpt":{"rendered":"<ul style=\"list-style-type: disc\">\n<li><strong>Distribuidor de anti-babosas (o caracoles) y semillas peque\u00f1as.<\/strong><\/li>\n<li>Esparcidor <strong>centr\u00edfugo<\/strong> con pulverizaci\u00f3n al voleo.<\/li>\n<li>Capacidad <strong>120 litros<\/strong>. Anchura efectiva <strong>28 metros.<\/strong><\/li>\n<li>F\u00e1cil ajuste con escala de 0 a 35 y <strong>caudal de 0 a 445 kg\/hora.<\/strong><\/li>\n<li>Apertura y cierre el\u00e9ctricos, palanca de orientaci\u00f3n de proyecci\u00f3n.<\/li>\n<li>Ten en cuenta que tendr\u00e1s que a\u00f1adir una caja de control (caja est\u00e1ndar o ajuste de anchura).<\/li>\n<li><em><strong>Referencia<\/strong> : T28120L<\/em><\/li>\n<\/ul>\n<p>&nbsp;<\/p>\n<p><strong><em>(Las instrucciones de uso pueden descargarse m\u00e1s abajo, en la parte \u201cArchivos para descargar\u201d)<\/em><\/strong><\/p>\n","protected":false},"featured_media":2211,"template":"","meta":[],"product_brand":[],"product_cat":[781,825,782,794,692],"product_tag":[],"class_list":{"0":"post-11631","1":"product","2":"type-product","3":"status-publish","4":"has-post-thumbnail","6":"product_cat-anti-limaces-es","7":"product_cat-anti-babosas-t28","8":"product_cat-destaca","9":"product_cat-maquina","10":"product_cat-opciones","11":"pa_amperagea-caja-de-regulacion-40a","12":"pa_capacite-70-o-120-litres","13":"pa_compositions-tolva-de-polietileno-bastidor-de-acero-con-pintura-epoxi-negra","14":"pa_conditionnement-paleta","15":"pa_couleur-tolva-verde-o-blanca","16":"pa_fonction-esparcidor-anti-babosas-caracoles-polivalente","17":"pa_nomenclature-84323100-es","18":"pa_origine-origen-preferencial-frances","19":"pa_puissance-motor-de-trampilla-12-v-140-w-16-a-motor-de-bandeja-12-v-35-w-3-a","20":"pa_typedeproduit-esparcidor-antibabosas-caracoles-y-semillas-pequenas","21":"pa_voltagev-12-voltios","23":"first","24":"instock","25":"taxable","26":"shipping-taxable","27":"purchasable","28":"product-type-simple"},"composite_virtual":false,"composite_layout":"","composite_add_to_cart_form_location":"","composite_editable_in_cart":false,"composite_sold_individually_context":"","composite_shop_price_calc":"","composite_components":[],"composite_scenarios":[],"_links":{"self":[{"href":"https:\/\/delimbe.fr\/es\/wp-json\/wp\/v2\/product\/11631","targetHints":{"allow":["GET"]}}],"collection":[{"href":"https:\/\/delimbe.fr\/es\/wp-json\/wp\/v2\/product"}],"about":[{"href":"https:\/\/delimbe.fr\/es\/wp-json\/wp\/v2\/types\/product"}],"wp:featuredmedia":[{"embeddable":true,"href":"https:\/\/delimbe.fr\/es\/wp-json\/wp\/v2\/media\/2211"}],"wp:attachment":[{"href":"https:\/\/delimbe.fr\/es\/wp-json\/wp\/v2\/media?parent=11631"}],"wp:term":[{"taxonomy":"product_brand","embeddable":true,"href":"https:\/\/delimbe.fr\/es\/wp-json\/wp\/v2\/product_brand?post=11631"},{"taxonomy":"product_cat","embeddable":true,"href":"https:\/\/delimbe.fr\/es\/wp-json\/wp\/v2\/product_cat?post=11631"},{"taxonomy":"product_tag","embeddable":true,"href":"https:\/\/delimbe.fr\/es\/wp-json\/wp\/v2\/product_tag?post=11631"}],"curies":[{"name":"wp","href":"https:\/\/api.w.org\/{rel}","templated":true}]}}