{"id":11642,"date":"2019-08-22T10:24:12","date_gmt":"2019-08-22T10:24:12","guid":{"rendered":"https:\/\/delimbe.fr\/produit\/toma-de-alimentacion-de-3-polos\/"},"modified":"2019-08-22T10:24:12","modified_gmt":"2019-08-22T10:24:12","slug":"toma-de-alimentacion-de-3-polos","status":"publish","type":"product","link":"https:\/\/delimbe.fr\/es\/produit\/toma-de-alimentacion-de-3-polos\/","title":{"rendered":"TOMA DE ALIMENTACI\u00d3N DE 3 POLOS"},"content":{"rendered":"<p><span style=\"text-decoration: underline;\"><strong>Descripci\u00f3n<\/strong><\/span> :<\/p>\n<ul style=\"list-style-type: disc;\">\n<li>Toma hembra de pl\u00e1stico negro de 3 polos s\u00f3lo para conectar a la toma de alimentaci\u00f3n macho de 3 polos.\n<\/li>\n<\/ul>\n<p><span style=\"text-decoration: underline;\"><strong>Opci\u00f3n<\/strong><\/span> :<\/p>\n<ul style=\"list-style-type: disc;\">\n<li>Toma de corriente macho de 3 clavijas.<\/li>\n<\/ul>\n","protected":false},"excerpt":{"rendered":"<p style=\"text-align: center;\"><span style=\"text-decoration: underline;\"><strong>TOMA HEMBRA DE 3 POLOS<\/strong><\/span><\/p>\n<\/p>\n<p><span style=\"text-decoration: underline;\"><strong>Referencia SOCLFEM3B<\/strong><\/span><\/p>\n<ul style=\"list-style-type: disc;\">\n<li>Toma de corriente hembra de 3 clavijas.<\/li>\n<\/ul>\n","protected":false},"featured_media":1991,"template":"","meta":[],"product_brand":[],"product_cat":[663,709,710,691,660,721,719,720,715,712,714,711,716,713],"product_tag":[],"class_list":{"0":"post-11642","1":"product","2":"type-product","3":"status-publish","4":"has-post-thumbnail","6":"product_cat-cubierta-vegetal-microgranulador","7":"product_cat-esparcidores-fertilizantes","8":"product_cat-localizada","9":"product_cat-parte","10":"product_cat-piezas-de-recambio","11":"product_cat-sembradora-t15-es-2","12":"product_cat-sembradora-t15","13":"product_cat-sembradora-t15-es","14":"product_cat-sembradora-t18-es-2","15":"product_cat-sembradora-t18","16":"product_cat-sembradora-t18-es","17":"product_cat-sembradora-t20-es","18":"product_cat-sembradora-t20-es-3","19":"product_cat-sembradora-t20-es-2","21":"first","22":"onbackorder","23":"taxable","24":"shipping-taxable","25":"purchasable","26":"product-type-simple"},"composite_virtual":false,"composite_layout":"","composite_add_to_cart_form_location":"","composite_editable_in_cart":false,"composite_sold_individually_context":"","composite_shop_price_calc":"","composite_components":[],"composite_scenarios":[],"_links":{"self":[{"href":"https:\/\/delimbe.fr\/es\/wp-json\/wp\/v2\/product\/11642","targetHints":{"allow":["GET"]}}],"collection":[{"href":"https:\/\/delimbe.fr\/es\/wp-json\/wp\/v2\/product"}],"about":[{"href":"https:\/\/delimbe.fr\/es\/wp-json\/wp\/v2\/types\/product"}],"wp:featuredmedia":[{"embeddable":true,"href":"https:\/\/delimbe.fr\/es\/wp-json\/wp\/v2\/media\/1991"}],"wp:attachment":[{"href":"https:\/\/delimbe.fr\/es\/wp-json\/wp\/v2\/media?parent=11642"}],"wp:term":[{"taxonomy":"product_brand","embeddable":true,"href":"https:\/\/delimbe.fr\/es\/wp-json\/wp\/v2\/product_brand?post=11642"},{"taxonomy":"product_cat","embeddable":true,"href":"https:\/\/delimbe.fr\/es\/wp-json\/wp\/v2\/product_cat?post=11642"},{"taxonomy":"product_tag","embeddable":true,"href":"https:\/\/delimbe.fr\/es\/wp-json\/wp\/v2\/product_tag?post=11642"}],"curies":[{"name":"wp","href":"https:\/\/api.w.org\/{rel}","templated":true}]}}