{"id":11647,"date":"2019-08-22T10:30:19","date_gmt":"2019-08-22T10:30:19","guid":{"rendered":"https:\/\/delimbe.fr\/produit\/t24-70l\/"},"modified":"2025-12-10T14:13:22","modified_gmt":"2025-12-10T14:13:22","slug":"esparcidor-anti-babosas-caracoles-t24-70l","status":"publish","type":"product","link":"https:\/\/delimbe.fr\/es\/produit\/esparcidor-anti-babosas-caracoles-t24-70l\/","title":{"rendered":"ANTIBABOSAS T24 &#8211; 70L"},"content":{"rendered":"<h4 style=\"text-align: center\"><strong><span style=\"text-decoration: underline;color: #000000\">DELIMBE T24 70 LITROS<\/span><br \/>\n&#8211; ESPARCIDOR ANTIBABOSAS Y CARACOLES 70L &#8211;<\/strong><\/h4>\n<p>&nbsp;<\/p>\n<h4 style=\"text-align: center\"><strong><video poster=\"https:\/\/delimbe.fr\/wp-content\/uploads\/2019\/08\/2110-T24-70L.jpg\" controls=\"controls\" width=\"700\" height=\"400\"> <span data-mce-type=\"bookmark\" style=\"width: 0px;overflow: hidden;line-height: 0\" class=\"mce_SELRES_start\">\ufeff<\/span><span data-mce-type=\"bookmark\" style=\"width: 0px;overflow: hidden;line-height: 0\" class=\"mce_SELRES_end\">\ufeff<\/span> <\/video><\/strong><\/h4>\n<p>&nbsp;<\/p>\n<h4 style=\"text-align: center\"><strong>El T24 es un granulador de babosas y distribuidor de semillas peque\u00f1as con una anchura de trabajo de 24 metros. Es una m\u00e1quina vers\u00e1til. Se puede utilizar con quads y tractores, o con cualquier otro implemento delantero o trasero. <\/strong><\/h4>\n<p>&nbsp;<\/p>\n<h5><span style=\"text-decoration: underline\"><strong>DESCRIPCI\u00d3N DEL ESPARCIDOR ANTIBABOSAS Y CARACOLES<\/strong><\/span><\/h5>\n<ul style=\"list-style-type: disc\">\n<li>Armaz\u00f3n met\u00e1lico (pintura epoxi), tolva de polietileno de <strong>70 litros de capacidad<\/strong>.<\/li>\n<li>Dos motores el\u00e9ctricos de 12 voltios: uno para hacer girar la placa separadora y el segundo un motor actuador para abrir y cerrar la trampilla el\u00e9ctrica.<\/li>\n<li><strong>Anchura de trabajo de 24 m con solapamiento de 28 m<\/strong>. Pulverizaci\u00f3n al voleo.<\/li>\n<li>Ajuste f\u00e1cil y preciso con una escala de 0 a 35. <strong>Caudal de 0 a 445 kg\/hora.<\/strong><\/li>\n<li>Apertura y cierre el\u00e9ctricos de la trampilla. Palanca de ajuste de la densidad de proyecci\u00f3n.<\/li>\n<li><strong>Se acopla directamente al portaequipajes del quad.<\/strong><\/li>\n<li>Los esparcidores de babosas <strong>tambi\u00e9n pueden acoplarse a tractores, pulverizadores y otros aperos<\/strong> delanteros y traseros.<\/li>\n<li>Para utilizar este granulado antibabosas en c\u00e9sped o ray-grass, elige <strong><a class=\"btn btn-default\" href=\"https:\/\/delimbe.fr\/?attachment_id=905\">T24 ESPECIAL RAY-GRASS 70 LITROS<\/a>.<\/strong><\/li>\n<li><strong>La T24 tambi\u00e9n puede esparcir semillas peque\u00f1as<\/strong> como colza, tr\u00e9bol, alfalfa y mostaza de 4 a 18 metros y semillas tipo prado de 4 a 6 metros (con dispositivo para ray-grass), a diferentes velocidades (ver tablas de ajuste). Los gr\u00e1nulos antibabosas pueden ajustarse de 2,5 a 24 metros y el ray-grass de 1,5 a 6 metros mediante el cuadro de ajuste de anchura.<\/li>\n<li>La caja de control est\u00e1ndar o de ajuste de anchura dispone de un cable de 1,50 m con un enchufe de 3 pines para la alimentaci\u00f3n y un cable de 4,50 m para el enchufe de 7 pines conectado al distribuidor.<\/li>\n<li>La tolva de 70 litros puede contener aproximadamente 50\/60 kg de producto, dependiendo del tama\u00f1o del producto utilizado.<\/li>\n<li>Tolva original de color verde. Tambi\u00e9n disponible en blanco transl\u00facido bajo pedido y sin coste adicional.<\/li>\n<li>Si quieres una tolva de mayor capacidad, elige el <a title=\"T28 120 LITROS\" href=\"https:\/\/delimbe.fr\/es\/produit\/t28-120l-esparcidor-antibabosas-quad-tractores\/\" target=\"_blank\" rel=\"noopener\"><strong>T28 DE 120 LITROS.<\/strong><\/a><\/li>\n<li>El anti-babosas DELIMBE tiene una excelente relaci\u00f3n calidad-precio.<\/li>\n<\/ul>\n<p>&nbsp;<\/p>\n<h5><span style=\"text-decoration: underline\"><strong>OPCIONES DEL ESPARCIDOR DE BABOSAS<\/strong><\/span><\/h5>\n<ul style=\"list-style-type: disc\">\n<li><strong>Caja est\u00e1ndar<\/strong> con dos interruptores, uno para abrir y cerrar la trampilla y un segundo interruptor de encendido\/apagado con un LED rojo.<\/li>\n<li><strong>Caja de control de ajuste de anchura<\/strong> con dos interruptores y un potenci\u00f3metro con una escala de 0 a 30 para ajustar la anchura de 2 a 24 metros.<\/li>\n<li><strong>Un enganche de 3 puntos<\/strong> en el enganche del tractor (compatible delantero y trasero). O <strong>un enganche de bola<\/strong> para quads, tractores o veh\u00edculos agr\u00edcolas. Instalaci\u00f3n r\u00e1pida y f\u00e1cil para los dos tipos de enganche.<\/li>\n<li><strong>Una base pretaladrada<\/strong> para soldar a una herramienta. La base est\u00e1 dise\u00f1ada para facilitar la instalaci\u00f3n de la m\u00e1quina en otras herramientas de trabajo.<\/li>\n<\/ul>\n","protected":false},"excerpt":{"rendered":"<ul style=\"list-style-type: disc\">\n<li><strong>Esparcidor anti-babosas\/ caracoles y semillas peque\u00f1as.<\/strong><\/li>\n<li>Esparcidor <strong>centr\u00edfugo<\/strong> con pulverizaci\u00f3n al voleo.<\/li>\n<li>Capacidad <strong>de 70 litros<\/strong>. Anchura de trabajo <strong>de 24 metros<\/strong> (solapamiento de 28 metros).<\/li>\n<li>F\u00e1cil ajuste con escala de 0 a 35 y caudal de 0 a 445 kg\/hora.<\/li>\n<li>Apertura y cierre el\u00e9ctricos, palanca de orientaci\u00f3n de proyecci\u00f3n.<\/li>\n<li>Ten en cuenta que tendr\u00e1s que a\u00f1adir una caja de control (caja est\u00e1ndar o ajuste de anchura).<\/li>\n<li><em><strong>Referencia <\/strong>: T24 &#8211; 70L<\/em><\/li>\n<\/ul>\n<p>&nbsp;<\/p>\n<p><strong><i>(Manual de instrucciones descargable m\u00e1s abajo, en la secci\u00f3n \u00abArchivos para descargar\u00bb)<\/i><\/strong><\/p>\n","protected":false},"featured_media":2199,"template":"","meta":[],"product_brand":[],"product_cat":[781,783,782,794,692],"product_tag":[],"class_list":{"0":"post-11647","1":"product","2":"type-product","3":"status-publish","4":"has-post-thumbnail","6":"product_cat-anti-limaces-es","7":"product_cat-anti-babosas-t24","8":"product_cat-destaca","9":"product_cat-maquina","10":"product_cat-opciones","11":"pa_amperagea-caja-de-regulacion-40a","12":"pa_capacite-70-litros","13":"pa_compositions-tolva-de-polietileno-bastidor-de-acero-con-pintura-epoxi-negra","14":"pa_conditionnement-paleta","15":"pa_couleur-tolva-verde-o-blanca","16":"pa_debit-de-0-a-445-kg-h","17":"pa_fonction-esparcidor-anti-babosas-caracoles-polivalente","18":"pa_largeurdetravail-aucune-description24-metros-con-caja-estandar-y-de-4-a-24-metros-con-caja-ajustable","19":"pa_modele-distribuidor-antibabosas-tipo-t24-t28","20":"pa_nomenclature-84323100-es","21":"pa_origine-fabricacion-francesa","22":"pa_puissance-motor-de-trampilla-12-v-140-w-16-a-motor-de-bandeja-12-v-35-w-3-a","23":"pa_typedeproduit-esparcidor-antibabosas-caracoles-y-semillas-pequenas","24":"pa_voltagev-12-voltios","26":"first","27":"instock","28":"taxable","29":"shipping-taxable","30":"purchasable","31":"product-type-simple"},"composite_virtual":false,"composite_layout":"","composite_add_to_cart_form_location":"","composite_editable_in_cart":false,"composite_sold_individually_context":"","composite_shop_price_calc":"","composite_components":[],"composite_scenarios":[],"_links":{"self":[{"href":"https:\/\/delimbe.fr\/es\/wp-json\/wp\/v2\/product\/11647","targetHints":{"allow":["GET"]}}],"collection":[{"href":"https:\/\/delimbe.fr\/es\/wp-json\/wp\/v2\/product"}],"about":[{"href":"https:\/\/delimbe.fr\/es\/wp-json\/wp\/v2\/types\/product"}],"wp:featuredmedia":[{"embeddable":true,"href":"https:\/\/delimbe.fr\/es\/wp-json\/wp\/v2\/media\/2199"}],"wp:attachment":[{"href":"https:\/\/delimbe.fr\/es\/wp-json\/wp\/v2\/media?parent=11647"}],"wp:term":[{"taxonomy":"product_brand","embeddable":true,"href":"https:\/\/delimbe.fr\/es\/wp-json\/wp\/v2\/product_brand?post=11647"},{"taxonomy":"product_cat","embeddable":true,"href":"https:\/\/delimbe.fr\/es\/wp-json\/wp\/v2\/product_cat?post=11647"},{"taxonomy":"product_tag","embeddable":true,"href":"https:\/\/delimbe.fr\/es\/wp-json\/wp\/v2\/product_tag?post=11647"}],"curies":[{"name":"wp","href":"https:\/\/api.w.org\/{rel}","templated":true}]}}