{"id":11673,"date":"2019-08-22T10:23:35","date_gmt":"2019-08-22T10:23:35","guid":{"rendered":"https:\/\/delimbe.fr\/produit\/fertilizadora-de-viga-70l\/"},"modified":"2019-08-22T10:23:35","modified_gmt":"2019-08-22T10:23:35","slug":"fertilizadora-de-viga-70l","status":"publish","type":"product","link":"https:\/\/delimbe.fr\/es\/produit\/fertilizadora-de-viga-70l\/","title":{"rendered":"FERTILIZADORA DE VIGA 70L"},"content":{"rendered":"<p><span style=\"text-decoration: underline;\"><strong>Descripci\u00f3n<\/strong><\/span> :<\/p>\n<div class=\"rte\">\n<div id=\"idTab1\" class=\"rte\">\n<ul style=\"list-style-type: disc;\">\n<li>Pieza rectangular plegada de acero inoxidable.\n<\/li>\n<li>Largo 295mm x Ancho 140mm con taladro de 50mm de di\u00e1metro y 6 tornillos de fijaci\u00f3n para dep\u00f3sito de pl\u00e1stico de 70L.<\/li>\n<\/ul><\/div>\n<\/p><\/div>\n","protected":false},"excerpt":{"rendered":"<h4 style=\"text-align: center;\"><span style=\"text-decoration: underline;\"><strong>BEAKER 70L<\/strong><\/span><\/h4>\n<p><span style=\"text-decoration: underline;\"><strong>N\u00famero de cat\u00e1logo POUTRENG70<\/strong><\/span><\/p>\n<ul style=\"list-style-type: disc;\">\n<li>Viga para v\u00e1lvula reguladora de caudal para fertilizadora de 70 L.<\/li>\n<\/ul>\n","protected":false},"featured_media":1921,"template":"","meta":[],"product_brand":[],"product_cat":[728,709,691,660],"product_tag":[],"class_list":{"0":"post-11673","1":"product","2":"type-product","3":"status-publish","4":"has-post-thumbnail","6":"product_cat-abonadora-70l","7":"product_cat-esparcidores-fertilizantes","8":"product_cat-parte","9":"product_cat-piezas-de-recambio","11":"first","12":"onbackorder","13":"taxable","14":"shipping-taxable","15":"purchasable","16":"product-type-simple"},"composite_virtual":false,"composite_layout":"","composite_add_to_cart_form_location":"","composite_editable_in_cart":false,"composite_sold_individually_context":"","composite_shop_price_calc":"","composite_components":[],"composite_scenarios":[],"_links":{"self":[{"href":"https:\/\/delimbe.fr\/es\/wp-json\/wp\/v2\/product\/11673","targetHints":{"allow":["GET"]}}],"collection":[{"href":"https:\/\/delimbe.fr\/es\/wp-json\/wp\/v2\/product"}],"about":[{"href":"https:\/\/delimbe.fr\/es\/wp-json\/wp\/v2\/types\/product"}],"wp:featuredmedia":[{"embeddable":true,"href":"https:\/\/delimbe.fr\/es\/wp-json\/wp\/v2\/media\/1921"}],"wp:attachment":[{"href":"https:\/\/delimbe.fr\/es\/wp-json\/wp\/v2\/media?parent=11673"}],"wp:term":[{"taxonomy":"product_brand","embeddable":true,"href":"https:\/\/delimbe.fr\/es\/wp-json\/wp\/v2\/product_brand?post=11673"},{"taxonomy":"product_cat","embeddable":true,"href":"https:\/\/delimbe.fr\/es\/wp-json\/wp\/v2\/product_cat?post=11673"},{"taxonomy":"product_tag","embeddable":true,"href":"https:\/\/delimbe.fr\/es\/wp-json\/wp\/v2\/product_tag?post=11673"}],"curies":[{"name":"wp","href":"https:\/\/api.w.org\/{rel}","templated":true}]}}