{"id":11675,"date":"2019-08-22T10:23:39","date_gmt":"2019-08-22T10:23:39","guid":{"rendered":"https:\/\/delimbe.fr\/produit\/viga-t28-rastrojadora-especial\/"},"modified":"2019-08-22T10:23:39","modified_gmt":"2019-08-22T10:23:39","slug":"viga-t28-rastrojadora-especial","status":"publish","type":"product","link":"https:\/\/delimbe.fr\/es\/produit\/viga-t28-rastrojadora-especial\/","title":{"rendered":"VIGA T28 &#8211; RASTROJADORA ESPECIAL"},"content":{"rendered":"<p><span style=\"text-decoration: underline;\"><strong>Descripci\u00f3n<\/strong><\/span><strong><\/strong>:<\/p>\n<ul style=\"list-style-type: disc;\">\n<li>Pieza rectangular de acero con acabado de pintura epoxi negra.\n<\/li>\n<li>Largo 325 mm x ancho 140 mm con taladro de 35 mm de di\u00e1metro.\n<\/li>\n<li>6 tornillos de fijaci\u00f3n para dep\u00f3sito de pl\u00e1stico de 120L.<\/li>\n<\/ul>\n","protected":false},"excerpt":{"rendered":"<h3 style=\"text-align: center;\"><\/h3>\n<ul style=\"list-style-type: disc;\">\n<li>Viga para pomo de regulaci\u00f3n de caudal para distribuidor centr\u00edfugo T28 o Cultivador de rastrojos especial.<\/li>\n<\/ul>\n","protected":false},"featured_media":1925,"template":"","meta":[],"product_brand":[],"product_cat":[698,663,700,731,691,660],"product_tag":[],"class_list":{"0":"post-11675","1":"product","2":"type-product","3":"status-publish","4":"has-post-thumbnail","6":"product_cat-antibabosas-t28","7":"product_cat-cubierta-vegetal-microgranulador","8":"product_cat-esparcidor-t28","9":"product_cat-especial-cultivador","10":"product_cat-parte","11":"product_cat-piezas-de-recambio","13":"first","14":"onbackorder","15":"taxable","16":"shipping-taxable","17":"purchasable","18":"product-type-simple"},"composite_virtual":false,"composite_layout":"","composite_add_to_cart_form_location":"","composite_editable_in_cart":false,"composite_sold_individually_context":"","composite_shop_price_calc":"","composite_components":[],"composite_scenarios":[],"_links":{"self":[{"href":"https:\/\/delimbe.fr\/es\/wp-json\/wp\/v2\/product\/11675","targetHints":{"allow":["GET"]}}],"collection":[{"href":"https:\/\/delimbe.fr\/es\/wp-json\/wp\/v2\/product"}],"about":[{"href":"https:\/\/delimbe.fr\/es\/wp-json\/wp\/v2\/types\/product"}],"wp:featuredmedia":[{"embeddable":true,"href":"https:\/\/delimbe.fr\/es\/wp-json\/wp\/v2\/media\/1925"}],"wp:attachment":[{"href":"https:\/\/delimbe.fr\/es\/wp-json\/wp\/v2\/media?parent=11675"}],"wp:term":[{"taxonomy":"product_brand","embeddable":true,"href":"https:\/\/delimbe.fr\/es\/wp-json\/wp\/v2\/product_brand?post=11675"},{"taxonomy":"product_cat","embeddable":true,"href":"https:\/\/delimbe.fr\/es\/wp-json\/wp\/v2\/product_cat?post=11675"},{"taxonomy":"product_tag","embeddable":true,"href":"https:\/\/delimbe.fr\/es\/wp-json\/wp\/v2\/product_tag?post=11675"}],"curies":[{"name":"wp","href":"https:\/\/api.w.org\/{rel}","templated":true}]}}