{"id":11686,"date":"2019-08-22T10:23:51","date_gmt":"2019-08-22T10:23:51","guid":{"rendered":"https:\/\/delimbe.fr\/produit\/extension-de-manguera-de-4-metros-cable-4x25\/"},"modified":"2019-08-22T10:23:51","modified_gmt":"2019-08-22T10:23:51","slug":"extension-de-manguera-de-4-metros-cable-4x25","status":"publish","type":"product","link":"https:\/\/delimbe.fr\/es\/produit\/extension-de-manguera-de-4-metros-cable-4x25\/","title":{"rendered":"EXTENSI\u00d3N DE MANGUERA DE 4 METROS (CABLE 4&#215;2,5)"},"content":{"rendered":"","protected":false},"excerpt":{"rendered":"<p style=\"text-align: center;\">\n<ul style=\"list-style-type: disc;\">\n<li>Extensi\u00f3n del arn\u00e9s el\u00e9ctrico para la caja de control DELIMBE\n<\/li>\n<li>Longitud: 4 metros (cable 4&#215;2,5)\n<\/li>\n<li>Extiende el arn\u00e9s hasta la toma de 7 polos (para conectarlo al aparato).\n<\/li>\n<li>Compatible con nuestros distribuidores :\n<\/li>\n<\/ul>\n<ol>\n<li>Antibabosas T4\/T5 y T24\/T28,\n<\/li>\n<li>Cultivador de rastrojos especial,\n<\/li>\n<li>Perforadora de fertilizantes,\n<\/li>\n<li>T15 dep\u00f3sito simple y doble,\n<\/li>\n<li>Ventilaci\u00f3n el\u00e9ctrica T18 y dep\u00f3sito doble T18,\n<\/li>\n<li>Ventilaci\u00f3n el\u00e9ctrica T17,\n<\/li>\n<li>Agrainoir,\n<\/li>\n<li>Esparcidor vial T11.  <\/li>\n<\/ol>\n","protected":false},"featured_media":1965,"template":"","meta":[],"product_brand":[],"product_cat":[730,728,824,823,696,699,698,754,755,663,700,693,709,727,729,731,710,691,660,720,721,719,664,714,715,712,713,711,716],"product_tag":[],"class_list":{"0":"post-11686","1":"product","2":"type-product","3":"status-publish","4":"has-post-thumbnail","6":"product_cat-abonadora-120l","7":"product_cat-abonadora-70l","8":"product_cat-alimentador-es-2","9":"product_cat-alimentadora","10":"product_cat-antibabosas-t24","11":"product_cat-antibabosas-t24-es","12":"product_cat-antibabosas-t28","13":"product_cat-antibabosas-t4","14":"product_cat-antibabosas-t5","15":"product_cat-cubierta-vegetal-microgranulador","16":"product_cat-esparcidor-t28","17":"product_cat-esparcidores-antibabosas","18":"product_cat-esparcidores-fertilizantes","19":"product_cat-esparcimiento-de-sal","20":"product_cat-esparcimiento-de-sal-t11","21":"product_cat-especial-cultivador","22":"product_cat-localizada","23":"product_cat-parte","24":"product_cat-piezas-de-recambio","25":"product_cat-sembradora-t15-es","26":"product_cat-sembradora-t15-es-2","27":"product_cat-sembradora-t15","28":"product_cat-sembradora-t17","29":"product_cat-sembradora-t18-es","30":"product_cat-sembradora-t18-es-2","31":"product_cat-sembradora-t18","32":"product_cat-sembradora-t20-es-2","33":"product_cat-sembradora-t20-es","34":"product_cat-sembradora-t20-es-3","36":"first","37":"onbackorder","38":"taxable","39":"shipping-taxable","40":"purchasable","41":"product-type-simple"},"composite_virtual":false,"composite_layout":"","composite_add_to_cart_form_location":"","composite_editable_in_cart":false,"composite_sold_individually_context":"","composite_shop_price_calc":"","composite_components":[],"composite_scenarios":[],"_links":{"self":[{"href":"https:\/\/delimbe.fr\/es\/wp-json\/wp\/v2\/product\/11686","targetHints":{"allow":["GET"]}}],"collection":[{"href":"https:\/\/delimbe.fr\/es\/wp-json\/wp\/v2\/product"}],"about":[{"href":"https:\/\/delimbe.fr\/es\/wp-json\/wp\/v2\/types\/product"}],"wp:featuredmedia":[{"embeddable":true,"href":"https:\/\/delimbe.fr\/es\/wp-json\/wp\/v2\/media\/1965"}],"wp:attachment":[{"href":"https:\/\/delimbe.fr\/es\/wp-json\/wp\/v2\/media?parent=11686"}],"wp:term":[{"taxonomy":"product_brand","embeddable":true,"href":"https:\/\/delimbe.fr\/es\/wp-json\/wp\/v2\/product_brand?post=11686"},{"taxonomy":"product_cat","embeddable":true,"href":"https:\/\/delimbe.fr\/es\/wp-json\/wp\/v2\/product_cat?post=11686"},{"taxonomy":"product_tag","embeddable":true,"href":"https:\/\/delimbe.fr\/es\/wp-json\/wp\/v2\/product_tag?post=11686"}],"curies":[{"name":"wp","href":"https:\/\/api.w.org\/{rel}","templated":true}]}}