{"id":11699,"date":"2019-08-22T10:23:02","date_gmt":"2019-08-22T10:23:02","guid":{"rendered":"https:\/\/delimbe.fr\/produit\/bandeja-de-ventilacion-hidraulica-t20\/"},"modified":"2019-08-22T10:23:02","modified_gmt":"2019-08-22T10:23:02","slug":"bandeja-de-ventilacion-hidraulica-t20","status":"publish","type":"product","link":"https:\/\/delimbe.fr\/es\/produit\/bandeja-de-ventilacion-hidraulica-t20\/","title":{"rendered":"BANDEJA DE VENTILACI\u00d3N HIDR\u00c1ULICA T20"},"content":{"rendered":"","protected":false},"excerpt":{"rendered":"<h4 style=\"text-align: center;\"><\/h4>\n<ul style=\"list-style-type: disc;\">\n<li>Placa de soplado para T15 doble dep\u00f3sito, T17, T18 doble dep\u00f3sito y T20 hidr\u00e1ulico.<\/li>\n<\/ul>\n","protected":false},"featured_media":1901,"template":"","meta":[],"product_brand":[],"product_cat":[663,709,710,691,660,711,713,716],"product_tag":[],"class_list":{"0":"post-11699","1":"product","2":"type-product","3":"status-publish","4":"has-post-thumbnail","6":"product_cat-cubierta-vegetal-microgranulador","7":"product_cat-esparcidores-fertilizantes","8":"product_cat-localizada","9":"product_cat-parte","10":"product_cat-piezas-de-recambio","11":"product_cat-sembradora-t20-es","12":"product_cat-sembradora-t20-es-2","13":"product_cat-sembradora-t20-es-3","15":"first","16":"onbackorder","17":"taxable","18":"shipping-taxable","19":"purchasable","20":"product-type-simple"},"composite_virtual":false,"composite_layout":"","composite_add_to_cart_form_location":"","composite_editable_in_cart":false,"composite_sold_individually_context":"","composite_shop_price_calc":"","composite_components":[],"composite_scenarios":[],"_links":{"self":[{"href":"https:\/\/delimbe.fr\/es\/wp-json\/wp\/v2\/product\/11699","targetHints":{"allow":["GET"]}}],"collection":[{"href":"https:\/\/delimbe.fr\/es\/wp-json\/wp\/v2\/product"}],"about":[{"href":"https:\/\/delimbe.fr\/es\/wp-json\/wp\/v2\/types\/product"}],"wp:featuredmedia":[{"embeddable":true,"href":"https:\/\/delimbe.fr\/es\/wp-json\/wp\/v2\/media\/1901"}],"wp:attachment":[{"href":"https:\/\/delimbe.fr\/es\/wp-json\/wp\/v2\/media?parent=11699"}],"wp:term":[{"taxonomy":"product_brand","embeddable":true,"href":"https:\/\/delimbe.fr\/es\/wp-json\/wp\/v2\/product_brand?post=11699"},{"taxonomy":"product_cat","embeddable":true,"href":"https:\/\/delimbe.fr\/es\/wp-json\/wp\/v2\/product_cat?post=11699"},{"taxonomy":"product_tag","embeddable":true,"href":"https:\/\/delimbe.fr\/es\/wp-json\/wp\/v2\/product_tag?post=11699"}],"curies":[{"name":"wp","href":"https:\/\/api.w.org\/{rel}","templated":true}]}}