{"id":11700,"date":"2019-08-22T10:23:13","date_gmt":"2019-08-22T10:23:13","guid":{"rendered":"https:\/\/delimbe.fr\/produit\/potenciometro-1230a-30-amperios\/"},"modified":"2019-08-22T10:23:13","modified_gmt":"2019-08-22T10:23:13","slug":"potenciometro-1230a-30-amperios","status":"publish","type":"product","link":"https:\/\/delimbe.fr\/es\/produit\/potenciometro-1230a-30-amperios\/","title":{"rendered":"POTENCI\u00d3METRO 1230A &#8211; 30 AMPERIOS"},"content":{"rendered":"","protected":false},"excerpt":{"rendered":"<p style=\"text-align: center;\">\n<p><span style=\"text-decoration: underline;\"><strong>Referencia <\/strong><\/span><span style=\"text-decoration: underline;\"><strong>POTENRENFORCE<\/strong><\/span><\/p>\n<ul style=\"list-style-type: disc;\">\n<li>Potenci\u00f3metro electr\u00f3nico para la regulaci\u00f3n del caudal para todos los equipos con caja de control con variador: <strong>T11, T14, T15, T17, T18, T20, T24, T28, Cultivador de rastrojos especial, Sembradora fertilizadora.\n<p><\/strong><\/li>\n<li>30 Amperios.\n<\/li>\n<li>Este potenci\u00f3metro es adecuado para todas tus cajas de control con accionamientos anteriores al 29\/06\/2022. Es adecuado para :   <\/li>\n<\/ul>\n","protected":false},"featured_media":1913,"template":"","meta":[],"product_brand":[],"product_cat":[730,728,696,699,698,663,700,800,693,709,727,729,731,710,691,660,757,672,756,719,720,721,664,712,714,715,713,711,716],"product_tag":[],"class_list":{"0":"post-11700","1":"product","2":"type-product","3":"status-publish","4":"has-post-thumbnail","6":"product_cat-abonadora-120l","7":"product_cat-abonadora-70l","8":"product_cat-antibabosas-t24","9":"product_cat-antibabosas-t24-es","10":"product_cat-antibabosas-t28","11":"product_cat-cubierta-vegetal-microgranulador","12":"product_cat-esparcidor-t28","13":"product_cat-esparcidora-de-forraje-t11","14":"product_cat-esparcidores-antibabosas","15":"product_cat-esparcidores-fertilizantes","16":"product_cat-esparcimiento-de-sal","17":"product_cat-esparcimiento-de-sal-t11","18":"product_cat-especial-cultivador","19":"product_cat-localizada","20":"product_cat-parte","21":"product_cat-piezas-de-recambio","22":"product_cat-sembradora-t14-es-2","23":"product_cat-sembradora-t14","24":"product_cat-sembradora-t14-es","25":"product_cat-sembradora-t15","26":"product_cat-sembradora-t15-es","27":"product_cat-sembradora-t15-es-2","28":"product_cat-sembradora-t17","29":"product_cat-sembradora-t18","30":"product_cat-sembradora-t18-es","31":"product_cat-sembradora-t18-es-2","32":"product_cat-sembradora-t20-es-2","33":"product_cat-sembradora-t20-es","34":"product_cat-sembradora-t20-es-3","35":"pa_amperagea-30a","36":"pa_fonction-variador-de-velocidad-regulacion-del-caudal","37":"pa_hauteur-4-9-cm-es","38":"pa_largeur-4_5cm-es","39":"pa_longueur-4_9cm-es","40":"pa_modele-semilladoras-distribuidores-con-caja-de-control-variador","41":"pa_nomenclature-84834059-es","42":"pa_typedeproduit-potenciometro-de-30-amperios","44":"first","45":"onbackorder","46":"taxable","47":"shipping-taxable","48":"purchasable","49":"product-type-simple"},"composite_virtual":false,"composite_layout":"","composite_add_to_cart_form_location":"","composite_editable_in_cart":false,"composite_sold_individually_context":"","composite_shop_price_calc":"","composite_components":[],"composite_scenarios":[],"_links":{"self":[{"href":"https:\/\/delimbe.fr\/es\/wp-json\/wp\/v2\/product\/11700","targetHints":{"allow":["GET"]}}],"collection":[{"href":"https:\/\/delimbe.fr\/es\/wp-json\/wp\/v2\/product"}],"about":[{"href":"https:\/\/delimbe.fr\/es\/wp-json\/wp\/v2\/types\/product"}],"wp:featuredmedia":[{"embeddable":true,"href":"https:\/\/delimbe.fr\/es\/wp-json\/wp\/v2\/media\/1913"}],"wp:attachment":[{"href":"https:\/\/delimbe.fr\/es\/wp-json\/wp\/v2\/media?parent=11700"}],"wp:term":[{"taxonomy":"product_brand","embeddable":true,"href":"https:\/\/delimbe.fr\/es\/wp-json\/wp\/v2\/product_brand?post=11700"},{"taxonomy":"product_cat","embeddable":true,"href":"https:\/\/delimbe.fr\/es\/wp-json\/wp\/v2\/product_cat?post=11700"},{"taxonomy":"product_tag","embeddable":true,"href":"https:\/\/delimbe.fr\/es\/wp-json\/wp\/v2\/product_tag?post=11700"}],"curies":[{"name":"wp","href":"https:\/\/api.w.org\/{rel}","templated":true}]}}