{"id":11707,"date":"2019-08-22T10:22:56","date_gmt":"2019-08-22T10:22:56","guid":{"rendered":"https:\/\/delimbe.fr\/produit\/bandeja-de-aluminio-t24\/"},"modified":"2019-08-22T10:22:56","modified_gmt":"2019-08-22T10:22:56","slug":"bandeja-de-aluminio-t24","status":"publish","type":"product","link":"https:\/\/delimbe.fr\/es\/produit\/bandeja-de-aluminio-t24\/","title":{"rendered":"BANDEJA DE ALUMINIO T24"},"content":{"rendered":"<p><strong><span style=\"text-decoration: underline;\">Descripci\u00f3n<\/span><\/strong> :<\/p>\n<ul style=\"list-style-type: disc;\">\n<li>Placa de dispersi\u00f3n de aluminio <em>(di\u00e1metro 230 mm)<\/em> y taladro <em>(di\u00e1metro 10 mm<\/em> ) para una anchura de dispersi\u00f3n de 24 metros. Se suministra con cuchillas, sin cubo. <\/li>\n<li>Anchura de trabajo de 24 metros con gr\u00e1nulos de babosa pesados. Con semillas peque\u00f1as, la anchura de trabajo var\u00eda en funci\u00f3n de su peso. <\/li>\n<li>Para el ray-grass, la anchura m\u00e1xima de trabajo es de 5 a 6 metros.<\/li>\n<\/ul>\n","protected":false},"excerpt":{"rendered":"<h3 style=\"text-align: center;\"><span style=\"text-decoration: underline;\"><strong>BANDEJA 24M<\/strong><\/span><\/h3>\n<p><span style=\"text-decoration: underline;\"><strong>Referencia <\/strong><\/span><span style=\"text-decoration: underline;\"><strong>PLATALUT24<\/strong><\/span><\/p>\n<ul style=\"list-style-type: disc;\">\n<li>Placa esparcidora para anchura de trabajo de 24 metros para distribuidor centr\u00edfugo T24.<\/li>\n<\/ul>\n","protected":false},"featured_media":1873,"template":"","meta":[],"product_brand":[],"product_cat":[696,699,663,693,691,660],"product_tag":[],"class_list":{"0":"post-11707","1":"product","2":"type-product","3":"status-publish","4":"has-post-thumbnail","6":"product_cat-antibabosas-t24","7":"product_cat-antibabosas-t24-es","8":"product_cat-cubierta-vegetal-microgranulador","9":"product_cat-esparcidores-antibabosas","10":"product_cat-parte","11":"product_cat-piezas-de-recambio","13":"first","14":"onbackorder","15":"taxable","16":"shipping-taxable","17":"purchasable","18":"product-type-simple"},"composite_virtual":false,"composite_layout":"","composite_add_to_cart_form_location":"","composite_editable_in_cart":false,"composite_sold_individually_context":"","composite_shop_price_calc":"","composite_components":[],"composite_scenarios":[],"_links":{"self":[{"href":"https:\/\/delimbe.fr\/es\/wp-json\/wp\/v2\/product\/11707","targetHints":{"allow":["GET"]}}],"collection":[{"href":"https:\/\/delimbe.fr\/es\/wp-json\/wp\/v2\/product"}],"about":[{"href":"https:\/\/delimbe.fr\/es\/wp-json\/wp\/v2\/types\/product"}],"wp:featuredmedia":[{"embeddable":true,"href":"https:\/\/delimbe.fr\/es\/wp-json\/wp\/v2\/media\/1873"}],"wp:attachment":[{"href":"https:\/\/delimbe.fr\/es\/wp-json\/wp\/v2\/media?parent=11707"}],"wp:term":[{"taxonomy":"product_brand","embeddable":true,"href":"https:\/\/delimbe.fr\/es\/wp-json\/wp\/v2\/product_brand?post=11707"},{"taxonomy":"product_cat","embeddable":true,"href":"https:\/\/delimbe.fr\/es\/wp-json\/wp\/v2\/product_cat?post=11707"},{"taxonomy":"product_tag","embeddable":true,"href":"https:\/\/delimbe.fr\/es\/wp-json\/wp\/v2\/product_tag?post=11707"}],"curies":[{"name":"wp","href":"https:\/\/api.w.org\/{rel}","templated":true}]}}