{"id":11722,"date":"2019-08-22T10:22:57","date_gmt":"2019-08-22T10:22:57","guid":{"rendered":"https:\/\/delimbe.fr\/produit\/bandeja-de-aluminio-t28\/"},"modified":"2019-08-22T10:22:57","modified_gmt":"2019-08-22T10:22:57","slug":"bandeja-de-aluminio-t28","status":"publish","type":"product","link":"https:\/\/delimbe.fr\/es\/produit\/bandeja-de-aluminio-t28\/","title":{"rendered":"BANDEJA DE ALUMINIO T28"},"content":{"rendered":"<p><span style=\"text-decoration: underline;\"><strong>Descripci\u00f3n<\/strong><\/span> :<\/p>\n<ul style=\"list-style-type: disc;\">\n<li>Doble placa separadora de aluminio <em>(di\u00e1metro 275 mm<\/em>) y taladro <em>(di\u00e1metro 10 mm<\/em>). <em>\n<p><\/em><\/li>\n<li>Anchura de trabajo de 28 metros con un granulado antibabosas pesado. Para las semillas peque\u00f1as, la anchura de trabajo var\u00eda en funci\u00f3n de su peso. La anchura m\u00e1xima de trabajo para el ray-grass es de 6 metros.  <\/li>\n<\/ul>\n","protected":false},"excerpt":{"rendered":"<h3 style=\"text-align: center;\"><strong><span style=\"text-decoration: underline;\">BANDEJA 28M<\/span><\/strong><\/h3>\n<p><strong><span style=\"text-decoration: underline;\">Referencia PLATALUT28<\/span><\/strong><\/p>\n<ul style=\"list-style-type: disc;\">\n<li>Placa esparcidora de 28 metros de anchura de trabajo para distribuidor T24 opci\u00f3n 28 o T28.<\/li>\n<\/ul>\n","protected":false},"featured_media":1875,"template":"","meta":[],"product_brand":[],"product_cat":[698,663,700,693,691,660],"product_tag":[],"class_list":{"0":"post-11722","1":"product","2":"type-product","3":"status-publish","4":"has-post-thumbnail","6":"product_cat-antibabosas-t28","7":"product_cat-cubierta-vegetal-microgranulador","8":"product_cat-esparcidor-t28","9":"product_cat-esparcidores-antibabosas","10":"product_cat-parte","11":"product_cat-piezas-de-recambio","13":"first","14":"onbackorder","15":"taxable","16":"shipping-taxable","17":"purchasable","18":"product-type-simple"},"composite_virtual":false,"composite_layout":"","composite_add_to_cart_form_location":"","composite_editable_in_cart":false,"composite_sold_individually_context":"","composite_shop_price_calc":"","composite_components":[],"composite_scenarios":[],"_links":{"self":[{"href":"https:\/\/delimbe.fr\/es\/wp-json\/wp\/v2\/product\/11722","targetHints":{"allow":["GET"]}}],"collection":[{"href":"https:\/\/delimbe.fr\/es\/wp-json\/wp\/v2\/product"}],"about":[{"href":"https:\/\/delimbe.fr\/es\/wp-json\/wp\/v2\/types\/product"}],"wp:featuredmedia":[{"embeddable":true,"href":"https:\/\/delimbe.fr\/es\/wp-json\/wp\/v2\/media\/1875"}],"wp:attachment":[{"href":"https:\/\/delimbe.fr\/es\/wp-json\/wp\/v2\/media?parent=11722"}],"wp:term":[{"taxonomy":"product_brand","embeddable":true,"href":"https:\/\/delimbe.fr\/es\/wp-json\/wp\/v2\/product_brand?post=11722"},{"taxonomy":"product_cat","embeddable":true,"href":"https:\/\/delimbe.fr\/es\/wp-json\/wp\/v2\/product_cat?post=11722"},{"taxonomy":"product_tag","embeddable":true,"href":"https:\/\/delimbe.fr\/es\/wp-json\/wp\/v2\/product_tag?post=11722"}],"curies":[{"name":"wp","href":"https:\/\/api.w.org\/{rel}","templated":true}]}}