{"id":11741,"date":"2019-08-22T10:29:53","date_gmt":"2019-08-22T10:29:53","guid":{"rendered":"https:\/\/delimbe.fr\/produit\/t18-doble\/"},"modified":"2025-12-10T10:27:53","modified_gmt":"2025-12-10T10:27:53","slug":"t18-doble-sembradora-esparcidor-semillas","status":"publish","type":"product","link":"https:\/\/delimbe.fr\/es\/produit\/t18-doble-sembradora-esparcidor-semillas\/","title":{"rendered":"T18 DOBLE TOLVA ESPARCIDOR DE SEMILLAS"},"content":{"rendered":"<h4 style=\"text-align: center\"><strong>&#8211; DELIMBE T18 SEMBRADORA DE SEMILLAS PEQUENAS Y GRANDES DOBLE TOLVA &#8211;<\/strong><\/h4>\n<p>&nbsp;<\/p>\n<h4 style=\"text-align: center\"><strong>Microgranulador y fertilizador para semillas peque\u00f1as y grandes. Doble distribuci\u00f3n el\u00e9ctrica con soplador hidr\u00e1ulico y bajada de manguera. Sembradora vers\u00e1til para utilizar con todo tipo de herramientas de laboreo del suelo (grada rizada, cultivador de rastrojos, cultivo de cobertura, herramientas de p\u00faas, grada rotativa, etc.). Puede utilizarse para diversas tareas, como la siembra de microgr\u00e1nulos insecticidas, abonos de arranque, gr\u00e1nulos herbicidas, cereales, CIPAN y semillas peque\u00f1as y grandes.<\/strong><\/h4>\n<p>&nbsp;<\/p>\n<h5><span style=\"text-decoration: underline\"><strong>DESCRIPCI\u00d3N DE LA SEMBRADORA DE DOBLE DISTRIBUCI\u00d3N T18 PARA CUBIERTA VEGETAL<\/strong><\/span><\/h5>\n<ul style=\"list-style-type: disc\">\n<li style=\"text-align: justify\">La sembradora\/microgranuladora T18 est\u00e1 equipada con un soplador accionado por un motor hidr\u00e1ulico.<\/li>\n<li>Para una siembra \u00f3ptima, la sembradora doble T18 tiene dos dep\u00f3sitos alimentados con aire por un \u00fanico soplador. La distribuci\u00f3n el\u00e9ctrica se realiza mediante dos splines. Cada dep\u00f3sito tiene su propia distribuci\u00f3n de splines y es completamente independiente del otro.<\/li>\n<\/ul>\n<ol style=\"list-style-type: undefined\">\n<li>El primer dep\u00f3sito, provisto de una ranura roja (gran caudal), permite sembrar semillas grandes delante de la herramienta de labranza, enterr\u00e1ndolas en profundidad en funci\u00f3n de la profundidad del rastrojador.<\/li>\n<li>El segundo dep\u00f3sito, provisto de una ranura verde (caudal peque\u00f1o), se coloca detr\u00e1s del cultivador de rastrojos, lo que permite sembrar las semillas detr\u00e1s del apero de labranza y antes del rodillo. La tierra proyectada por el rodillo cubre las semillas a poca profundidad.<\/li>\n<\/ol>\n<ul style=\"list-style-type: disc\">\n<li>Cada estr\u00eda, una en cada cuba, funciona con su propio motor el\u00e9ctrico de 12 voltios y 100 vatios.<\/li>\n<li>Las dos distribuciones se regulan independientemente en una \u00fanica unidad de control en cabina (opcional).<\/li>\n<li>El flujo de aire transfiere la semilla a tubos corrugados flexibles con un di\u00e1metro interior de 30 mm.<\/li>\n<li>Al final de la manguera, para dispersar mejor las semillas, es preferible utilizar divisores.<\/li>\n<li>La anchura de trabajo de cada centrifugadora es de <span style=\"text-align: justify\">50 <\/span><span style=\"text-align: justify\"><span style=\"text-align: justify\">cm a 1 metro, seg\u00fan la altura de la disposici\u00f3n. Deben instalarse de modo que los salientes de las semillas se crucen entre s\u00ed.<\/span><\/span><\/li>\n<li>El aparato se suministra con dos ranuras originales, una para cada distribuci\u00f3n, como se ha mencionado anteriormente (se pueden modificar en el momento del pedido). El microgranulador doble DELIMBE T18 se suministra con 8 metros de manguera hidr\u00e1ulica con conexiones de entrada y retorno push-pull.<\/li>\n<li>Distribuci\u00f3n el\u00e9ctrica de 30 A y ventilaci\u00f3n hidr\u00e1ulica de 40 L\/min.<\/li>\n<li>La sembradora agr\u00edcola T18 est\u00e1 disponible en otras dos versiones:<\/li>\n<\/ul>\n<ul style=\"list-style-type: circle\">\n<li><a href=\"https:\/\/delimbe.fr\/es\/produit\/t18\/\"><em><strong>El T18<\/strong><\/em><\/a><b><i> <\/i><\/b>con distribuci\u00f3n el\u00e9ctrica y soplador.<\/li>\n<li><a href=\"https:\/\/delimbe.fr\/es\/produit\/t18-hidraulico\/\"><em><strong>El T18 HIDR\u00c1ULICO<\/strong><\/em><\/a> con distribuci\u00f3n el\u00e9ctrica y soplador hidr\u00e1ulico.<\/li>\n<\/ul>\n<p>&nbsp;<\/p>\n<h5><span style=\"text-decoration: underline\"><strong>OPCIONES PARA EL MICROGRANULADOR DOBLE PARA CULTIVOS DE COBERTURA VERDE<\/strong><\/span><\/h5>\n<ul style=\"list-style-type: disc\">\n<li><strong>Unidades de control: <\/strong>ofrecemos varias opciones entre sistemas est\u00e1ndar y diferentes<strong> <a href=\"https:\/\/delimbe.fr\/es\/categorie-produit\/inicio\/piezas-de-recambio\/sistema-dpa-caudal-proporcional-al-avance\/\">DPAE<\/a> <\/strong>(caudal proporcional al avance electr\u00f3nico).<\/li>\n<\/ul>\n<ul style=\"list-style-type: circle\">\n<li>Una caja de control est\u00e1ndar con 8 metros de cable: 2 metros del enchufe a la caja de control y 6 metros de la caja de control al aparato. Para una longitud diferente, ponte en contacto con nosotros.<\/li>\n<li>Un DPA con un sensor que se coloca en una rueda, en el extremo de un rodillo o en la parte posterior de un disco.<\/li>\n<li>Un DPA con toma ISO, que recibe informaci\u00f3n del tractor a trav\u00e9s de la toma de 7 polos.<\/li>\n<li>Y un DPA con una antena GPS colocada fuera de la cabina.<\/li>\n<\/ul>\n<ul style=\"list-style-type: disc\">\n<li style=\"list-style-type: none\">\n<ul style=\"list-style-type: disc\">\n<li>Hay 4 tipos de flauta: blanca (rendimiento muy bajo), verde (rendimiento bajo), amarilla (rendimiento medio) y roja (rendimiento alto). Para un mayor rendimiento, elige la flauta amarilla de rendimiento medio y\/o la flauta roja de rendimiento alto.<\/li>\n<li>Soportes de tubo para modificar la anchura de trabajo.<\/li>\n<li>Una base de montaje que se adapta al chasis de la T18 para facilitar el montaje en la herramienta de trabajo.<\/li>\n<li>Astilladoras para una mejor dispersi\u00f3n de las semillas.<\/li>\n<li>Carrete portamanguera de 25 metros.<\/li>\n<li>El puente de carga.<\/li>\n<\/ul>\n<\/li>\n<\/ul>\n<ul style=\"list-style-type: disc\">\n<li style=\"list-style-type: none\">\n<ul style=\"list-style-type: disc\">\n<li style=\"text-align: left\">Si lo solicitas, es posible instalar un motor de sincronizaci\u00f3n lenta de 15 vueltas, en funci\u00f3n de tus necesidades.<\/li>\n<\/ul>\n<\/li>\n<\/ul>\n<p>&nbsp;<\/p>\n<h5><span style=\"text-decoration: underline\"><strong>USOS Y CONSEJOS<\/strong><\/span><\/h5>\n<ul style=\"list-style-type: disc\">\n<li>Siembra las semillas grandes (jud\u00edas, avena, girasol) a suficiente profundidad y las semillas peque\u00f1as en la parte trasera del rastrojo, enterradas muy superficialmente, apenas cubiertas por la tierra levantada por el rodillo.<\/li>\n<li><strong>En un cultivador de rastrojos<\/strong>: el T18 doble siembra semillas grandes delante del \u00fatil de labranza y semillas peque\u00f1as detr\u00e1s del \u00fatil de labranza y delante del rodillo.<\/li>\n<li><strong>Para vi\u00f1edos o arboricultura<\/strong>: La T18 doble siembra semillas grandes delante del \u00fatil de labranza y semillas peque\u00f1as detr\u00e1s y delante del rodillo.<\/li>\n<li>Puedes cambiar tu anchura de trabajo f\u00e1cilmente con los soportes de tubo. Los soportes est\u00e1n dise\u00f1ados para ser sustituidos simplemente desatornill\u00e1ndolos y sustituyendo tu soporte por uno nuevo. No recomendamos tapar las tomas, ya que esto puede da\u00f1ar la abonadora T18 e impedir que funcione correctamente.<\/li>\n<\/ul>\n<p>&nbsp;<\/p>\n<h5><span style=\"text-decoration: underline\"><strong>CARACTER\u00cdSTICAS DEL MICROGRANULADOR DOBLE DELIMBE T18<\/strong><\/span><\/h5>\n<table style=\"width: 1024px;height: 419px\" border=\"OUI\" width=\"735\">\n<tbody>\n<tr>\n<td><strong>Modelo <\/strong><\/td>\n<td>T18 DOBLE &#8211; CUBIERTA DE TIERRA<\/td>\n<\/tr>\n<tr>\n<td><strong>Tipo de equipo <\/strong><\/td>\n<td>MICROGRANULADOR DE CUBIERTAS VEGETALES &#8211; SEMBRADORA NEUM\u00c1TICA &#8211; ESPARCIDOR DE ABONO &#8211; SEMBRADORA HORTELANA &#8211; SEMBRADORA VI\u00d1A &#8211; DISTRIBUIDOR DE SEMILLAS PEQUE\u00d1AS Y GRANDES<\/td>\n<\/tr>\n<tr>\n<td><strong>Capacidad <\/strong><\/td>\n<td>2&#215;300 LITROS<\/td>\n<\/tr>\n<tr>\n<td><strong>N\u00famero de salidas<\/strong><\/td>\n<td>DE 1 A 12 SALIDAS<\/td>\n<\/tr>\n<tr>\n<td><strong>Di\u00e1metro de salida<\/strong><\/td>\n<td>30 MM INTERIOR<\/td>\n<\/tr>\n<tr>\n<td><strong>Composici\u00f3n <\/strong><\/td>\n<td>DEP\u00d3SITO DE POLIETILENO &#8211; BASTIDOR DE ACERO PINTURA EPOXI AL HORNO<\/td>\n<\/tr>\n<tr>\n<td><strong>Fuente de alimentaci\u00f3n <\/strong><\/td>\n<td>MOTOR EL\u00c9CTRICO 12V\/100W (DISTRIBUCI\u00d3N) &#8211; 40 REVOLUCIONES<\/p>\n<p>MOTOR HIDR\u00c1ULICO (VENTILACI\u00d3N)<\/td>\n<\/tr>\n<tr>\n<td><strong>Fuente<\/strong><\/td>\n<td><strong>DISE\u00d1ADO Y FABRICADO EN PONT DE L&#8217;ARCHE, FRANCIA<\/strong><\/td>\n<\/tr>\n<\/tbody>\n<\/table>\n<p>&nbsp;<\/p>\n<h5><strong><span style=\"text-decoration: underline\">DIMENSIONES DE LA SEMBRADORA NEUM\u00c1TICA DOBLE T18<\/span><\/strong><\/h5>\n<table style=\"width: 373px;height: 80px\" border=\"oui\" width=\"373\">\n<tbody>\n<tr>\n<td><strong>ALTURA<\/strong><\/td>\n<td style=\"text-align: center\">900 MM<\/td>\n<\/tr>\n<tr>\n<td><strong>ANCHO<\/strong><\/td>\n<td style=\"text-align: center\">680 MM<\/td>\n<\/tr>\n<tr>\n<td><strong>PROFUNDIDAD<\/strong><\/td>\n<td style=\"text-align: center\">1880 MM<\/td>\n<\/tr>\n<tr>\n<td><strong>PESO<\/strong><\/td>\n<td style=\"text-align: center\">120 KGS<\/td>\n<\/tr>\n<\/tbody>\n<\/table>\n<p>&nbsp;<\/p>\n<h5><span style=\"text-decoration: underline\"><strong>DESCUBRE TODA NUESTRA GAMA DE SEMBRADORAS EN VENTA<\/strong><\/span><\/h5>\n<p><a class=\"btn btn-default\" href=\"https:\/\/delimbe.fr\/es\/categorie-produit\/inicio\/cubierta-vegetal-microgranulador-es\/\">CUBIERTA VEGETAL \/ MICROGRANULADORES<\/a> &#8211; <a class=\"btn btn-default\" href=\"https:\/\/delimbe.fr\/es\/categorie-produit\/inicio\/vino\/\">HORTICULTURA \/ VI\u00d1A <\/a> &#8211; <a class=\"btn btn-default\" href=\"https:\/\/delimbe.fr\/es\/categorie-produit\/inicio\/fertilizantes-es\/\">ABONO<\/a><\/p>\n<p>&nbsp;<\/p>\n","protected":false},"excerpt":{"rendered":"<h5><span style=\"text-decoration: underline\"><strong>N\u00famero de cat\u00e1logo T18300LSTDOUBLE<br \/>\n<\/strong><\/span><\/h5>\n<ul style=\"list-style-type: disc\">\n<li>Sembradora neum\u00e1tica de doble distribuci\u00f3n con bajada de manguera para plantar cultivos de cobertura y cereales.<\/li>\n<li>Para utilizar con cultivadores de rastrojos, aperos de labranza, gradas rotativas, cultivos de cobertura, aperos de p\u00faas, etc.<\/li>\n<li>Capacidad del dep\u00f3sito 2 x 300 litros.<\/li>\n<li>Elecci\u00f3n de 1 a 12 salidas por dep\u00f3sito.<\/li>\n<li>Ten en cuenta que hay que a\u00f1adir una caja de control (caja est\u00e1ndar o DPA).<\/li>\n<\/ul>\n<p><b><i>(Las instrucciones de uso pueden descargarse m\u00e1s abajo, en la pesta\u00f1a \u201cArchivos para descargar\u201d)<\/i><\/b><\/p>\n","protected":false},"featured_media":2153,"template":"","meta":[],"product_brand":[],"product_cat":[669,782,793,794,692,899,900,897,898,895,896,809],"product_tag":[],"class_list":{"0":"post-11741","1":"product","2":"type-product","3":"status-publish","4":"has-post-thumbnail","6":"product_cat-cubierta-vegetal-microgranulador-es","7":"product_cat-destaca","8":"product_cat-fertilizantes-es","9":"product_cat-maquina","10":"product_cat-opciones","11":"product_cat-sembradora-doble-t18","12":"product_cat-sembradora-hidraulica-t18-es","13":"product_cat-sembradora-hidraulica-t18","14":"product_cat-sembradora-t18-es-5","15":"product_cat-sembradora-t18-es-3","16":"product_cat-sembradora-t18-es-4","17":"product_cat-vino","19":"first","20":"instock","21":"taxable","22":"shipping-taxable","23":"purchasable","24":"product-type-variable"},"composite_virtual":false,"composite_layout":"","composite_add_to_cart_form_location":"","composite_editable_in_cart":false,"composite_sold_individually_context":"","composite_shop_price_calc":"","composite_components":[],"composite_scenarios":[],"_links":{"self":[{"href":"https:\/\/delimbe.fr\/es\/wp-json\/wp\/v2\/product\/11741","targetHints":{"allow":["GET"]}}],"collection":[{"href":"https:\/\/delimbe.fr\/es\/wp-json\/wp\/v2\/product"}],"about":[{"href":"https:\/\/delimbe.fr\/es\/wp-json\/wp\/v2\/types\/product"}],"wp:featuredmedia":[{"embeddable":true,"href":"https:\/\/delimbe.fr\/es\/wp-json\/wp\/v2\/media\/2153"}],"wp:attachment":[{"href":"https:\/\/delimbe.fr\/es\/wp-json\/wp\/v2\/media?parent=11741"}],"wp:term":[{"taxonomy":"product_brand","embeddable":true,"href":"https:\/\/delimbe.fr\/es\/wp-json\/wp\/v2\/product_brand?post=11741"},{"taxonomy":"product_cat","embeddable":true,"href":"https:\/\/delimbe.fr\/es\/wp-json\/wp\/v2\/product_cat?post=11741"},{"taxonomy":"product_tag","embeddable":true,"href":"https:\/\/delimbe.fr\/es\/wp-json\/wp\/v2\/product_tag?post=11741"}],"curies":[{"name":"wp","href":"https:\/\/api.w.org\/{rel}","templated":true}]}}