{"id":11743,"date":"2019-08-22T10:29:55","date_gmt":"2019-08-22T10:29:55","guid":{"rendered":"https:\/\/delimbe.fr\/produit\/t18-hidraulico\/"},"modified":"2025-12-10T10:49:06","modified_gmt":"2025-12-10T10:49:06","slug":"t18-hidraulico-sembradora-semillas","status":"publish","type":"product","link":"https:\/\/delimbe.fr\/es\/produit\/t18-hidraulico-sembradora-semillas\/","title":{"rendered":"T18 SEMBRADORA HIDR\u00c1ULICO"},"content":{"rendered":"<h4 style=\"text-align: center\"><strong>&#8211; DELIMBE SEMBRADORA T18 HIDR\u00c1ULICO &#8211; CUBIERTA VEGETAL &#8211;<\/strong><\/h4>\n<p>&nbsp;<\/p>\n<h4 style=\"text-align: center\"><strong>Microgranulador y fertilizador para semillas peque\u00f1as y grandes. Distribuci\u00f3n el\u00e9ctrica, soplador hidr\u00e1ulico y bajada de manguera. Sembradora vers\u00e1til para utilizar con todo tipo de equipos de laboreo del suelo (gradas, rastrojadoras, cosechadoras, etc.). Puede utilizarse para sembrar microgr\u00e1nulos insecticidas, abonos de arranque, gr\u00e1nulos herbicidas, cereales, semillas peque\u00f1as y grandes. <\/strong><\/h4>\n<p>&nbsp;<\/p>\n<h5><b><span style=\"text-decoration: underline\">DESCRIPCI\u00d3N T18 SEMBRADORA DE CUBIERTAS VEGETALES<\/span><\/b><\/h5>\n<ul style=\"list-style-type: disc\">\n<li style=\"list-style-type: none\">\n<ul style=\"list-style-type: disc\">\n<li>La sembradora\/microgranuladora T18 est\u00e1 equipada con un soplador accionado por un motor hidr\u00e1ulico.<\/li>\n<li>La distribuci\u00f3n el\u00e9ctrica se realiza mediante una estr\u00eda.<\/li>\n<li>Un motorreductor el\u00e9ctrico acciona el rodillo para distribuir las semillas. La velocidad de rotaci\u00f3n de la ranura se controla para regular el caudal.<\/li>\n<li>El flujo de aire transfiere la semilla a tubos corrugados flexibles con un di\u00e1metro interior de 30 mm.<\/li>\n<li>Al final de la manguera, para dispersar las semillas con mayor eficacia, es preferible utilizar aspersores.<\/li>\n<li><span style=\"text-align: justify\">La anchura de trabajo de cada v\u00eda de chispas es <\/span><span style=\"text-align: justify\">50 <\/span><span style=\"text-align: justify\">cm a 1 metro, seg\u00fan la altura de la disposici\u00f3n. Deben instalarse de modo que los salientes de las semillas se crucen entre s\u00ed.<br \/>\n<\/span><\/li>\n<\/ul>\n<\/li>\n<\/ul>\n<ul style=\"list-style-type: disc\">\n<li>La sembradora agr\u00edcola T18 est\u00e1 disponible en otras dos versiones:<\/li>\n<\/ul>\n<ul style=\"list-style-type: circle\">\n<li><em><strong><a href=\"https:\/\/delimbe.fr\/es\/produit\/t18-double-semoir-couverts-vegetaux\/\">El T18 DOBLE<\/a><\/strong><\/em> con doble distribuci\u00f3n.<\/li>\n<li><a href=\"https:\/\/delimbe.fr\/es\/produit\/t18\/\"><strong><em>El T18 ELECTRICO.<\/em><\/strong><\/a><\/li>\n<\/ul>\n<p>&nbsp;<\/p>\n<p>&nbsp;<\/p>\n<h5><span style=\"text-decoration: underline\"><strong>OPCIONES DEL MICROGRANULADOR T18<\/strong><\/span><\/h5>\n<ul style=\"list-style-type: disc\">\n<li><strong>Unidades de control:<\/strong> ofrecemos varias opciones entre sistemas est\u00e1ndar y diferentes <a href=\"https:\/\/delimbe.fr\/categorie-produit\/inicio\/piezas-de-recambio\/sistema-dpa-caudal-proporcional-al-avance\/\"><strong>DPAE<\/strong><\/a> (caudal proporcional al avance electr\u00f3nico).<\/li>\n<\/ul>\n<ul style=\"list-style-type: circle\">\n<li>Una caja de control est\u00e1ndar con 8 metros de cable: 2 metros del enchufe a la caja de control y 6 metros de la caja de control al aparato. Para una longitud diferente, ponte en contacto con nosotros.<\/li>\n<li>Un DPA con un sensor que se coloca en una rueda, en el extremo de un rodillo o en la parte posterior de un disco.<\/li>\n<li>Un DPA con toma ISO, que recibe informaci\u00f3n del tractor a trav\u00e9s de la toma de 7 polos.<\/li>\n<li>Y un DPA con una antena GPS colocada fuera de la cabina.<\/li>\n<\/ul>\n<ul>\n<li>Hay <strong>4 tipos de rodillos<\/strong>: blanco (rendimiento muy bajo), verde (rendimiento bajo), amarillo (rendimiento medio) y rojo (rendimiento alto).<\/li>\n<li><strong>Soportes de tubo<\/strong> para modificar la anchura de trabajo.<\/li>\n<li><strong>Una base de montaje<\/strong> que se adapta al chasis de la T18 para facilitar el montaje en la herramienta de trabajo.<\/li>\n<li><strong>Esparcidores de semillas<\/strong> para una mejor dispersi\u00f3n de las semillas.<\/li>\n<li><strong>Manguera<\/strong> de 25 metros.<\/li>\n<li><strong>El puente de carga.<\/strong><\/li>\n<li>Si lo solicitas, es posible instalar un motor de sincronizaci\u00f3n lenta de 15 vueltas, en funci\u00f3n de tus necesidades.<\/li>\n<\/ul>\n<p>&nbsp;<\/p>\n<p>&nbsp;<\/p>\n<h5><span style=\"text-decoration: underline\"><b>USO Y ASESORAMIENTO SOBRE DIVERSAS HERRAMIENTAS DE PREPARACI\u00d3N DEL SUELO<\/b><\/span><\/h5>\n<ul style=\"list-style-type: disc\">\n<li><strong>En una grada rotativa<\/strong>: la m\u00e1quina ayuda a regenerar los prados en primavera. La sembradora neum\u00e1tica Delimbe T18 con soplador puede montarse en una grada rotativa, un cultivador de rastrojos, una cosechadora o cualquier otra m\u00e1quina que trabaje el suelo.<\/li>\n<li><strong>En un cultivador de rastrojos<\/strong>: Las semillas deben esparcirse antes del rodillo, de modo que la tierra proyectada por el rodillo cubra el lecho de siembra.<\/li>\n<li><strong>En una cosechadora<\/strong>: Las semillas peque\u00f1as se siembran debajo de la cosechadora y quedan cubiertas por la paja triturada que cae.<\/li>\n<li><strong>En una azada<\/strong>: la T18 siembra semillas peque\u00f1as o ray-grass entre hileras de cultivos tipo ma\u00edz.<\/li>\n<li><strong>Para vi\u00f1edos<\/strong> y horticultura: El microgranulador y la sembradora de cubiertas vegetales tambi\u00e9n est\u00e1n especializados para vi\u00f1edos y horticultura. Para ello, debes pedir el espaciador especial para vi\u00f1edos y horticultura en la secci\u00f3n \u201crecambios\u201d. Colocado sobre la herramienta de cultivo del suelo, el T18 puede utilizarse para sembrar una franja de hierba entre las hileras de vi\u00f1as.<\/li>\n<li><strong>Para \u00e1rboles frutales<\/strong>: La sembradora T18 peque\u00f1a y grande siembra una franja de hierba entre los \u00e1rboles.<\/li>\n<li><strong>Seguridad<\/strong>: Un puente de carga es esencial.<\/li>\n<li>Puedes cambiar tu anchura de trabajo f\u00e1cilmente con los soportes de tubo. Los soportes est\u00e1n dise\u00f1ados para ser sustituidos simplemente desatornill\u00e1ndolos y sustituyendo tu soporte por uno nuevo. No recomendamos tapar las tomas, ya que esto puede da\u00f1ar la abonadora T18 e impedir que funcione correctamente.<\/li>\n<li>Recomendamos este dispositivo para herramientas de tierra de hasta 7 metros o para equipos que necesiten de 1 a 12 salidas. Para mayores capacidades de tolva o anchuras de trabajo superiores a 7 metros, utiliza el <a class=\"btn btn-default\" href=\"https:\/\/delimbe.fr\/es\/produit\/semoir-t20-1700-litres-tremie-frontale\/\">T20<\/a>.<\/li>\n<li>Recomendamos la sembradora hidr\u00e1ulica T18 para aperos de suelo de 1 a 7 metros de ancho o para la siembra regular de semillas grandes. El soplador hidr\u00e1ulico es m\u00e1s potente que en una T18 est\u00e1ndar, por lo que las semillas se lanzan m\u00e1s lejos. La recomendamos especialmente para la siembra regular de semillas grandes.<\/li>\n<\/ul>\n<p>&nbsp;<\/p>\n<p>&nbsp;<\/p>\n<h5><span style=\"text-decoration: underline\"><strong>DESCUBRE TODA NUESTRA GAMA DE SEMBRADORAS EN VENTA<\/strong><\/span><\/h5>\n<p><strong><a class=\"btn btn-default\" href=\"https:\/\/delimbe.fr\/categorie-produit\/inicio\/cubierta-vegetal-microgranulador-es\/\">CUBIERTA VEGETAL \/ MICROGRANULADORES<\/a> &#8211; <a class=\"btn btn-default\" href=\"https:\/\/delimbe.fr\/categorie-produit\/inicio\/vino\/\">HORTICULTURA \/ VI\u00d1A <\/a> &#8211; <a class=\"btn btn-default\" href=\"https:\/\/delimbe.fr\/categorie-produit\/inicio\/fertilizantes-es\/\">ABONO<\/a><\/strong><\/p>\n<p>&nbsp;<\/p>\n","protected":false},"excerpt":{"rendered":"<h5><\/h5>\n<ul style=\"list-style-type: disc\">\n<li>Sembradora para cubiertas vegetales, vi\u00f1a y horticultura con ventilaci\u00f3n hidr\u00e1ulica y bajada de manguera.<\/li>\n<li>Puede acoplarse a todo tipo de aperos de labranza o gradas de regeneraci\u00f3n de praderas.<\/li>\n<li>Distribuci\u00f3n de la semilla entre el apero de labranza y el rodillo.<\/li>\n<li>Capacidad del dep\u00f3sito de 300 litros.<\/li>\n<li>Tubo descendente de 1 a 12 salidas de tu elecci\u00f3n.<\/li>\n<li>Ten en cuenta que hay que a\u00f1adir una caja de control (caja est\u00e1ndar o DPA(E)).<\/li>\n<\/ul>\n<p><b><i>(Las instrucciones de uso pueden descargarse m\u00e1s abajo, en la pesta\u00f1a \u201cArchivos para descargar\u201d)<\/i><\/b><\/p>\n","protected":false},"featured_media":2159,"template":"","meta":[],"product_brand":[],"product_cat":[669,782,794,692,897,900,895],"product_tag":[],"class_list":{"0":"post-11743","1":"product","2":"type-product","3":"status-publish","4":"has-post-thumbnail","6":"product_cat-cubierta-vegetal-microgranulador-es","7":"product_cat-destaca","8":"product_cat-maquina","9":"product_cat-opciones","10":"product_cat-sembradora-hidraulica-t18","11":"product_cat-sembradora-hidraulica-t18-es","12":"product_cat-sembradora-t18-es-3","14":"first","15":"instock","16":"taxable","17":"shipping-taxable","18":"purchasable","19":"product-type-variable"},"composite_virtual":false,"composite_layout":"","composite_add_to_cart_form_location":"","composite_editable_in_cart":false,"composite_sold_individually_context":"","composite_shop_price_calc":"","composite_components":[],"composite_scenarios":[],"_links":{"self":[{"href":"https:\/\/delimbe.fr\/es\/wp-json\/wp\/v2\/product\/11743","targetHints":{"allow":["GET"]}}],"collection":[{"href":"https:\/\/delimbe.fr\/es\/wp-json\/wp\/v2\/product"}],"about":[{"href":"https:\/\/delimbe.fr\/es\/wp-json\/wp\/v2\/types\/product"}],"wp:featuredmedia":[{"embeddable":true,"href":"https:\/\/delimbe.fr\/es\/wp-json\/wp\/v2\/media\/2159"}],"wp:attachment":[{"href":"https:\/\/delimbe.fr\/es\/wp-json\/wp\/v2\/media?parent=11743"}],"wp:term":[{"taxonomy":"product_brand","embeddable":true,"href":"https:\/\/delimbe.fr\/es\/wp-json\/wp\/v2\/product_brand?post=11743"},{"taxonomy":"product_cat","embeddable":true,"href":"https:\/\/delimbe.fr\/es\/wp-json\/wp\/v2\/product_cat?post=11743"},{"taxonomy":"product_tag","embeddable":true,"href":"https:\/\/delimbe.fr\/es\/wp-json\/wp\/v2\/product_tag?post=11743"}],"curies":[{"name":"wp","href":"https:\/\/api.w.org\/{rel}","templated":true}]}}