{"id":11747,"date":"2019-08-22T10:30:09","date_gmt":"2019-08-22T10:30:09","guid":{"rendered":"https:\/\/delimbe.fr\/produit\/sembradora-pequena-t20-estandar\/"},"modified":"2025-12-10T11:01:52","modified_gmt":"2025-12-10T11:01:52","slug":"sembradora-semillas-t20-estandar","status":"publish","type":"product","link":"https:\/\/delimbe.fr\/es\/produit\/sembradora-semillas-t20-estandar\/","title":{"rendered":"T20 SEMBRADORA DE SEMILLAS PEQUE\u00d1AS &#8211; EST\u00c1NDAR"},"content":{"rendered":"<h4 style=\"text-align: center\"><strong>&#8211; SEMBRADORA NEUM\u00c1TICA DELIMBE T20 &#8211;<\/strong><\/h4>\n<h4 style=\"text-align: center\"><strong>Microgranulador y sembradora de abono, semillas peque\u00f1as y grandes. Distribuci\u00f3n el\u00e9ctrica con soplador y mangueras hasta el cabezal de distribuci\u00f3n. Sembradora polivalente para utilizar con todo tipo de herramientas de laboreo del suelo (grada, cultivador de rastrojos, cultivo de cobertura, grada rotativa, herramientas de p\u00faas, etc.). Puede utilizarse para una amplia gama de tareas, como la siembra de microgr\u00e1nulos insecticidas, abonos de arranque, gr\u00e1nulos herbicidas, cereales y semillas peque\u00f1as y grandes.<\/strong><\/h4>\n<p>&nbsp;<\/p>\n<h5><b><span style=\"text-decoration: underline\">DESCRIPCI\u00d3N SEMBRADORA PEQUE\u00d1A Y GRANDE T20<\/span><\/b><\/h5>\n<ul style=\"list-style-type: disc\">\n<li style=\"list-style-type: none\">\n<ul style=\"list-style-type: disc\">\n<li>Recomendamos la sembradora T20 para aperos con anchuras de trabajo de hasta 8 metros o que requieran un gran n\u00famero de salidas.<\/li>\n<li>Se coloca en la parte delantera del tractor, con el cabezal de distribuci\u00f3n en la parte trasera.<\/li>\n<li style=\"text-align: justify\">La sembradora agr\u00edcola T20 est\u00e1 equipada con una turbina de ventilador accionada por un motor hidr\u00e1ulico, que transfiere neum\u00e1ticamente las semillas a un cabezal de distribuci\u00f3n de 16 salidas (m\u00e1s salidas disponibles como opci\u00f3n).<\/li>\n<li style=\"text-align: justify\">El dep\u00f3sito de la sembradora T20 est\u00e1 equipado con dos distribuciones, cada una accionada por un motor el\u00e9ctrico independiente. Una distribuci\u00f3n funciona con una ranura verde (caudal bajo) y la segunda con una ranura roja (caudal alto). Para sembrar semillas peque\u00f1as, enciende s\u00f3lo la ranura verde y para sembrar semillas grandes, enciende s\u00f3lo la ranura roja. Para obtener un caudal muy alto, acciona ambas ranuras al mismo tiempo.<\/li>\n<li>La semilla se transfiere a la trampilla de distribuci\u00f3n mediante mangueras de 40 mm de di\u00e1metro.<\/li>\n<li>El di\u00e1metro de salida del tubo es de 40 mm en el interior.<\/li>\n<li>Capacidad del dep\u00f3sito: 250, 400, 600 u 800 litros.<\/li>\n<li>El caudal se regula mediante una caja electr\u00f3nica en la cabina.<\/li>\n<li>La entrada hidr\u00e1ulica est\u00e1 conectada a un distribuidor y el retorno a la toma de \u201cretorno libre\u201d.<\/li>\n<li>El chasis es de acero y tiene un acabado de pintura epoxi al horno, mientras que el dep\u00f3sito es de polietileno.<\/li>\n<li>La sembradora neum\u00e1tica T20 tambi\u00e9n est\u00e1 disponible en versi\u00f3n frontal en el elevador delantero del tractor: <a class=\"btn btn-default\" href=\"https:\/\/delimbe.fr\/es\/produit\/sembradora-pequena-t20-tolva-frontal\/\">T20 TREMIE FRONT<\/a>.<\/li>\n<\/ul>\n<\/li>\n<\/ul>\n<p>&nbsp;<\/p>\n<h5><span style=\"text-decoration: underline\"><strong>EQUIPO PARA LA SEMBRADORA <\/strong><\/span><span style=\"text-decoration: underline\"><strong>NEUM\u00c1TICA <\/strong><\/span><span style=\"text-decoration: underline\"><strong>T20<\/strong><\/span><\/h5>\n<ul style=\"list-style-type: disc\">\n<li style=\"list-style-type: none\">\n<ul style=\"list-style-type: disc\">\n<li style=\"text-align: justify\">La sembradora T20 se suministra con mangueras hidr\u00e1ulicas de 8 metros y conectores de empuje y tracci\u00f3n del tractor.<\/li>\n<li style=\"text-align: justify\">Se suministran de serie un man\u00f3metro y una v\u00e1lvula limitadora de presi\u00f3n.<\/li>\n<li style=\"text-align: justify\">La sembradora T20 est\u00e1 equipada con una trampilla de vaciado en la parte inferior.<\/li>\n<li style=\"text-align: justify\">2 ranuras integradas, una verde para las semillas peque\u00f1as y otra roja para las semillas grandes.<\/li>\n<\/ul>\n<\/li>\n<\/ul>\n<p>&nbsp;<\/p>\n<h5><span style=\"text-decoration: underline\"><strong>OPCIONES PARA LA SEMBRADORA NEUM\u00c1TICA T20<\/strong><\/span><\/h5>\n<p><b>Unidades de control:<\/b>ofrecemos varias opciones entre sistemas est\u00e1ndar y diferentes <a href=\"https:\/\/delimbe.fr\/es\/categorie-produit\/inicio\/piezas-de-recambio\/sistema-dpa-caudal-proporcional-al-avance\/\"><strong>DPAE<\/strong><\/a> (caudal proporcional al avance electr\u00f3nico).<\/p>\n<ul style=\"list-style-type: disc\">\n<li>La caja de control est\u00e1ndar de la cabina est\u00e1 equipada con 2 interruptores: uno para poner en marcha el sistema de distribuci\u00f3n y otro para ajustar la dosis de siembra, con una escala de 0 a 30.<\/li>\n<li>Un DPA con un sensor que se coloca en una rueda, en el extremo de un rodillo o en la parte posterior de un disco.<\/li>\n<li>Un DPA con toma ISO, que recibe informaci\u00f3n del tractor a trav\u00e9s de la toma de 7 polos.<\/li>\n<li>Y un DPA con una antena GPS colocada fuera de la cabina.<\/li>\n<li>Hay 4 tipos de flauta: blanca (rendimiento muy bajo), verde (rendimiento bajo), amarilla (rendimiento medio) y roja (rendimiento alto). Para un mayor rendimiento, elige la flauta amarilla de rendimiento medio y\/o la flauta roja de rendimiento alto.<\/li>\n<li>La opci\u00f3n de varias salidas te permite elegir un mayor n\u00famero de salidas en el cabezal de distribuci\u00f3n, de 16 a un m\u00e1ximo de 32 salidas.<\/li>\n<li>Pulverizadores para la dispersi\u00f3n de semillas.<\/li>\n<li>Carrete portamanguera de 25 metros.<\/li>\n<li>El puente de carga.<\/li>\n<\/ul>\n<p>&nbsp;<\/p>\n<h5><span style=\"text-decoration: underline\"><strong>CARACTER\u00cdSTICAS DE LA SEMBRADORA NEUM\u00c1TICA DELIMBE T20<\/strong><\/span><\/h5>\n<table style=\"width: 1018px;height: 511px\" border=\"OUI\" width=\"510\">\n<tbody>\n<tr>\n<td><strong>Modelo <\/strong><\/td>\n<td>SEMBRADORA NEUM\u00c1TICA EST\u00c1NDAR T20<\/td>\n<\/tr>\n<tr>\n<td><strong>Tipo de equipo <\/strong><\/td>\n<td>MICROGRANULADOR &#8211; SEMBRADORA NEUM\u00c1TICA &#8211; ESPARCIDOR DE ABONO &#8211; DISTRIBUIDOR DE SEMILLAS PEQUE\u00d1AS Y GRANDES<\/td>\n<\/tr>\n<tr>\n<td><strong>Capacidad <\/strong><\/td>\n<td>250 &#8211; 400 &#8211; 600 &#8211; 800 LITROS<\/td>\n<\/tr>\n<tr>\n<td><strong>N\u00famero de salidas<\/strong><\/td>\n<td>16 SALIDAS ORIGINALES<\/td>\n<\/tr>\n<tr>\n<td><strong>Di\u00e1metro de salida<\/strong><\/td>\n<td>40 MM INTERIOR<\/td>\n<\/tr>\n<tr>\n<td><strong>Composici\u00f3n <\/strong><\/td>\n<td>DEP\u00d3SITO DE POLIETILENO &#8211; BASTIDOR DE ACERO PINTURA EPOXI AL HORNO<\/td>\n<\/tr>\n<tr>\n<td><strong>Fuente de alimentaci\u00f3n <\/strong><\/td>\n<td>MOTOR EL\u00c9CTRICO DE 12V\/100W (DISTRIBUCI\u00d3N)<\/p>\n<p>MOTOR HIDR\u00c1ULICO (VENTILACI\u00d3N)<\/td>\n<\/tr>\n<tr>\n<td><strong>Fuente <\/strong><\/td>\n<td><strong>DISE\u00d1ADO Y FABRICADO EN PONT DE L&#8217;ARCHE, FRANCIA <\/strong><\/td>\n<\/tr>\n<\/tbody>\n<\/table>\n<h5><\/h5>\n<h5><span style=\"text-decoration: underline\"><strong>DIMENSIONES DEL DIVISOR DE CAUDAL T20<\/strong><\/span><\/h5>\n<table style=\"width: 791px;height: 146px\" border=\"oui \" width=\"460\">\n<tbody>\n<tr>\n<td style=\"text-align: center\"><strong>CAPACIDADES<\/strong><\/td>\n<td style=\"text-align: center\"><strong>ANCHURA<\/strong><\/td>\n<td style=\"text-align: center\"><strong>ALTURA<\/strong><\/td>\n<td style=\"text-align: center\"><strong>PROFUNDIDAD<\/strong><\/td>\n<td style=\"text-align: center\"><strong>PESO<\/strong><\/td>\n<\/tr>\n<tr>\n<td style=\"text-align: center\">250 LITROS<\/td>\n<td style=\"text-align: center\">720 MM<\/td>\n<td style=\"text-align: center\">1000 MM<\/td>\n<td style=\"text-align: center\">2005 MM<\/td>\n<td style=\"text-align: center\">100 KGS<\/td>\n<\/tr>\n<tr>\n<td style=\"text-align: center\">400 LITROS<\/td>\n<td style=\"text-align: center\">720 MM<\/td>\n<td style=\"text-align: center\">1300 MM<\/td>\n<td style=\"text-align: center\">2005 MM<\/td>\n<td style=\"text-align: center\">110 KGS<\/td>\n<\/tr>\n<tr>\n<td style=\"text-align: center\">600 LITROS<\/td>\n<td style=\"text-align: center\">720 MM<\/td>\n<td style=\"text-align: center\">1330 MM<\/td>\n<td style=\"text-align: center\">2005 MM<\/td>\n<td style=\"text-align: center\">120 KGS<\/td>\n<\/tr>\n<tr>\n<td style=\"text-align: center\">800 LITROS<\/td>\n<td style=\"text-align: center\">720 MM<\/td>\n<td style=\"text-align: center\">1600 MM<\/td>\n<td style=\"text-align: center\">2400 MM<\/td>\n<td style=\"text-align: center\">130 KGS<\/td>\n<\/tr>\n<\/tbody>\n<\/table>\n<p>&nbsp;<\/p>\n<h5><strong><span style=\"text-decoration: underline\">DESCUBRE TODA NUESTRA GAMA DE SEMBRADORAS EN VENTA<\/span><\/strong><\/h5>\n<p><a class=\"btn btn-default\" href=\"https:\/\/delimbe.fr\/es\/categorie-produit\/inicio\/cubierta-vegetal-microgranulador-es\/\">CUBIERTA VEGETAL \/ MICROGRANULADORES<\/a> &#8211; <a class=\"btn btn-default\" href=\"https:\/\/delimbe.fr\/es\/categorie-produit\/inicio\/vino\/\">HORTICULTURA \/ VI\u00d1A <\/a> &#8211; <a class=\"btn btn-default\" href=\"https:\/\/delimbe.fr\/es\/categorie-produit\/inicio\/fertilizantes-es\/\">ABONO<\/a><\/p>\n<p>&nbsp;<\/p>\n","protected":false},"excerpt":{"rendered":"<h5 style=\"text-align: left\"><span style=\"text-decoration: underline\"><strong>R\u00e9f\u00e9rence T20-250L-400L-600L-800L-16S<\/strong><\/span><\/h5>\n<ul style=\"list-style-type: disc\">\n<li>Sembradora T20 para semillas peque\u00f1as y cereales de cobertura y abono verde.<\/li>\n<li>Recomendado para su uso con equipos de labranza a partir de 6 metros.<\/li>\n<li>Equipo neum\u00e1tico, distribuci\u00f3n el\u00e9ctrica y ventilaci\u00f3n hidr\u00e1ulica.<\/li>\n<li>Capacidades de los dep\u00f3sitos: 250, 400, 600 y 800 litros.<\/li>\n<li>Tubo de bajada con cabezal de distribuci\u00f3n original de 16 salidas.<\/li>\n<li>Ten en cuenta que hay que a\u00f1adir una caja de control (caja est\u00e1ndar o DPA).<\/li>\n<\/ul>\n<p><b><i>(Las instrucciones de uso pueden descargarse m\u00e1s abajo, en la pesta\u00f1a \u201cArchivos para descargar\u201d)<\/i><\/b><\/p>\n","protected":false},"featured_media":2163,"template":"","meta":[],"product_brand":[],"product_cat":[669,782,794,692,835],"product_tag":[],"class_list":{"0":"post-11747","1":"product","2":"type-product","3":"status-publish","4":"has-post-thumbnail","6":"product_cat-cubierta-vegetal-microgranulador-es","7":"product_cat-destaca","8":"product_cat-maquina","9":"product_cat-opciones","10":"product_cat-sembradora-hidraulica-t20","12":"first","13":"instock","14":"taxable","15":"shipping-taxable","16":"purchasable","17":"product-type-variable"},"composite_virtual":false,"composite_layout":"","composite_add_to_cart_form_location":"","composite_editable_in_cart":false,"composite_sold_individually_context":"","composite_shop_price_calc":"","composite_components":[],"composite_scenarios":[],"_links":{"self":[{"href":"https:\/\/delimbe.fr\/es\/wp-json\/wp\/v2\/product\/11747","targetHints":{"allow":["GET"]}}],"collection":[{"href":"https:\/\/delimbe.fr\/es\/wp-json\/wp\/v2\/product"}],"about":[{"href":"https:\/\/delimbe.fr\/es\/wp-json\/wp\/v2\/types\/product"}],"wp:featuredmedia":[{"embeddable":true,"href":"https:\/\/delimbe.fr\/es\/wp-json\/wp\/v2\/media\/2163"}],"wp:attachment":[{"href":"https:\/\/delimbe.fr\/es\/wp-json\/wp\/v2\/media?parent=11747"}],"wp:term":[{"taxonomy":"product_brand","embeddable":true,"href":"https:\/\/delimbe.fr\/es\/wp-json\/wp\/v2\/product_brand?post=11747"},{"taxonomy":"product_cat","embeddable":true,"href":"https:\/\/delimbe.fr\/es\/wp-json\/wp\/v2\/product_cat?post=11747"},{"taxonomy":"product_tag","embeddable":true,"href":"https:\/\/delimbe.fr\/es\/wp-json\/wp\/v2\/product_tag?post=11747"}],"curies":[{"name":"wp","href":"https:\/\/api.w.org\/{rel}","templated":true}]}}