{"id":11751,"date":"2019-08-22T10:29:51","date_gmt":"2019-08-22T10:29:51","guid":{"rendered":"https:\/\/delimbe.fr\/produit\/t18\/"},"modified":"2025-10-29T14:32:45","modified_gmt":"2025-10-29T14:32:45","slug":"t18","status":"publish","type":"product","link":"https:\/\/delimbe.fr\/es\/produit\/t18\/","title":{"rendered":"T18 EL\u00c9CTRICO"},"content":{"rendered":"<h5 style=\"text-align: center\"><strong>&#8211; DELIMBE SEMBRADORA Y MICROGRANULADOR T18 PARA CUBIERTAS VEGETALES &#8211;<\/strong><\/h5>\n<h5><\/h5>\n<h5 style=\"text-align: center\">La T18 es una sembradora para cultivos de cobertura vegetal, abonos verdes, Cipan y cultivos intermedios. Es adecuada para una amplia gama de semillas (microgr\u00e1nulos insecticidas, abonos de arranque, gr\u00e1nulos herbicidas, cereales, semillas peque\u00f1as y grandes). El distribuidor tiene un soplador y distribuci\u00f3n el\u00e9ctrica con bajantes. Se trata de una sembradora polivalente que se utiliza en todo tipo de equipos de trabajo del suelo (gradas, cultivadoras de rastrojos, cosechadoras, etc.).<\/h5>\n<h4 style=\"text-align: center\"><\/h4>\n<p>&nbsp;<\/p>\n<h5><strong><span style=\"text-decoration: underline\">DESCRIPCI\u00d3N DE LA SEMBRADORA T18<\/span><\/strong><\/h5>\n<ul style=\"list-style-type: disc\">\n<li>Chasis met\u00e1lico (pintura epoxi), <strong>capacidad 300 litros<\/strong>, tolva de polietileno.<\/li>\n<li style=\"text-align: justify\">La sembradora\/microgranuladora T18 est\u00e1 equipada con un ventilador accionado por un <strong>motor el\u00e9ctrico<\/strong> de <strong>12 voltios<\/strong>. La distribuci\u00f3n tambi\u00e9n se acciona con un <strong>motor el\u00e9ctrico<\/strong> de 12 voltios<strong> a 50 rpm<\/strong>. (Para un ventilador hidr\u00e1ulico, ver <a href=\"https:\/\/delimbe.fr\/es\/produit\/t18-hidraulico\/\"><strong>T18 hidr\u00e1ulico<\/strong><\/a>).<\/li>\n<li>Distribuci\u00f3n el\u00e9ctrica mediante un rodillo, transferencia neum\u00e1tica de las semillas a los esparcidores de semillas. Existen de <strong>1 a 12 salidas.<\/strong><\/li>\n<li>Un motorreductor el\u00e9ctrico acciona la ranura para la distribuci\u00f3n de las semillas. Se act\u00faa sobre la velocidad de rotaci\u00f3n de la ranura para regular el caudal (de 5 a 350 kg\/hora). Ajuste del caudal mediante caja el\u00e9ctrica en la cabina (opcional).<\/li>\n<li>El flujo de aire transfiere la semilla a las mangueras flexibles corrugadas de 30 mm de di\u00e1metro interior.<\/li>\n<li>En la salida de la manguera, para dispersar mejor las semillas, es posible utilizar esparcidor de semillas.<\/li>\n<li>La anchura de trabajo de cada dispersor es de 50 cm a 1 metro, seg\u00fan la altura de la disposici\u00f3n: deben instalarse de manera que las proyecciones de las semillas se crucen entre s\u00ed.<\/li>\n<li>La caja de control est\u00e1ndar dispone de un cable de 1,50 m con un enchufe de 3 pines para la alimentaci\u00f3n y un cable de 4,50 m para el enchufe de 7 pines conectado al distribuidor.<br \/>\nY la caja de control DPA dispone de un cable de 1,50 m con un enchufe de 3 pines para la alimentaci\u00f3n y un cable de 6 m para el enchufe de 7 pines conectado al distribuidor.<\/li>\n<li>Se suministra con un rodillo para accesorios, verde, de peque\u00f1o caudal (esta puede modificarse en el momento del pedido).<\/li>\n<li style=\"text-align: justify\">La sembradora agr\u00edcola T18 est\u00e1 disponible en otras dos versiones:<\/li>\n<\/ul>\n<ul style=\"list-style-type: circle\">\n<li><span style=\"text-align: justify\"><em><strong><a href=\"https:\/\/delimbe.fr\/es\/produit\/t18-double-semoir-couverts-vegetaux\/\" target=\"_blank\" rel=\"noopener\">El T18 DOBLE<\/a><\/strong><\/em> con doble distribuci\u00f3n.<br \/>\n<\/span><\/li>\n<li><strong><em><a href=\"https:\/\/delimbe.fr\/es\/produit\/t18-hidraulico\/\" target=\"_blank\" rel=\"noopener\">El T18 HIDR\u00c1ULICO<\/a><\/em> <\/strong>con t\u00fanel de viento hidr\u00e1ulico, no el\u00e9ctrico.<\/li>\n<\/ul>\n<h5><\/h5>\n<p>&nbsp;<\/p>\n<h5><span style=\"text-decoration: underline\"><strong>MICROGRANULADOR T18 OPCIONES<\/strong><\/span><\/h5>\n<ul style=\"list-style-type: disc\">\n<li><b>Las cajas de control: <\/b>ofrecemos varias opciones entre el sistema est\u00e1ndar y diferentes <a href=\"https:\/\/delimbe.fr\/categorie-produit\/inicio\/piezas-de-recambio\/sistema-dpa-caudal-proporcional-al-avance\/\"><strong>DPAE<\/strong><\/a> (caudal proporcional al avance electr\u00f3nico).<\/li>\n<\/ul>\n<ul style=\"list-style-type: circle\">\n<li><strong>Una caja de control est\u00e1ndar<\/strong> con tres interruptores: un primer interruptor para poner en marcha el soplador, un segundo interruptor con un indicador luminoso para iniciar y detener la distribuci\u00f3n al final del campo. Y un tercer interruptor moleteado con una escala de 0 a 30 para el caudal, ajustable directamente desde la cabina.<\/li>\n<li><strong>Un DPA con un sensor<\/strong> que se coloca en una rueda, en el extremo de un rodillo o en la parte posterior de un disco.<\/li>\n<li><strong>Un DPA con toma ISO<\/strong>, que recibe informaci\u00f3n del tractor a trav\u00e9s de la toma de 7 pines.<\/li>\n<li><strong>Y un DPA con una antena GPS<\/strong> que se coloca en el exterior de la cabina (se suministra con una opci\u00f3n de corte de elevaci\u00f3n).<\/li>\n<\/ul>\n<ul style=\"list-style-type: disc\">\n<li><strong>Hay 4 tipos de rodillo<\/strong>: blanca (rendimiento muy bajo), verde (rendimiento bajo), amarilla (rendimiento medio) y roja (rendimiento alto).<\/li>\n<li><strong>El rollo de manguera<\/strong> de 25 metros, di\u00e1metro 30 mm.<\/li>\n<li><strong>Los esparcidores de semillas<\/strong>, para dispersar las semillas en el extremo de la manguera.<\/li>\n<li><strong>Los soportes de los esparcidores<\/strong> de semillas para fijarlos.<\/li>\n<li><strong>Barra de fijaci\u00f3n<\/strong> del soporte de los esparcidores de semillas para cultivadores en <strong>2, 3, 4, 5 y 6 metros.<\/strong><\/li>\n<li><strong>Soportes de manguera<\/strong> para modificar\/cambiar la anchura de trabajo.<\/li>\n<li><strong>Una base de fijaci\u00f3n<\/strong> que se adapta al chasis del T18 para facilitar el montaje en la herramienta de trabajo.<\/li>\n<li><strong>Pasarela de carga.<\/strong><\/li>\n<li>Es posible montar un <strong>motor de distribuci\u00f3n lento<\/strong> (de 15 revoluciones\/minuto), utilizado para caudales peque\u00f1os.<\/li>\n<\/ul>\n<p>&nbsp;<\/p>\n<h5><span style=\"text-decoration: underline\"><strong>USO Y CONSEJO DE LA SEMBRADORA T18 ELECTRICO<\/strong><\/span><\/h5>\n<ul style=\"list-style-type: disc\">\n<li><strong>En una grada rotativa<\/strong>: la m\u00e1quina ayuda a regenerar los prados en primavera. La sembradora neum\u00e1tica Delimbe T18 con soplador puede montarse en una grada rotativa, un cultivador de rastrojos, una cosechadora o cualquier otra m\u00e1quina que trabaje el suelo.<\/li>\n<li><strong>En un cultivador de rastrojos<\/strong>: las semillas deben esparcirse antes del rodillo, de modo que la tierra proyectada por el rodillo cubra la semilla.<\/li>\n<li><strong>En una cosechadora<\/strong>: Las semillas peque\u00f1as se siembran debajo de la cosechadora y quedan cubiertas por la paja triturada que cae.<\/li>\n<li><strong>En una azada<\/strong>: la T18 siembra semillas peque\u00f1as o ray-grass entre hileras de cultivos tipo ma\u00edz.<\/li>\n<li><strong>Para vi\u00f1edos<\/strong> y horticultura: El microgranulador y la sembradora de cubiertas vegetales tambi\u00e9n est\u00e1n especializados para vi\u00f1edos y horticultura. Para ello, debes pedir el espaciador especial para vi\u00f1edos y horticultura en la secci\u00f3n \u201crecambios\u201d. Colocado sobre la herramienta de cultivo del suelo, el T18 puede utilizarse para sembrar una franja de hierba entre las hileras de vi\u00f1as.<\/li>\n<li><strong>Para \u00e1rboles frutales<\/strong>: La sembradora T18 peque\u00f1a y grande siembra una franja de hierba entre los \u00e1rboles.<\/li>\n<li><strong>Seguridad <\/strong>: Un puente de carga es esencial.<\/li>\n<li style=\"text-align: left\">Es posible desmontar la placa de soporte de los tubos para cambiar el n\u00famero de salidas. Los soportes de los tubos son intercambiables. No recomendamos tapar las salidas, ya que esto podr\u00eda da\u00f1ar la sembradora de fertilizante T18 y afectar a su buen funcionamiento.<\/li>\n<li>Recomendamos este dispositivo para herramientas de tierra de hasta<strong> 6 metros<\/strong>. Este aparato est\u00e1 disponible con 1 a 12 salidas.<\/li>\n<li>Para mayores capacidades de tolva o anchuras de trabajo superiores a 6 metros, utiliza <a href=\"https:\/\/delimbe.fr\/es\/produit\/sembradora-pequena-t20-estandar\/\"><strong>T20 EST\u00c1NDAR<\/strong><\/a>, <a href=\"https:\/\/delimbe.fr\/es\/produit\/sembradora-pequena-t20-tolva-frontal\/\"><strong>T20 FRONTAL<\/strong><\/a> o la <a href=\"https:\/\/delimbe.fr\/es\/produit\/sembradora-t20-1700-litros-16-salidas-tolva-frontal\/\"><strong>T20 1700 LITROS TOLVA FRONTAL.<\/strong><\/a><\/li>\n<\/ul>\n<p>&nbsp;<\/p>\n<p>&nbsp;<\/p>\n<h6><span style=\"text-decoration: underline\"><strong>DESCUBRE TODA NUESTRA GAMA DE SEMBRADORAS EN VENTA<\/strong><\/span><\/h6>\n<h6><strong><a class=\"btn btn-default\" href=\"https:\/\/delimbe.fr\/categorie-produit\/inicio\/cubierta-vegetal-microgranulador-es\/\">CUBIERTA VEGETAL \/ MICROGRANULADORES<\/a> &#8211; <a class=\"btn btn-default\" href=\"https:\/\/delimbe.fr\/categorie-produit\/inicio\/vino\/\">HORTICULTURA \/ VI\u00d1A <\/a> &#8211; <a class=\"btn btn-default\" href=\"https:\/\/delimbe.fr\/categorie-produit\/inicio\/fertilizantes-es\/\">ABONO<\/a><\/strong><\/h6>\n<p>&nbsp;<\/p>\n","protected":false},"excerpt":{"rendered":"<p>&nbsp;<\/p>\n<ul style=\"list-style-type: disc\">\n<li>Sembradora para cultivos de cobertura (abono verde, cereales, CIPAN, cultivos intermedios), vi\u00f1a y horticultura con soplador y bajada de manguera.<\/li>\n<li>Puede acoplarse a todo tipo de aperos de labranza o gradas de regeneraci\u00f3n de praderas.<\/li>\n<li>Distribuci\u00f3n de la semilla entre el apero de labranza y el rodillo.<\/li>\n<li>Capacidad de la tolva:\u00a0 <strong>300 litros<\/strong>.<\/li>\n<li>Tubo descendente de <strong>1 a 12 salidas<\/strong> de tu elecci\u00f3n.<\/li>\n<li><strong>Ten en cuenta que hay que a\u00f1adir una caja de control (caja est\u00e1ndar o DPA).<\/strong><\/li>\n<li><em><strong>Referencia<\/strong> : T18300L1S, T18300L2S, T18300L3S, T18300L4S, T18300L5S&#8230;<\/em><\/li>\n<\/ul>\n<p>&nbsp;<\/p>\n<p><strong><i>(Las instrucciones de uso pueden descargarse m\u00e1s abajo, en la parte \u201cArchivos para descargar\u201d)<\/i><\/strong><\/p>\n","protected":false},"featured_media":2139,"template":"","meta":[],"product_brand":[],"product_cat":[669,782,655,794,795,692,898,910,895,896,809],"product_tag":[],"class_list":{"0":"post-11751","1":"product","2":"type-product","3":"status-publish","4":"has-post-thumbnail","6":"product_cat-cubierta-vegetal-microgranulador-es","7":"product_cat-destaca","8":"product_cat-inicio","9":"product_cat-maquina","10":"product_cat-maraichage-es","11":"product_cat-opciones","12":"product_cat-sembradora-t18-es-5","13":"product_cat-sembradora-t18-es-6","14":"product_cat-sembradora-t18-es-3","15":"product_cat-sembradora-t18-es-4","16":"product_cat-vino","18":"first","19":"instock","20":"taxable","21":"shipping-taxable","22":"purchasable","23":"product-type-variable"},"composite_virtual":false,"composite_layout":"","composite_add_to_cart_form_location":"","composite_editable_in_cart":false,"composite_sold_individually_context":"","composite_shop_price_calc":"","composite_components":[],"composite_scenarios":[],"_links":{"self":[{"href":"https:\/\/delimbe.fr\/es\/wp-json\/wp\/v2\/product\/11751","targetHints":{"allow":["GET"]}}],"collection":[{"href":"https:\/\/delimbe.fr\/es\/wp-json\/wp\/v2\/product"}],"about":[{"href":"https:\/\/delimbe.fr\/es\/wp-json\/wp\/v2\/types\/product"}],"wp:featuredmedia":[{"embeddable":true,"href":"https:\/\/delimbe.fr\/es\/wp-json\/wp\/v2\/media\/2139"}],"wp:attachment":[{"href":"https:\/\/delimbe.fr\/es\/wp-json\/wp\/v2\/media?parent=11751"}],"wp:term":[{"taxonomy":"product_brand","embeddable":true,"href":"https:\/\/delimbe.fr\/es\/wp-json\/wp\/v2\/product_brand?post=11751"},{"taxonomy":"product_cat","embeddable":true,"href":"https:\/\/delimbe.fr\/es\/wp-json\/wp\/v2\/product_cat?post=11751"},{"taxonomy":"product_tag","embeddable":true,"href":"https:\/\/delimbe.fr\/es\/wp-json\/wp\/v2\/product_tag?post=11751"}],"curies":[{"name":"wp","href":"https:\/\/api.w.org\/{rel}","templated":true}]}}