{"id":11780,"date":"2019-08-22T10:22:34","date_gmt":"2019-08-22T10:22:34","guid":{"rendered":"https:\/\/delimbe.fr\/produit\/opcion-de-desconexion-del-ascensor\/"},"modified":"2019-08-22T10:22:34","modified_gmt":"2019-08-22T10:22:34","slug":"opcion-de-desconexion-del-ascensor","status":"publish","type":"product","link":"https:\/\/delimbe.fr\/es\/produit\/opcion-de-desconexion-del-ascensor\/","title":{"rendered":"OPCI\u00d3N DE DESCONEXI\u00d3N DEL ASCENSOR"},"content":{"rendered":"<p><span style=\"text-decoration-line: underline;\"><strong>Descripci\u00f3n<\/strong><\/span> :  <\/p>\n<ul>\n<li>Interruptor de palanca + mazo de cables + enchufe, para corte autom\u00e1tico al final del campo.\n<\/li>\n<li>Debe colocarse sobre el elevador del tractor para una herramienta montada, y sobre un gato para una herramienta semisuspendida.<\/li>\n<\/ul>\n","protected":false},"excerpt":{"rendered":"<p style=\"text-align: center;\">\n<ul style=\"list-style-type: disc;\">\n<li>Esta opci\u00f3n de corte y elevaci\u00f3n detiene la distribuci\u00f3n al final del campo, y la reinicia autom\u00e1ticamente cuando la herramienta vuelve al suelo.\n<\/li>\n<li>Se conecta mediante una toma de 3 polos en el lateral del aparato, en lugar de la toma de enchufe.<\/li>\n<\/ul>\n","protected":false},"featured_media":1827,"template":"","meta":[],"product_brand":[],"product_cat":[663,709,710,691,660,756,672,757,719,720,721,664,714,715,712,713,711,716],"product_tag":[],"class_list":{"0":"post-11780","1":"product","2":"type-product","3":"status-publish","4":"has-post-thumbnail","6":"product_cat-cubierta-vegetal-microgranulador","7":"product_cat-esparcidores-fertilizantes","8":"product_cat-localizada","9":"product_cat-parte","10":"product_cat-piezas-de-recambio","11":"product_cat-sembradora-t14-es","12":"product_cat-sembradora-t14","13":"product_cat-sembradora-t14-es-2","14":"product_cat-sembradora-t15","15":"product_cat-sembradora-t15-es","16":"product_cat-sembradora-t15-es-2","17":"product_cat-sembradora-t17","18":"product_cat-sembradora-t18-es","19":"product_cat-sembradora-t18-es-2","20":"product_cat-sembradora-t18","21":"product_cat-sembradora-t20-es-2","22":"product_cat-sembradora-t20-es","23":"product_cat-sembradora-t20-es-3","25":"first","26":"onbackorder","27":"taxable","28":"shipping-taxable","29":"purchasable","30":"product-type-simple"},"composite_virtual":false,"composite_layout":"","composite_add_to_cart_form_location":"","composite_editable_in_cart":false,"composite_sold_individually_context":"","composite_shop_price_calc":"","composite_components":[],"composite_scenarios":[],"_links":{"self":[{"href":"https:\/\/delimbe.fr\/es\/wp-json\/wp\/v2\/product\/11780","targetHints":{"allow":["GET"]}}],"collection":[{"href":"https:\/\/delimbe.fr\/es\/wp-json\/wp\/v2\/product"}],"about":[{"href":"https:\/\/delimbe.fr\/es\/wp-json\/wp\/v2\/types\/product"}],"wp:featuredmedia":[{"embeddable":true,"href":"https:\/\/delimbe.fr\/es\/wp-json\/wp\/v2\/media\/1827"}],"wp:attachment":[{"href":"https:\/\/delimbe.fr\/es\/wp-json\/wp\/v2\/media?parent=11780"}],"wp:term":[{"taxonomy":"product_brand","embeddable":true,"href":"https:\/\/delimbe.fr\/es\/wp-json\/wp\/v2\/product_brand?post=11780"},{"taxonomy":"product_cat","embeddable":true,"href":"https:\/\/delimbe.fr\/es\/wp-json\/wp\/v2\/product_cat?post=11780"},{"taxonomy":"product_tag","embeddable":true,"href":"https:\/\/delimbe.fr\/es\/wp-json\/wp\/v2\/product_tag?post=11780"}],"curies":[{"name":"wp","href":"https:\/\/api.w.org\/{rel}","templated":true}]}}