{"id":11791,"date":"2019-08-22T10:22:21","date_gmt":"2019-08-22T10:22:21","guid":{"rendered":"https:\/\/delimbe.fr\/produit\/viejo-motor-de-accionamiento-de-la-escotilla-t24-t28-dech-eng-antes-de-2007\/"},"modified":"2019-08-22T10:22:21","modified_gmt":"2019-08-22T10:22:21","slug":"viejo-motor-de-accionamiento-de-la-escotilla-t24-t28-dech-eng-antes-de-2007","status":"publish","type":"product","link":"https:\/\/delimbe.fr\/es\/produit\/viejo-motor-de-accionamiento-de-la-escotilla-t24-t28-dech-eng-antes-de-2007\/","title":{"rendered":"VIEJO MOTOR DE ACCIONAMIENTO DE LA ESCOTILLA T24 \/ T28 \/ DECH \/ ENG ANTES DE 2007"},"content":{"rendered":"","protected":false},"excerpt":{"rendered":"<p style=\"text-align: center;\">\n<ul style=\"list-style-type: disc;\">\n<li>Antiguo motor de accionamiento de puerta para distribuidor centr\u00edfugo,\n<\/li>\n<li>Este motor se monta en los primeros modelos <strong>T24 y T28, especializados en cultivadores de rastrojos y sembradoras de abono,<\/strong>\n<\/li>\n<li>Utilizada desde <strong>2007 hasta 2016<\/strong>,  <br \/><strong><br \/><\/strong><\/li>\n<li>Se trata del motor de apertura y cierre de la trampilla con caja de cambios integrada,\n<\/li>\n<li>Ahora ha sido sustituido por un nuevo motor, el <strong>kit v\u00e9rin<\/strong> (KITVERIN), que ocupa el lugar del antiguo motor. Para los modelos muy antiguos, anteriores al a\u00f1o 2000, es mejor que nos llames para comprobar que tu distribuidor es compatible con la nueva versi\u00f3n (el tama\u00f1o de la trampilla puede ser diferente),\n<\/li>\n<li>Esta antigua referencia todav\u00eda est\u00e1 disponible en stock.\n<\/li>\n<\/ul>\n","protected":false},"featured_media":1799,"template":"","meta":[],"product_brand":[],"product_cat":[730,728,696,699,698,663,700,693,709,731,691,660],"product_tag":[],"class_list":{"0":"post-11791","1":"product","2":"type-product","3":"status-publish","4":"has-post-thumbnail","6":"product_cat-abonadora-120l","7":"product_cat-abonadora-70l","8":"product_cat-antibabosas-t24","9":"product_cat-antibabosas-t24-es","10":"product_cat-antibabosas-t28","11":"product_cat-cubierta-vegetal-microgranulador","12":"product_cat-esparcidor-t28","13":"product_cat-esparcidores-antibabosas","14":"product_cat-esparcidores-fertilizantes","15":"product_cat-especial-cultivador","16":"product_cat-parte","17":"product_cat-piezas-de-recambio","18":"pa_conditionnement-a-la-unidad","19":"pa_modele-semilleras-distribuidores-t24-t28-semillera-de-abono-especial-para-la-recoleccion-de-residuos","20":"pa_origine-origen-preferencial-frances","21":"pa_puissance-35watts-es","22":"pa_typedeproduit-motor-de-compartimento","23":"pa_voltagev-12-voltios","25":"first","26":"onbackorder","27":"taxable","28":"shipping-taxable","29":"purchasable","30":"product-type-simple"},"composite_virtual":false,"composite_layout":"","composite_add_to_cart_form_location":"","composite_editable_in_cart":false,"composite_sold_individually_context":"","composite_shop_price_calc":"","composite_components":[],"composite_scenarios":[],"_links":{"self":[{"href":"https:\/\/delimbe.fr\/es\/wp-json\/wp\/v2\/product\/11791","targetHints":{"allow":["GET"]}}],"collection":[{"href":"https:\/\/delimbe.fr\/es\/wp-json\/wp\/v2\/product"}],"about":[{"href":"https:\/\/delimbe.fr\/es\/wp-json\/wp\/v2\/types\/product"}],"wp:featuredmedia":[{"embeddable":true,"href":"https:\/\/delimbe.fr\/es\/wp-json\/wp\/v2\/media\/1799"}],"wp:attachment":[{"href":"https:\/\/delimbe.fr\/es\/wp-json\/wp\/v2\/media?parent=11791"}],"wp:term":[{"taxonomy":"product_brand","embeddable":true,"href":"https:\/\/delimbe.fr\/es\/wp-json\/wp\/v2\/product_brand?post=11791"},{"taxonomy":"product_cat","embeddable":true,"href":"https:\/\/delimbe.fr\/es\/wp-json\/wp\/v2\/product_cat?post=11791"},{"taxonomy":"product_tag","embeddable":true,"href":"https:\/\/delimbe.fr\/es\/wp-json\/wp\/v2\/product_tag?post=11791"}],"curies":[{"name":"wp","href":"https:\/\/api.w.org\/{rel}","templated":true}]}}