{"id":11836,"date":"2019-08-22T10:21:03","date_gmt":"2019-08-22T10:21:03","guid":{"rendered":"https:\/\/delimbe.fr\/produit\/interruptor-de-encendido-apagado-de-2-polos\/"},"modified":"2019-08-22T10:21:03","modified_gmt":"2019-08-22T10:21:03","slug":"interruptor-de-encendido-apagado-de-2-polos","status":"publish","type":"product","link":"https:\/\/delimbe.fr\/es\/produit\/interruptor-de-encendido-apagado-de-2-polos\/","title":{"rendered":"INTERRUPTOR DE ENCENDIDO\/APAGADO DE 2 POLOS"},"content":{"rendered":"","protected":false},"excerpt":{"rendered":"<ul style=\"list-style-type: disc;\">\n<li>Interruptor para caja de control est\u00e1ndar o DPA para todas nuestras sembradoras y distribuidores DELIMBE,\n<\/li>\n<li>Este interruptor de 2 clavijas tiene 2 posiciones: encendido y apagado,\n<\/li>\n<li>Es el interruptor que controla la distribuci\u00f3n y\/o la ventilaci\u00f3n de la m\u00e1quina, seg\u00fan tu modelo DELIMBE.<\/li>\n<\/ul>\n","protected":false},"featured_media":1705,"template":"","meta":[],"product_brand":[],"product_cat":[730,728,824,823,696,699,698,663,700,800,693,709,727,729,731,710,691,660,757,672,756,719,720,721,664,712,714,715,713,711,716],"product_tag":[],"class_list":{"0":"post-11836","1":"product","2":"type-product","3":"status-publish","4":"has-post-thumbnail","6":"product_cat-abonadora-120l","7":"product_cat-abonadora-70l","8":"product_cat-alimentador-es-2","9":"product_cat-alimentadora","10":"product_cat-antibabosas-t24","11":"product_cat-antibabosas-t24-es","12":"product_cat-antibabosas-t28","13":"product_cat-cubierta-vegetal-microgranulador","14":"product_cat-esparcidor-t28","15":"product_cat-esparcidora-de-forraje-t11","16":"product_cat-esparcidores-antibabosas","17":"product_cat-esparcidores-fertilizantes","18":"product_cat-esparcimiento-de-sal","19":"product_cat-esparcimiento-de-sal-t11","20":"product_cat-especial-cultivador","21":"product_cat-localizada","22":"product_cat-parte","23":"product_cat-piezas-de-recambio","24":"product_cat-sembradora-t14-es-2","25":"product_cat-sembradora-t14","26":"product_cat-sembradora-t14-es","27":"product_cat-sembradora-t15","28":"product_cat-sembradora-t15-es","29":"product_cat-sembradora-t15-es-2","30":"product_cat-sembradora-t17","31":"product_cat-sembradora-t18","32":"product_cat-sembradora-t18-es","33":"product_cat-sembradora-t18-es-2","34":"product_cat-sembradora-t20-es-2","35":"product_cat-sembradora-t20-es","36":"product_cat-sembradora-t20-es-3","37":"pa_conditionnement-a-la-unidad","38":"pa_fonction-inicio-final","39":"pa_modele-2-broches","40":"pa_nomenclature-85365011-es","41":"pa_typedeproduit-interruptor-para-caja-de-mandos","43":"first","44":"onbackorder","45":"taxable","46":"shipping-taxable","47":"purchasable","48":"product-type-simple"},"composite_virtual":false,"composite_layout":"","composite_add_to_cart_form_location":"","composite_editable_in_cart":false,"composite_sold_individually_context":"","composite_shop_price_calc":"","composite_components":[],"composite_scenarios":[],"_links":{"self":[{"href":"https:\/\/delimbe.fr\/es\/wp-json\/wp\/v2\/product\/11836","targetHints":{"allow":["GET"]}}],"collection":[{"href":"https:\/\/delimbe.fr\/es\/wp-json\/wp\/v2\/product"}],"about":[{"href":"https:\/\/delimbe.fr\/es\/wp-json\/wp\/v2\/types\/product"}],"wp:featuredmedia":[{"embeddable":true,"href":"https:\/\/delimbe.fr\/es\/wp-json\/wp\/v2\/media\/1705"}],"wp:attachment":[{"href":"https:\/\/delimbe.fr\/es\/wp-json\/wp\/v2\/media?parent=11836"}],"wp:term":[{"taxonomy":"product_brand","embeddable":true,"href":"https:\/\/delimbe.fr\/es\/wp-json\/wp\/v2\/product_brand?post=11836"},{"taxonomy":"product_cat","embeddable":true,"href":"https:\/\/delimbe.fr\/es\/wp-json\/wp\/v2\/product_cat?post=11836"},{"taxonomy":"product_tag","embeddable":true,"href":"https:\/\/delimbe.fr\/es\/wp-json\/wp\/v2\/product_tag?post=11836"}],"curies":[{"name":"wp","href":"https:\/\/api.w.org\/{rel}","templated":true}]}}