{"id":11851,"date":"2019-08-22T10:20:56","date_gmt":"2019-08-22T10:20:56","guid":{"rendered":"https:\/\/delimbe.fr\/produit\/sembradora\/"},"modified":"2025-07-17T13:54:13","modified_gmt":"2025-07-17T13:54:13","slug":"sembradora","status":"publish","type":"product","link":"https:\/\/delimbe.fr\/es\/produit\/sembradora\/","title":{"rendered":"SEMBRADORA"},"content":{"rendered":"<h4 style=\"text-align: center;\"><strong>&#8211; SEMBRADORA ABONADORA DELIMBE &#8211;<\/strong><\/h4>\n<p>Sembradora abonadora centr\u00edfuga el\u00e9ctrica, 70 \u00f3 120 litros, 12 metros de anchura de trabajo.<\/p>\n<h4 style=\"text-align: center;\"><\/h4>\n<h5 style=\"text-align: left;\"><span style=\"text-decoration: underline;\"><strong>DESCRIPCI\u00d3N DE LA ABONADORA<\/strong><\/span><\/h5>\n<ul style=\"list-style-type: disc;\">\n<li>La abonadora DELIMBE es una abonadora centr\u00edfuga.<\/li>\n<li>Anchura de trabajo de 12 metros con solapamiento de 16 metros.<\/li>\n<li>El caudal puede ajustarse de 0 a 2000 kg\/hora (escala de 0 a 50).<\/li>\n<li>Funciona con dos motores el\u00e9ctricos de 12 voltios:<\/li>\n<\/ul>\n<ol>\n<li>Para girar la placa de separaci\u00f3n.<\/li>\n<li>Un motor actuador para abrir y cerrar la trampilla el\u00e9ctrica (KIT VERIN).<\/li>\n<\/ol>\n<ul style=\"list-style-type: disc;\">\n<li>Adecuado para acceder a terrenos muy h\u00famedos en primavera: campos empapados, zonas h\u00famedas, bordes de bosques, etc.<\/li>\n<li>El dep\u00f3sito es de polietileno y el chasis es totalmente de aluminio con tratamiento marino; la base del dep\u00f3sito, los tornillos y la bandeja de esparcimiento son de acero inoxidable.<\/li>\n<li>Un joystick ajusta la colocaci\u00f3n de las semillas para una proyecci\u00f3n \u00f3ptima.<\/li>\n<li>Se acopla directamente al portaequipajes del quad.<\/li>\n<li>Tambi\u00e9n ofrecemos otros modelos de abonadoras, como nuestras abonadoras neum\u00e1ticas, que encontrar\u00e1s en la categor\u00eda \u00abAbonos\u00bb.<strong><a href=\"https:\/\/delimbe.fr\/es\/categorie-produit\/inicio\/fertilizantes-es\/\">ABONADORAS<\/a><\/strong>\u00ab.<\/li>\n<\/ul>\n<p><span style=\"text-decoration: underline;\"><strong>OPCIONES DE PERFORACI\u00d3N FERTILIZANTE<\/strong><\/span><\/p>\n<ul style=\"list-style-type: disc;\">\n<li>Una <strong>caja est\u00e1ndar<\/strong> para empezar o una <strong>caja de ajuste<\/strong> para fijar la anchura de 3 a 12 metros.<\/li>\n<li>Un enganche de 3 puntos para elevar\/enganchar a tractores (compatible con la parte delantera y trasera).<\/li>\n<\/ul>\n","protected":false},"excerpt":{"rendered":"<h5><\/h5>\n<ul style=\"list-style-type: disc;\">\n<li><strong>Esparcidor de abono, capacidad 70 \u00f3 120 litros<\/strong>.<\/li>\n<li>Abonadora centr\u00edfuga con pulverizaci\u00f3n al voleo.<\/li>\n<li>Adecuado para acceder a terrenos muy h\u00famedos, anchura de trabajo<strong> 12 metros<\/strong>.<\/li>\n<li>Funcionamiento el\u00e9ctrico por bandeja.<\/li>\n<li style=\"box-sizing: border-box;\">Apertura y cierre el\u00e9ctricos, palanca de orientaci\u00f3n de proyecci\u00f3n.<br \/>\n<br style=\"box-sizing: border-box;\" \/><\/li>\n<li>Ten en cuenta que el aparato no puede funcionar sin a\u00f1adir una caja de control (caja est\u00e1ndar o caja de ajuste de anchura).<\/li>\n<\/ul>\n<p><b><i>(Las instrucciones de uso pueden descargarse m\u00e1s abajo, en la pesta\u00f1a \u201cArchivos para descargar\u201d)<\/i><\/b><\/p>\n","protected":false},"featured_media":1681,"template":"","meta":[],"product_brand":[],"product_cat":[912,782,793,655,794,692],"product_tag":[],"class_list":{"0":"post-11851","1":"product","2":"type-product","3":"status-publish","4":"has-post-thumbnail","6":"product_cat-abonadora","7":"product_cat-destaca","8":"product_cat-fertilizantes-es","9":"product_cat-inicio","10":"product_cat-maquina","11":"product_cat-opciones","13":"first","14":"instock","15":"taxable","16":"shipping-taxable","17":"purchasable","18":"product-type-variable"},"composite_virtual":false,"composite_layout":"","composite_add_to_cart_form_location":"","composite_editable_in_cart":false,"composite_sold_individually_context":"","composite_shop_price_calc":"","composite_components":[],"composite_scenarios":[],"_links":{"self":[{"href":"https:\/\/delimbe.fr\/es\/wp-json\/wp\/v2\/product\/11851","targetHints":{"allow":["GET"]}}],"collection":[{"href":"https:\/\/delimbe.fr\/es\/wp-json\/wp\/v2\/product"}],"about":[{"href":"https:\/\/delimbe.fr\/es\/wp-json\/wp\/v2\/types\/product"}],"wp:featuredmedia":[{"embeddable":true,"href":"https:\/\/delimbe.fr\/es\/wp-json\/wp\/v2\/media\/1681"}],"wp:attachment":[{"href":"https:\/\/delimbe.fr\/es\/wp-json\/wp\/v2\/media?parent=11851"}],"wp:term":[{"taxonomy":"product_brand","embeddable":true,"href":"https:\/\/delimbe.fr\/es\/wp-json\/wp\/v2\/product_brand?post=11851"},{"taxonomy":"product_cat","embeddable":true,"href":"https:\/\/delimbe.fr\/es\/wp-json\/wp\/v2\/product_cat?post=11851"},{"taxonomy":"product_tag","embeddable":true,"href":"https:\/\/delimbe.fr\/es\/wp-json\/wp\/v2\/product_tag?post=11851"}],"curies":[{"name":"wp","href":"https:\/\/api.w.org\/{rel}","templated":true}]}}