{"id":11857,"date":"2019-08-22T10:20:46","date_gmt":"2019-08-22T10:20:46","guid":{"rendered":"https:\/\/delimbe.fr\/produit\/bandera-mariposa\/"},"modified":"2019-08-22T10:20:46","modified_gmt":"2019-08-22T10:20:46","slug":"bandera-mariposa","status":"publish","type":"product","link":"https:\/\/delimbe.fr\/es\/produit\/bandera-mariposa\/","title":{"rendered":"BANDERA MARIPOSA"},"content":{"rendered":"<p><span style=\"text-decoration: underline;\"><strong>Descripci\u00f3n<\/strong><\/span> :  <\/p>\n<ul style=\"list-style-type: disc;\">\n<li>Barra plana met\u00e1lica de dos tonos para comprobar que la estr\u00eda funciona correctamente. El conductor del tractor puede ver c\u00f3mo gira la estr\u00eda mientras conduce.\n<\/li>\n<li>La mariposa tambi\u00e9n act\u00faa como asa para extraer e introducir la estr\u00eda en el dispositivo, gracias a su rosca. As\u00ed que no se necesitan herramientas para cambiar la estr\u00eda. <\/li>\n<\/ul>\n","protected":false},"excerpt":{"rendered":"<p style=\"text-align: left;\">\n<ul style=\"list-style-type: disc;\">\n<li>Bandera mariposa para T15, T17, T18 y T20.<\/li>\n<\/ul>\n","protected":false},"featured_media":1661,"template":"","meta":[],"product_brand":[],"product_cat":[663,709,710,691,660,720,721,719,664,714,715,712,711,716,713],"product_tag":[],"class_list":{"0":"post-11857","1":"product","2":"type-product","3":"status-publish","4":"has-post-thumbnail","6":"product_cat-cubierta-vegetal-microgranulador","7":"product_cat-esparcidores-fertilizantes","8":"product_cat-localizada","9":"product_cat-parte","10":"product_cat-piezas-de-recambio","11":"product_cat-sembradora-t15-es","12":"product_cat-sembradora-t15-es-2","13":"product_cat-sembradora-t15","14":"product_cat-sembradora-t17","15":"product_cat-sembradora-t18-es","16":"product_cat-sembradora-t18-es-2","17":"product_cat-sembradora-t18","18":"product_cat-sembradora-t20-es","19":"product_cat-sembradora-t20-es-3","20":"product_cat-sembradora-t20-es-2","22":"first","23":"onbackorder","24":"taxable","25":"shipping-taxable","26":"purchasable","27":"product-type-simple"},"composite_virtual":false,"composite_layout":"","composite_add_to_cart_form_location":"","composite_editable_in_cart":false,"composite_sold_individually_context":"","composite_shop_price_calc":"","composite_components":[],"composite_scenarios":[],"_links":{"self":[{"href":"https:\/\/delimbe.fr\/es\/wp-json\/wp\/v2\/product\/11857","targetHints":{"allow":["GET"]}}],"collection":[{"href":"https:\/\/delimbe.fr\/es\/wp-json\/wp\/v2\/product"}],"about":[{"href":"https:\/\/delimbe.fr\/es\/wp-json\/wp\/v2\/types\/product"}],"wp:featuredmedia":[{"embeddable":true,"href":"https:\/\/delimbe.fr\/es\/wp-json\/wp\/v2\/media\/1661"}],"wp:attachment":[{"href":"https:\/\/delimbe.fr\/es\/wp-json\/wp\/v2\/media?parent=11857"}],"wp:term":[{"taxonomy":"product_brand","embeddable":true,"href":"https:\/\/delimbe.fr\/es\/wp-json\/wp\/v2\/product_brand?post=11857"},{"taxonomy":"product_cat","embeddable":true,"href":"https:\/\/delimbe.fr\/es\/wp-json\/wp\/v2\/product_cat?post=11857"},{"taxonomy":"product_tag","embeddable":true,"href":"https:\/\/delimbe.fr\/es\/wp-json\/wp\/v2\/product_tag?post=11857"}],"curies":[{"name":"wp","href":"https:\/\/api.w.org\/{rel}","templated":true}]}}