{"id":11863,"date":"2019-08-22T10:20:42","date_gmt":"2019-08-22T10:20:42","guid":{"rendered":"https:\/\/delimbe.fr\/produit\/caja-de-sensores-dpa\/"},"modified":"2025-07-21T10:17:49","modified_gmt":"2025-07-21T10:17:49","slug":"caja-de-sensores-dpa","status":"publish","type":"product","link":"https:\/\/delimbe.fr\/es\/produit\/caja-de-sensores-dpa\/","title":{"rendered":"CAJA DE SENSORES DPA"},"content":{"rendered":"<div class=\"rte\">\n<h5><span style=\"text-decoration: underline;\"><strong>DESCRIPCI\u00d3N DE LA CAJA DE SENSORES DPA<\/strong><\/span><\/h5>\n<ul style=\"list-style-type: disc;\">\n<li>El sistema CAPTEUR &#8211; DPA regula continuamente la velocidad de distribuci\u00f3n en funci\u00f3n del avance de la herramienta de trabajo del suelo <em>(sistema DPA)<\/em>. Al final del campo, la distribuci\u00f3n de la m\u00e1quina se detiene autom\u00e1ticamente, de forma gradual, porque la herramienta est\u00e1 elevada y la rueda de la herramienta ya no gira. Si deseas detener la distribuci\u00f3n directamente, puedes a\u00f1adir un interruptor de desconexi\u00f3n del elevador opcional que se coloca en el elevador.<\/li>\n<li>Se trata de un sistema de caudal proporcional al avance mec\u00e1nico mediante un sensor colocado en una pieza giratoria de la herramienta (rodillo, disco, rueda, etc.).<\/li>\n<li>El sistema de sensores DPA est\u00e1 equipado con una luz de control y una caja de control en la cabina que incorpora las funciones de las sembradoras DELIMBE. Est\u00e1 provisto de interruptores para memorizar la velocidad e iniciar la siembra al final de la hilera.<\/li>\n<\/ul>\n<p>El DPA CAPTEUR se compone de :<\/p>\n<ul style=\"list-style-type: circle;\">\n<li>Una caja de control con potenci\u00f3metro de ajuste del caudal,<\/li>\n<li>Un interruptor de encendido\/apagado para controlar la dispensaci\u00f3n,<\/li>\n<li>Un bot\u00f3n de encendido\/apagado para controlar el soplador,<\/li>\n<li>Un bot\u00f3n de cebado para accionar el sistema sin moverlo hacia delante<em>(por ejemplo, para hacer la pesada<\/em>),<\/li>\n<li>Un bot\u00f3n de velocidad memorizada, para guardar un ajuste (la velocidad deseada).<\/li>\n<li>Un sensor de posici\u00f3n para fijar a un elemento giratorio. El cable tiene 8 metros de longitud.<\/li>\n<li style=\"box-sizing: border-box;\">Arn\u00e9s de alimentaci\u00f3n incluido con la caja: La caja incluye un enchufe de 3 clavijas para alimentar el tractor con un arn\u00e9s de 1,5 metros y un enchufe de 7 clavijas para conectarlo al aparato con un arn\u00e9s de 7 metros.<\/li>\n<\/ul>\n<\/div>\n<div class=\"rte\">\n<h5><strong><span style=\"text-decoration: underline;\">C\u00d3MO UTILIZAR EL SENSOR DPA<\/span><\/strong><\/h5>\n<ul style=\"list-style-type: disc;\">\n<li>Coloca el sensor con un perno met\u00e1lico en el extremo del rodillo, la rueda de la herramienta o tractor, la parte posterior de un disco, etc. (un elemento giratorio). Debe estar en una posici\u00f3n est\u00e1tica. Un objeto met\u00e1lico giratorio, como un perno, debe colocarse a una distancia aproximada de entre 5 mm y 10 mm del sensor. El di\u00e1metro del impulsor no es necesario para calcular el caudal, ya que el DPA funciona en funci\u00f3n de la frecuencia de rotaci\u00f3n.<\/li>\n<li>Es preferible utilizar la tabla de ajuste suministrada con el aparato para ajustar el DPA.<\/li>\n<li>Si quieres un sensor DPA en tu Kit T14, puedes elegir entre :<\/li>\n<\/ul>\n<ol style=\"list-style-type: undefined;\">\n<li>Ajuste sencillo con un solo potenci\u00f3metro para accionar la distribuci\u00f3n de las 2 flautas al mismo tiempo, caudal id\u00e9ntico para cada una<\/li>\n<li>O un doble ajuste con dos potenci\u00f3metros para accionar la distribuci\u00f3n de las 2 flautas independientemente una de otra, con caudales diferentes o id\u00e9nticos para cada una, seg\u00fan tus necesidades.<\/li>\n<\/ol>\n<h5><span style=\"text-decoration: underline;\"><strong>AJUSTE DE LA CAJA DPA POR SENSOR<\/strong><\/span><\/h5>\n<p>Haz el c\u00e1lculo siguiente para obtener un ajuste en kg\/hora:<\/p>\n<p><strong>Velocidad x Anchura de trabajo x Dosis por hect\u00e1rea = Kilogramos por hora.<\/strong><\/p>\n<p>El resultado obtenido te permite pesar en un minuto para obtener gramos\/minuto y comprobar el ajuste correcto de la dosis. A continuaci\u00f3n, este peso debe convertirse en kilogramos\/hora.<\/p>\n<p>Para ello, mant\u00e9n el dedo pulsado el bot\u00f3n de cebado durante un minuto. La chaveta empezar\u00e1 a girar hasta el ajuste deseado.<\/p>\n<p>Si la pesada revela una sobredosis o una infradosis, hay que cambiar el ajuste del potenci\u00f3metro y repetir la pesada.<\/p>\n<p>Una vez realizado el ajuste en el potenci\u00f3metro de la cabina, acciona los interruptores de encendido\/apagado para poner en marcha el soplador y la distribuci\u00f3n. El tractor debe circular a la velocidad de trabajo ajustada para que el DPA reciba la informaci\u00f3n de velocidad. Cuando se haya alcanzado esta velocidad de trabajo, pulsa el bot\u00f3n de velocidad memorizada. El LED verde empezar\u00e1 a parpadear. Cuando permanezca encendido y deje de parpadear, significa que el DPA est\u00e1 funcionando. Por tanto, la dosis es uniforme, sea cual sea la velocidad de avance del tractor.<\/p>\n<p>&nbsp;<\/p>\n<p><em><strong>Para m\u00e1s detalles sobre las caracter\u00edsticas, haz clic en la pesta\u00f1a \u201cDetalles del producto\u201d, justo encima de la descripci\u00f3n.<\/strong><\/em><\/p>\n<\/div>\n","protected":false},"excerpt":{"rendered":"<ul style=\"list-style-type: disc;\">\n<li>Caja DPA con sensor de velocidad.<\/li>\n<li>Compatible con nuestras sembradoras y microgranuladores: <strong> <a href=\"https:\/\/delimbe.fr\/es\/categorie-produit\/inicio\/cubierta-vegetal-microgranulador-es\/\">T14, T15, T17, T18 y T20<\/a><\/strong>.<\/li>\n<li><strong>DPA<\/strong> = Caudal proporcional al avance.<\/li>\n<li>Aseg\u00farate de seleccionar el modelo adecuado para tu sembradora.<\/li>\n<\/ul>\n<p><strong><em>(Las instrucciones de uso pueden descargarse m\u00e1s abajo, en la pesta\u00f1a \u00abArchivos para descargar\u00bb)<\/em><\/strong><\/p>\n","protected":false},"featured_media":1653,"template":"","meta":[],"product_brand":[],"product_cat":[663,701,709,710,692,691,660,694,756,757,672,720,721,719,664,714,715,712,713,711,716,695,2016],"product_tag":[],"class_list":{"0":"post-11863","1":"product","2":"type-product","3":"status-publish","4":"has-post-thumbnail","6":"product_cat-cubierta-vegetal-microgranulador","7":"product_cat-dpa-por-sensor","8":"product_cat-esparcidores-fertilizantes","9":"product_cat-localizada","10":"product_cat-opciones","11":"product_cat-parte","12":"product_cat-piezas-de-recambio","13":"product_cat-recambios","14":"product_cat-sembradora-t14-es","15":"product_cat-sembradora-t14-es-2","16":"product_cat-sembradora-t14","17":"product_cat-sembradora-t15-es","18":"product_cat-sembradora-t15-es-2","19":"product_cat-sembradora-t15","20":"product_cat-sembradora-t17","21":"product_cat-sembradora-t18-es","22":"product_cat-sembradora-t18-es-2","23":"product_cat-sembradora-t18","24":"product_cat-sembradora-t20-es-2","25":"product_cat-sembradora-t20-es","26":"product_cat-sembradora-t20-es-3","27":"product_cat-sistema-dpa-caudal-proporcional-al-avance","28":"product_cat-pulverizadores","30":"first","31":"instock","32":"taxable","33":"shipping-taxable","34":"purchasable","35":"product-type-variable"},"composite_virtual":false,"composite_layout":"","composite_add_to_cart_form_location":"","composite_editable_in_cart":false,"composite_sold_individually_context":"","composite_shop_price_calc":"","composite_components":[],"composite_scenarios":[],"_links":{"self":[{"href":"https:\/\/delimbe.fr\/es\/wp-json\/wp\/v2\/product\/11863","targetHints":{"allow":["GET"]}}],"collection":[{"href":"https:\/\/delimbe.fr\/es\/wp-json\/wp\/v2\/product"}],"about":[{"href":"https:\/\/delimbe.fr\/es\/wp-json\/wp\/v2\/types\/product"}],"wp:featuredmedia":[{"embeddable":true,"href":"https:\/\/delimbe.fr\/es\/wp-json\/wp\/v2\/media\/1653"}],"wp:attachment":[{"href":"https:\/\/delimbe.fr\/es\/wp-json\/wp\/v2\/media?parent=11863"}],"wp:term":[{"taxonomy":"product_brand","embeddable":true,"href":"https:\/\/delimbe.fr\/es\/wp-json\/wp\/v2\/product_brand?post=11863"},{"taxonomy":"product_cat","embeddable":true,"href":"https:\/\/delimbe.fr\/es\/wp-json\/wp\/v2\/product_cat?post=11863"},{"taxonomy":"product_tag","embeddable":true,"href":"https:\/\/delimbe.fr\/es\/wp-json\/wp\/v2\/product_tag?post=11863"}],"curies":[{"name":"wp","href":"https:\/\/api.w.org\/{rel}","templated":true}]}}