{"id":11871,"date":"2019-08-22T10:20:30","date_gmt":"2019-08-22T10:20:30","guid":{"rendered":"https:\/\/delimbe.fr\/produit\/cisterna-redonda-120l-t14-t28-dech-eng-ag\/"},"modified":"2019-08-22T10:20:30","modified_gmt":"2019-08-22T10:20:30","slug":"cisterna-redonda-120l-t14-t28-dech-eng-ag","status":"publish","type":"product","link":"https:\/\/delimbe.fr\/es\/produit\/cisterna-redonda-120l-t14-t28-dech-eng-ag\/","title":{"rendered":"CISTERNA REDONDA 120L T14 &#8211; T28 &#8211; DECH &#8211; ENG &#8211; AG"},"content":{"rendered":"<ul style=\"list-style-type: disc;\">\n<li>Dep\u00f3sito redondo de polietileno verde con tap\u00f3n de rosca, 120 litros.\n<\/li>\n<li>Di\u00e1metro 600 mm y altura 700 mm sin tapa.\n<\/li>\n<li><strong>La camiseta tambi\u00e9n est\u00e1 disponible en blanco (ligeramente transl\u00facido). Si prefieres este color, d\u00e9janos un comentario cuando hagas tu pedido. <\/strong><\/li>\n<\/ul><\/p>\n","protected":false},"excerpt":{"rendered":"<p style=\"text-align: center;\">\n<ul style=\"list-style-type: disc;\">\n<li>Dep\u00f3sito redondo de pl\u00e1stico de 120 litros para los distribuidores T14, T28, Cultivador de rastrojos especial, Sembradora de abono y Agrainer.<\/li>\n<\/ul>\n","protected":false},"featured_media":1631,"template":"","meta":[],"product_brand":[],"product_cat":[824,823,698,663,700,693,731,691,660],"product_tag":[],"class_list":{"0":"post-11871","1":"product","2":"type-product","3":"status-publish","4":"has-post-thumbnail","6":"product_cat-alimentador-es-2","7":"product_cat-alimentadora","8":"product_cat-antibabosas-t28","9":"product_cat-cubierta-vegetal-microgranulador","10":"product_cat-esparcidor-t28","11":"product_cat-esparcidores-antibabosas","12":"product_cat-especial-cultivador","13":"product_cat-parte","14":"product_cat-piezas-de-recambio","15":"pa_nomenclature-84879090-es","17":"first","18":"onbackorder","19":"taxable","20":"shipping-taxable","21":"purchasable","22":"product-type-simple"},"composite_virtual":false,"composite_layout":"","composite_add_to_cart_form_location":"","composite_editable_in_cart":false,"composite_sold_individually_context":"","composite_shop_price_calc":"","composite_components":[],"composite_scenarios":[],"_links":{"self":[{"href":"https:\/\/delimbe.fr\/es\/wp-json\/wp\/v2\/product\/11871","targetHints":{"allow":["GET"]}}],"collection":[{"href":"https:\/\/delimbe.fr\/es\/wp-json\/wp\/v2\/product"}],"about":[{"href":"https:\/\/delimbe.fr\/es\/wp-json\/wp\/v2\/types\/product"}],"wp:featuredmedia":[{"embeddable":true,"href":"https:\/\/delimbe.fr\/es\/wp-json\/wp\/v2\/media\/1631"}],"wp:attachment":[{"href":"https:\/\/delimbe.fr\/es\/wp-json\/wp\/v2\/media?parent=11871"}],"wp:term":[{"taxonomy":"product_brand","embeddable":true,"href":"https:\/\/delimbe.fr\/es\/wp-json\/wp\/v2\/product_brand?post=11871"},{"taxonomy":"product_cat","embeddable":true,"href":"https:\/\/delimbe.fr\/es\/wp-json\/wp\/v2\/product_cat?post=11871"},{"taxonomy":"product_tag","embeddable":true,"href":"https:\/\/delimbe.fr\/es\/wp-json\/wp\/v2\/product_tag?post=11871"}],"curies":[{"name":"wp","href":"https:\/\/api.w.org\/{rel}","templated":true}]}}