{"id":11878,"date":"2019-08-22T10:20:33","date_gmt":"2019-08-22T10:20:33","guid":{"rendered":"https:\/\/delimbe.fr\/produit\/deposito-redondo-25l-t4-t14\/"},"modified":"2019-08-22T10:20:33","modified_gmt":"2019-08-22T10:20:33","slug":"deposito-redondo-25l-t4-t14","status":"publish","type":"product","link":"https:\/\/delimbe.fr\/es\/produit\/deposito-redondo-25l-t4-t14\/","title":{"rendered":"DEP\u00d3SITO REDONDO 25L &#8211; T4 &#8211; T14"},"content":{"rendered":"<\/p>\n<ul>\n<li>Cubeta redonda de 25 litros de polietileno verde con tap\u00f3n de rosca.\n<\/li>\n<li>Di\u00e1metro 300 mm x Altura 420 mm.\n<\/li>\n<li><strong>La camiseta tambi\u00e9n est\u00e1 disponible en blanco (ligeramente transl\u00facido). Si prefieres este color, d\u00e9janos un comentario cuando hagas tu pedido. <\/strong><\/li>\n<\/ul>\n","protected":false},"excerpt":{"rendered":"<p style=\"text-align: center;\">\n<\/p>\n<ul style=\"list-style-type: disc;\">\n<li>Cubeta redonda de pl\u00e1stico de 25 litros con tap\u00f3n de rosca para dosificadores T4 y T14.<\/li>\n<\/ul>\n","protected":false},"featured_media":1635,"template":"","meta":[],"product_brand":[],"product_cat":[754,663,693,709,710,691,660,757,672,756],"product_tag":[],"class_list":{"0":"post-11878","1":"product","2":"type-product","3":"status-publish","4":"has-post-thumbnail","6":"product_cat-antibabosas-t4","7":"product_cat-cubierta-vegetal-microgranulador","8":"product_cat-esparcidores-antibabosas","9":"product_cat-esparcidores-fertilizantes","10":"product_cat-localizada","11":"product_cat-parte","12":"product_cat-piezas-de-recambio","13":"product_cat-sembradora-t14-es-2","14":"product_cat-sembradora-t14","15":"product_cat-sembradora-t14-es","16":"pa_nomenclature-84879090-es","18":"first","19":"onbackorder","20":"taxable","21":"shipping-taxable","22":"purchasable","23":"product-type-simple"},"composite_virtual":false,"composite_layout":"","composite_add_to_cart_form_location":"","composite_editable_in_cart":false,"composite_sold_individually_context":"","composite_shop_price_calc":"","composite_components":[],"composite_scenarios":[],"_links":{"self":[{"href":"https:\/\/delimbe.fr\/es\/wp-json\/wp\/v2\/product\/11878","targetHints":{"allow":["GET"]}}],"collection":[{"href":"https:\/\/delimbe.fr\/es\/wp-json\/wp\/v2\/product"}],"about":[{"href":"https:\/\/delimbe.fr\/es\/wp-json\/wp\/v2\/types\/product"}],"wp:featuredmedia":[{"embeddable":true,"href":"https:\/\/delimbe.fr\/es\/wp-json\/wp\/v2\/media\/1635"}],"wp:attachment":[{"href":"https:\/\/delimbe.fr\/es\/wp-json\/wp\/v2\/media?parent=11878"}],"wp:term":[{"taxonomy":"product_brand","embeddable":true,"href":"https:\/\/delimbe.fr\/es\/wp-json\/wp\/v2\/product_brand?post=11878"},{"taxonomy":"product_cat","embeddable":true,"href":"https:\/\/delimbe.fr\/es\/wp-json\/wp\/v2\/product_cat?post=11878"},{"taxonomy":"product_tag","embeddable":true,"href":"https:\/\/delimbe.fr\/es\/wp-json\/wp\/v2\/product_tag?post=11878"}],"curies":[{"name":"wp","href":"https:\/\/api.w.org\/{rel}","templated":true}]}}