{"id":11879,"date":"2019-08-22T10:20:24","date_gmt":"2019-08-22T10:20:24","guid":{"rendered":"https:\/\/delimbe.fr\/produit\/deposito-cuadrado-de-800l\/"},"modified":"2019-08-22T10:20:24","modified_gmt":"2019-08-22T10:20:24","slug":"deposito-cuadrado-de-800l","status":"publish","type":"product","link":"https:\/\/delimbe.fr\/es\/produit\/deposito-cuadrado-de-800l\/","title":{"rendered":"DEP\u00d3SITO CUADRADO DE 800L"},"content":{"rendered":"<\/p>\n<div class=\"rte\">\n<div id=\"idTab1\" class=\"rte\">\n<ul style=\"list-style-type: disc;\">\n<li>Dep\u00f3sito rectangular verde de polietileno de 800 litros con tap\u00f3n de rosca.\n<\/li>\n<li>Largo 1800mm x Ancho 670mm x Alto 1300mm.\n<\/li>\n<li><strong>La camiseta tambi\u00e9n est\u00e1 disponible en blanco (ligeramente transl\u00facido). Si prefieres este color, d\u00e9janos un comentario cuando hagas tu pedido. <\/strong><\/li>\n<\/ul><\/div>\n<\/p><\/div>\n","protected":false},"excerpt":{"rendered":"<p style=\"text-align: center;\">\n<ul style=\"list-style-type: disc;\">\n<li>Dep\u00f3sito rectangular de pl\u00e1stico verde de 800 litros para T17 o T20.<\/li>\n<\/ul>\n","protected":false},"featured_media":1625,"template":"","meta":[],"product_brand":[],"product_cat":[663,709,710,691,660,664,711,713,716],"product_tag":[],"class_list":{"0":"post-11879","1":"product","2":"type-product","3":"status-publish","4":"has-post-thumbnail","6":"product_cat-cubierta-vegetal-microgranulador","7":"product_cat-esparcidores-fertilizantes","8":"product_cat-localizada","9":"product_cat-parte","10":"product_cat-piezas-de-recambio","11":"product_cat-sembradora-t17","12":"product_cat-sembradora-t20-es","13":"product_cat-sembradora-t20-es-2","14":"product_cat-sembradora-t20-es-3","16":"first","17":"instock","18":"taxable","19":"shipping-taxable","20":"purchasable","21":"product-type-variable"},"composite_virtual":false,"composite_layout":"","composite_add_to_cart_form_location":"","composite_editable_in_cart":false,"composite_sold_individually_context":"","composite_shop_price_calc":"","composite_components":[],"composite_scenarios":[],"_links":{"self":[{"href":"https:\/\/delimbe.fr\/es\/wp-json\/wp\/v2\/product\/11879","targetHints":{"allow":["GET"]}}],"collection":[{"href":"https:\/\/delimbe.fr\/es\/wp-json\/wp\/v2\/product"}],"about":[{"href":"https:\/\/delimbe.fr\/es\/wp-json\/wp\/v2\/types\/product"}],"wp:featuredmedia":[{"embeddable":true,"href":"https:\/\/delimbe.fr\/es\/wp-json\/wp\/v2\/media\/1625"}],"wp:attachment":[{"href":"https:\/\/delimbe.fr\/es\/wp-json\/wp\/v2\/media?parent=11879"}],"wp:term":[{"taxonomy":"product_brand","embeddable":true,"href":"https:\/\/delimbe.fr\/es\/wp-json\/wp\/v2\/product_brand?post=11879"},{"taxonomy":"product_cat","embeddable":true,"href":"https:\/\/delimbe.fr\/es\/wp-json\/wp\/v2\/product_cat?post=11879"},{"taxonomy":"product_tag","embeddable":true,"href":"https:\/\/delimbe.fr\/es\/wp-json\/wp\/v2\/product_tag?post=11879"}],"curies":[{"name":"wp","href":"https:\/\/api.w.org\/{rel}","templated":true}]}}