{"id":11883,"date":"2019-08-22T10:20:17","date_gmt":"2019-08-22T10:20:17","guid":{"rendered":"https:\/\/delimbe.fr\/produit\/cuba-cuadrada-250l\/"},"modified":"2019-08-22T10:20:17","modified_gmt":"2019-08-22T10:20:17","slug":"cuba-cuadrada-250l","status":"publish","type":"product","link":"https:\/\/delimbe.fr\/es\/produit\/cuba-cuadrada-250l\/","title":{"rendered":"CUBA CUADRADA 250L"},"content":{"rendered":"<\/p>\n<ul style=\"list-style-type: disc;\">\n<li>Dep\u00f3sito rectangular enroscable de polietileno verde de 250 litros.\n<\/li>\n<li>Largo 900 mm x Ancho 670 mm x Alto 570 mm.\n<\/li>\n<li><strong>La camiseta tambi\u00e9n est\u00e1 disponible en blanco (ligeramente transl\u00facido). Si prefieres este color, d\u00e9janos un comentario cuando hagas tu pedido. <\/strong><\/li>\n<\/ul>\n","protected":false},"excerpt":{"rendered":"<p style=\"text-align: center;\">\n<ul style=\"list-style-type: disc;\">\n<li>Dep\u00f3sito rectangular de pl\u00e1stico verde de 250L para sembradora microgranuladora T17 (el\u00e9ctrica o hidr\u00e1ulica) y T20 (est\u00e1ndar o tolva frontal).  <\/li>\n<\/ul>\n","protected":false},"featured_media":1619,"template":"","meta":[],"product_brand":[],"product_cat":[663,709,710,691,660,664,711,713,716],"product_tag":[],"class_list":{"0":"post-11883","1":"product","2":"type-product","3":"status-publish","4":"has-post-thumbnail","6":"product_cat-cubierta-vegetal-microgranulador","7":"product_cat-esparcidores-fertilizantes","8":"product_cat-localizada","9":"product_cat-parte","10":"product_cat-piezas-de-recambio","11":"product_cat-sembradora-t17","12":"product_cat-sembradora-t20-es","13":"product_cat-sembradora-t20-es-2","14":"product_cat-sembradora-t20-es-3","16":"first","17":"instock","18":"taxable","19":"shipping-taxable","20":"purchasable","21":"product-type-variable"},"composite_virtual":false,"composite_layout":"","composite_add_to_cart_form_location":"","composite_editable_in_cart":false,"composite_sold_individually_context":"","composite_shop_price_calc":"","composite_components":[],"composite_scenarios":[],"_links":{"self":[{"href":"https:\/\/delimbe.fr\/es\/wp-json\/wp\/v2\/product\/11883","targetHints":{"allow":["GET"]}}],"collection":[{"href":"https:\/\/delimbe.fr\/es\/wp-json\/wp\/v2\/product"}],"about":[{"href":"https:\/\/delimbe.fr\/es\/wp-json\/wp\/v2\/types\/product"}],"wp:featuredmedia":[{"embeddable":true,"href":"https:\/\/delimbe.fr\/es\/wp-json\/wp\/v2\/media\/1619"}],"wp:attachment":[{"href":"https:\/\/delimbe.fr\/es\/wp-json\/wp\/v2\/media?parent=11883"}],"wp:term":[{"taxonomy":"product_brand","embeddable":true,"href":"https:\/\/delimbe.fr\/es\/wp-json\/wp\/v2\/product_brand?post=11883"},{"taxonomy":"product_cat","embeddable":true,"href":"https:\/\/delimbe.fr\/es\/wp-json\/wp\/v2\/product_cat?post=11883"},{"taxonomy":"product_tag","embeddable":true,"href":"https:\/\/delimbe.fr\/es\/wp-json\/wp\/v2\/product_tag?post=11883"}],"curies":[{"name":"wp","href":"https:\/\/api.w.org\/{rel}","templated":true}]}}