{"id":11887,"date":"2019-08-22T10:19:59","date_gmt":"2019-08-22T10:19:59","guid":{"rendered":"https:\/\/delimbe.fr\/produit\/tapa-de-plastico-tornillo-25l\/"},"modified":"2019-08-22T10:19:59","modified_gmt":"2019-08-22T10:19:59","slug":"tapa-de-plastico-tornillo-25l","status":"publish","type":"product","link":"https:\/\/delimbe.fr\/es\/produit\/tapa-de-plastico-tornillo-25l\/","title":{"rendered":"TAPA DE PL\u00c1STICO TORNILLO 25L"},"content":{"rendered":"<p><span style=\"text-decoration: underline;\"><strong>Descripci\u00f3n<\/strong><\/span> :<\/p>\n<ul style=\"list-style-type: disc;\">\n<li>Tapa de rosca de polietileno verde.\n<\/li>\n<li>Di\u00e1metro 280mm x Espesor 55mm para dep\u00f3sito de polietileno verde de 25L.<\/li>\n<\/ul>\n<p><span style=\"text-decoration: underline;\"><strong>Opci\u00f3n<\/strong><\/span> :<\/p>\n<ul style=\"list-style-type: disc;\">\n<li>Dep\u00f3sito verde de 25 L para T4.<\/li>\n<\/ul>\n","protected":false},"excerpt":{"rendered":"<p style=\"text-align: center;\">\n<p><span style=\"text-decoration: underline;\"><strong>Refere<\/strong><strong>nce <\/strong><strong>COUVPLAST25LVIS<\/strong><\/span><\/p>\n<ul style=\"list-style-type: disc;\">\n<li>Tapa de pl\u00e1stico verde atornillable para dep\u00f3sito de pl\u00e1stico de 25 L para dispensador T4 o T14 (25 L).<em>(NC84879090<\/em>)<\/li>\n<\/ul><\/p>\n","protected":false},"featured_media":1599,"template":"","meta":[],"product_brand":[],"product_cat":[754,663,693,709,710,691,660,757,672,756],"product_tag":[],"class_list":{"0":"post-11887","1":"product","2":"type-product","3":"status-publish","4":"has-post-thumbnail","6":"product_cat-antibabosas-t4","7":"product_cat-cubierta-vegetal-microgranulador","8":"product_cat-esparcidores-antibabosas","9":"product_cat-esparcidores-fertilizantes","10":"product_cat-localizada","11":"product_cat-parte","12":"product_cat-piezas-de-recambio","13":"product_cat-sembradora-t14-es-2","14":"product_cat-sembradora-t14","15":"product_cat-sembradora-t14-es","16":"pa_nomenclature-84879090-es","18":"first","19":"onbackorder","20":"taxable","21":"shipping-taxable","22":"purchasable","23":"product-type-simple"},"composite_virtual":false,"composite_layout":"","composite_add_to_cart_form_location":"","composite_editable_in_cart":false,"composite_sold_individually_context":"","composite_shop_price_calc":"","composite_components":[],"composite_scenarios":[],"_links":{"self":[{"href":"https:\/\/delimbe.fr\/es\/wp-json\/wp\/v2\/product\/11887","targetHints":{"allow":["GET"]}}],"collection":[{"href":"https:\/\/delimbe.fr\/es\/wp-json\/wp\/v2\/product"}],"about":[{"href":"https:\/\/delimbe.fr\/es\/wp-json\/wp\/v2\/types\/product"}],"wp:featuredmedia":[{"embeddable":true,"href":"https:\/\/delimbe.fr\/es\/wp-json\/wp\/v2\/media\/1599"}],"wp:attachment":[{"href":"https:\/\/delimbe.fr\/es\/wp-json\/wp\/v2\/media?parent=11887"}],"wp:term":[{"taxonomy":"product_brand","embeddable":true,"href":"https:\/\/delimbe.fr\/es\/wp-json\/wp\/v2\/product_brand?post=11887"},{"taxonomy":"product_cat","embeddable":true,"href":"https:\/\/delimbe.fr\/es\/wp-json\/wp\/v2\/product_cat?post=11887"},{"taxonomy":"product_tag","embeddable":true,"href":"https:\/\/delimbe.fr\/es\/wp-json\/wp\/v2\/product_tag?post=11887"}],"curies":[{"name":"wp","href":"https:\/\/api.w.org\/{rel}","templated":true}]}}