{"id":11890,"date":"2019-08-22T10:18:47","date_gmt":"2019-08-22T10:18:47","guid":{"rendered":"https:\/\/delimbe.fr\/produit\/tapon-roscado-de-vaciado-del-deposito\/"},"modified":"2025-12-11T13:41:55","modified_gmt":"2025-12-11T13:41:55","slug":"tapon-roscado-de-vaciado-del-deposito","status":"publish","type":"product","link":"https:\/\/delimbe.fr\/es\/produit\/tapon-roscado-de-vaciado-del-deposito\/","title":{"rendered":"TAPA ROSCADO DE VACIADO DE TOLVA"},"content":{"rendered":"","protected":false},"excerpt":{"rendered":"<p>&nbsp;<\/p>\n<ul style=\"list-style-type: disc\">\n<li>Tap\u00f3n de pl\u00e1stico para vaciar el dep\u00f3sito de 120L de los distribuidores T14, T28, Abonadora de 120L y especial Cultivador.<\/li>\n<li><em><strong>Referencia<\/strong> : BOUCHVIDCUVCR<\/em><\/li>\n<\/ul>\n","protected":false},"featured_media":1501,"template":"","meta":[],"product_brand":[],"product_cat":[730,698,663,700,693,709,731,710,691,660,756,672,757],"product_tag":[],"class_list":{"0":"post-11890","1":"product","2":"type-product","3":"status-publish","4":"has-post-thumbnail","6":"product_cat-abonadora-120l","7":"product_cat-antibabosas-t28","8":"product_cat-cubierta-vegetal-microgranulador","9":"product_cat-esparcidor-t28","10":"product_cat-esparcidores-antibabosas","11":"product_cat-esparcidores-fertilizantes","12":"product_cat-especial-cultivador","13":"product_cat-localizada","14":"product_cat-parte","15":"product_cat-piezas-de-recambio","16":"product_cat-sembradora-t14-es","17":"product_cat-sembradora-t14","18":"product_cat-sembradora-t14-es-2","19":"pa_conditionnement-a-la-unidad","20":"pa_couleur-verde","21":"pa_modele-especial-cultivador","22":"pa_modele-sembradora-fertilizadora","23":"pa_modele-tipo-28-dpa","24":"pa_modele-typet14-es","25":"pa_modele-type28-es","26":"pa_origine-origen-preferencial-frances","27":"pa_typedeproduit-tapa-de-drenaje","29":"first","30":"onbackorder","31":"taxable","32":"shipping-taxable","33":"purchasable","34":"product-type-simple"},"composite_virtual":false,"composite_layout":"","composite_add_to_cart_form_location":"","composite_editable_in_cart":false,"composite_sold_individually_context":"","composite_shop_price_calc":"","composite_components":[],"composite_scenarios":[],"_links":{"self":[{"href":"https:\/\/delimbe.fr\/es\/wp-json\/wp\/v2\/product\/11890","targetHints":{"allow":["GET"]}}],"collection":[{"href":"https:\/\/delimbe.fr\/es\/wp-json\/wp\/v2\/product"}],"about":[{"href":"https:\/\/delimbe.fr\/es\/wp-json\/wp\/v2\/types\/product"}],"wp:featuredmedia":[{"embeddable":true,"href":"https:\/\/delimbe.fr\/es\/wp-json\/wp\/v2\/media\/1501"}],"wp:attachment":[{"href":"https:\/\/delimbe.fr\/es\/wp-json\/wp\/v2\/media?parent=11890"}],"wp:term":[{"taxonomy":"product_brand","embeddable":true,"href":"https:\/\/delimbe.fr\/es\/wp-json\/wp\/v2\/product_brand?post=11890"},{"taxonomy":"product_cat","embeddable":true,"href":"https:\/\/delimbe.fr\/es\/wp-json\/wp\/v2\/product_cat?post=11890"},{"taxonomy":"product_tag","embeddable":true,"href":"https:\/\/delimbe.fr\/es\/wp-json\/wp\/v2\/product_tag?post=11890"}],"curies":[{"name":"wp","href":"https:\/\/api.w.org\/{rel}","templated":true}]}}