{"id":11893,"date":"2019-08-22T10:18:49","date_gmt":"2019-08-22T10:18:49","guid":{"rendered":"https:\/\/delimbe.fr\/produit\/tapon-de-vaciado-a-presion\/"},"modified":"2025-12-11T13:30:34","modified_gmt":"2025-12-11T13:30:34","slug":"tapa-de-drenaje-a-presion","status":"publish","type":"product","link":"https:\/\/delimbe.fr\/es\/produit\/tapa-de-drenaje-a-presion\/","title":{"rendered":"TAPA DE DRENAJE A PRESI\u00d3N"},"content":{"rendered":"","protected":false},"excerpt":{"rendered":"<p>&nbsp;<\/p>\n<ul style=\"list-style-type: disc\">\n<li>Tap\u00f3n de pl\u00e1stico para desag\u00fce de tolva redondo para T24 (70L) &#8211; T14 (25-70L) y Abonadora de 70L.<\/li>\n<li><em><strong>Referencia<\/strong> : BOUCHVIDCUVRD<\/em><\/li>\n<\/ul>\n","protected":false},"featured_media":1503,"template":"","meta":[],"product_brand":[],"product_cat":[728,696,699,663,693,709,710,691,660,756,757,672],"product_tag":[],"class_list":{"0":"post-11893","1":"product","2":"type-product","3":"status-publish","4":"has-post-thumbnail","6":"product_cat-abonadora-70l","7":"product_cat-antibabosas-t24","8":"product_cat-antibabosas-t24-es","9":"product_cat-cubierta-vegetal-microgranulador","10":"product_cat-esparcidores-antibabosas","11":"product_cat-esparcidores-fertilizantes","12":"product_cat-localizada","13":"product_cat-parte","14":"product_cat-piezas-de-recambio","15":"product_cat-sembradora-t14-es","16":"product_cat-sembradora-t14-es-2","17":"product_cat-sembradora-t14","18":"pa_conditionnement-a-la-unidad","19":"pa_couleur-negro","20":"pa_modele-distribuidor-antibabosas-tipo-t24-t28","21":"pa_modele-sembradora-fertilizadora","22":"pa_modele-typet14-es","23":"pa_origine-origen-preferencial-frances","24":"pa_typedeproduit-tapa-de-drenaje","26":"first","27":"onbackorder","28":"taxable","29":"shipping-taxable","30":"purchasable","31":"product-type-simple"},"composite_virtual":false,"composite_layout":"","composite_add_to_cart_form_location":"","composite_editable_in_cart":false,"composite_sold_individually_context":"","composite_shop_price_calc":"","composite_components":[],"composite_scenarios":[],"_links":{"self":[{"href":"https:\/\/delimbe.fr\/es\/wp-json\/wp\/v2\/product\/11893","targetHints":{"allow":["GET"]}}],"collection":[{"href":"https:\/\/delimbe.fr\/es\/wp-json\/wp\/v2\/product"}],"about":[{"href":"https:\/\/delimbe.fr\/es\/wp-json\/wp\/v2\/types\/product"}],"wp:featuredmedia":[{"embeddable":true,"href":"https:\/\/delimbe.fr\/es\/wp-json\/wp\/v2\/media\/1503"}],"wp:attachment":[{"href":"https:\/\/delimbe.fr\/es\/wp-json\/wp\/v2\/media?parent=11893"}],"wp:term":[{"taxonomy":"product_brand","embeddable":true,"href":"https:\/\/delimbe.fr\/es\/wp-json\/wp\/v2\/product_brand?post=11893"},{"taxonomy":"product_cat","embeddable":true,"href":"https:\/\/delimbe.fr\/es\/wp-json\/wp\/v2\/product_cat?post=11893"},{"taxonomy":"product_tag","embeddable":true,"href":"https:\/\/delimbe.fr\/es\/wp-json\/wp\/v2\/product_tag?post=11893"}],"curies":[{"name":"wp","href":"https:\/\/api.w.org\/{rel}","templated":true}]}}