{"id":11897,"date":"2019-08-22T10:18:57","date_gmt":"2019-08-22T10:18:57","guid":{"rendered":"https:\/\/delimbe.fr\/produit\/flauta-roja-de-gran-volumen\/"},"modified":"2025-11-18T10:17:03","modified_gmt":"2025-11-18T10:17:03","slug":"flauta-roja-de-gran-volumen","status":"publish","type":"product","link":"https:\/\/delimbe.fr\/es\/produit\/flauta-roja-de-gran-volumen\/","title":{"rendered":"RODILLO ROJA DE GRAN VOLUMEN"},"content":{"rendered":"","protected":false},"excerpt":{"rendered":"<ul style=\"list-style-type: disc;\">\n<li>Flauta roja grande para semillas grandes como avena, girasol, ballico, veza, etc,<\/li>\n<li>Es adecuado para nuestros microgranuladores <strong>T24\/T28 DPA, T14, T15, T17, T18 y T20<\/strong> y para las sembradoras de cubiertas vegetales,<\/li>\n<li><em><strong>Al hacer el pedido, aseg\u00farate de seleccionar el tipo de aparato que aparece a continuaci\u00f3n,<\/strong><\/em><\/li>\n<\/ul>\n<ul>\n<li>Al mezclar semillas, debes elegir la ranura en funci\u00f3n del tama\u00f1o de la semilla. Por ejemplo, para una mezcla de avena, tr\u00e9bol y phacelia, tendr\u00e1s que elegir la ranura roja para que la semilla de avena pase y no se rompa.<\/li>\n<\/ul>\n<p><span style=\"text-decoration-line: underline;\"><strong>DIMENSIONES<\/strong><\/span><\/p>\n<ul style=\"list-style-type: disc;\">\n<li>T24\/T28 DPA \/T14: 160 mm (pieza de pl\u00e1stico: 100 mm)<\/li>\n<li>T15\/T20: 322 mm (pieza de pl\u00e1stico: 262 mm)<\/li>\n<li>T18\/T17: 350 mm (pieza de pl\u00e1stico: 290 mm)<\/li>\n<\/ul>\n","protected":false},"featured_media":1515,"template":"","meta":[],"product_brand":[],"product_cat":[663,709,710,691,660,694,757,672,756,719,720,721,664,712,714,715,716,713,711,2016],"product_tag":[],"class_list":{"0":"post-11897","1":"product","2":"type-product","3":"status-publish","4":"has-post-thumbnail","6":"product_cat-cubierta-vegetal-microgranulador","7":"product_cat-esparcidores-fertilizantes","8":"product_cat-localizada","9":"product_cat-parte","10":"product_cat-piezas-de-recambio","11":"product_cat-recambios","12":"product_cat-sembradora-t14-es-2","13":"product_cat-sembradora-t14","14":"product_cat-sembradora-t14-es","15":"product_cat-sembradora-t15","16":"product_cat-sembradora-t15-es","17":"product_cat-sembradora-t15-es-2","18":"product_cat-sembradora-t17","19":"product_cat-sembradora-t18","20":"product_cat-sembradora-t18-es","21":"product_cat-sembradora-t18-es-2","22":"product_cat-sembradora-t20-es-3","23":"product_cat-sembradora-t20-es-2","24":"product_cat-sembradora-t20-es","25":"product_cat-pulverizadores","27":"first","28":"instock","29":"taxable","30":"shipping-taxable","31":"purchasable","32":"product-type-variable"},"composite_virtual":false,"composite_layout":"","composite_add_to_cart_form_location":"","composite_editable_in_cart":false,"composite_sold_individually_context":"","composite_shop_price_calc":"","composite_components":[],"composite_scenarios":[],"_links":{"self":[{"href":"https:\/\/delimbe.fr\/es\/wp-json\/wp\/v2\/product\/11897","targetHints":{"allow":["GET"]}}],"collection":[{"href":"https:\/\/delimbe.fr\/es\/wp-json\/wp\/v2\/product"}],"about":[{"href":"https:\/\/delimbe.fr\/es\/wp-json\/wp\/v2\/types\/product"}],"wp:featuredmedia":[{"embeddable":true,"href":"https:\/\/delimbe.fr\/es\/wp-json\/wp\/v2\/media\/1515"}],"wp:attachment":[{"href":"https:\/\/delimbe.fr\/es\/wp-json\/wp\/v2\/media?parent=11897"}],"wp:term":[{"taxonomy":"product_brand","embeddable":true,"href":"https:\/\/delimbe.fr\/es\/wp-json\/wp\/v2\/product_brand?post=11897"},{"taxonomy":"product_cat","embeddable":true,"href":"https:\/\/delimbe.fr\/es\/wp-json\/wp\/v2\/product_cat?post=11897"},{"taxonomy":"product_tag","embeddable":true,"href":"https:\/\/delimbe.fr\/es\/wp-json\/wp\/v2\/product_tag?post=11897"}],"curies":[{"name":"wp","href":"https:\/\/api.w.org\/{rel}","templated":true}]}}