{"id":11898,"date":"2019-08-22T10:19:12","date_gmt":"2019-08-22T10:19:12","guid":{"rendered":"https:\/\/delimbe.fr\/produit\/flauta-verde-pequena-capacidad\/"},"modified":"2025-11-18T10:15:23","modified_gmt":"2025-11-18T10:15:23","slug":"flauta-verde-pequena-capacidad","status":"publish","type":"product","link":"https:\/\/delimbe.fr\/es\/produit\/flauta-verde-pequena-capacidad\/","title":{"rendered":"RODILLO VERDE PEQUE\u00d1A CAPACIDAD"},"content":{"rendered":"","protected":false},"excerpt":{"rendered":"<ul style=\"list-style-type: disc;\">\n<li>Ranura verde peque\u00f1a para semillas peque\u00f1as como tr\u00e9bol, mostaza, colza, facelia, alfalfa, etc&#8230;,<\/li>\n<li>Es adecuado para nuestros microgranuladores <strong>T24\/T28 DPA, T14, T15, T17, T18 y T20<\/strong> y para las sembradoras de cubiertas vegetales <strong>,<\/strong><\/li>\n<li><em><strong>Al hacer el pedido, aseg\u00farate de seleccionar el tipo de aparato que aparece a continuaci\u00f3n,<\/strong><\/em><\/li>\n<li>Al mezclar semillas, debes elegir la ranura en funci\u00f3n del tama\u00f1o de la semilla. Por ejemplo, para una mezcla de avena, tr\u00e9bol y phacelia, tendr\u00e1s que elegir la ranura roja para que la semilla de avena pase y no se rompa.<\/li>\n<\/ul>\n<p><strong><span style=\"text-decoration-line: underline;\">DIMENSIONES<\/span><\/strong><\/p>\n<ul style=\"list-style-type: disc;\">\n<li>T24\/T28 DPA \/T14: 160 mm (pieza de pl\u00e1stico: 100 mm)<\/li>\n<li>T15\/T20: 322 mm (pieza de pl\u00e1stico: 262 mm)<\/li>\n<li>T18\/T17: 350 mm (pieza de pl\u00e1stico: 290 mm)<\/li>\n<\/ul>\n","protected":false},"featured_media":1539,"template":"","meta":[],"product_brand":[],"product_cat":[696,699,698,663,700,693,709,655,710,692,691,660,694,672,756,757,721,719,720,664,714,715,712,711,716,713,2016],"product_tag":[],"class_list":{"0":"post-11898","1":"product","2":"type-product","3":"status-publish","4":"has-post-thumbnail","6":"product_cat-antibabosas-t24","7":"product_cat-antibabosas-t24-es","8":"product_cat-antibabosas-t28","9":"product_cat-cubierta-vegetal-microgranulador","10":"product_cat-esparcidor-t28","11":"product_cat-esparcidores-antibabosas","12":"product_cat-esparcidores-fertilizantes","13":"product_cat-inicio","14":"product_cat-localizada","15":"product_cat-opciones","16":"product_cat-parte","17":"product_cat-piezas-de-recambio","18":"product_cat-recambios","19":"product_cat-sembradora-t14","20":"product_cat-sembradora-t14-es","21":"product_cat-sembradora-t14-es-2","22":"product_cat-sembradora-t15-es-2","23":"product_cat-sembradora-t15","24":"product_cat-sembradora-t15-es","25":"product_cat-sembradora-t17","26":"product_cat-sembradora-t18-es","27":"product_cat-sembradora-t18-es-2","28":"product_cat-sembradora-t18","29":"product_cat-sembradora-t20-es","30":"product_cat-sembradora-t20-es-3","31":"product_cat-sembradora-t20-es-2","32":"product_cat-pulverizadores","34":"first","35":"instock","36":"taxable","37":"shipping-taxable","38":"purchasable","39":"product-type-variable"},"composite_virtual":false,"composite_layout":"","composite_add_to_cart_form_location":"","composite_editable_in_cart":false,"composite_sold_individually_context":"","composite_shop_price_calc":"","composite_components":[],"composite_scenarios":[],"_links":{"self":[{"href":"https:\/\/delimbe.fr\/es\/wp-json\/wp\/v2\/product\/11898","targetHints":{"allow":["GET"]}}],"collection":[{"href":"https:\/\/delimbe.fr\/es\/wp-json\/wp\/v2\/product"}],"about":[{"href":"https:\/\/delimbe.fr\/es\/wp-json\/wp\/v2\/types\/product"}],"wp:featuredmedia":[{"embeddable":true,"href":"https:\/\/delimbe.fr\/es\/wp-json\/wp\/v2\/media\/1539"}],"wp:attachment":[{"href":"https:\/\/delimbe.fr\/es\/wp-json\/wp\/v2\/media?parent=11898"}],"wp:term":[{"taxonomy":"product_brand","embeddable":true,"href":"https:\/\/delimbe.fr\/es\/wp-json\/wp\/v2\/product_brand?post=11898"},{"taxonomy":"product_cat","embeddable":true,"href":"https:\/\/delimbe.fr\/es\/wp-json\/wp\/v2\/product_cat?post=11898"},{"taxonomy":"product_tag","embeddable":true,"href":"https:\/\/delimbe.fr\/es\/wp-json\/wp\/v2\/product_tag?post=11898"}],"curies":[{"name":"wp","href":"https:\/\/api.w.org\/{rel}","templated":true}]}}