{"id":11907,"date":"2019-08-22T10:18:43","date_gmt":"2019-08-22T10:18:43","guid":{"rendered":"https:\/\/delimbe.fr\/produit\/caja-de-control-estandar-t24-t28-dech-eng\/"},"modified":"2025-12-11T13:50:39","modified_gmt":"2025-12-11T13:50:39","slug":"caja-de-control-estandar-t24-t28-dech-eng","status":"publish","type":"product","link":"https:\/\/delimbe.fr\/es\/produit\/caja-de-control-estandar-t24-t28-dech-eng\/","title":{"rendered":"CAJA DE CONTROL EST\u00c1NDAR T24-T28-DECH-ENG"},"content":{"rendered":"<p><span style=\"text-decoration: underline\"><strong>Descripci\u00f3n<\/strong><\/span> :<\/p>\n<ul style=\"list-style-type: disc\">\n<li>Caja de control de pl\u00e1stico negro con dos interruptores:<\/li>\n<\/ul>\n<ol style=\"list-style-type: undefined\">\n<li>Abrir\/cerrar.<\/li>\n<li>Encendido\/apagado con LED rojo.<\/li>\n<\/ol>\n<ul style=\"list-style-type: disc\">\n<li>Arn\u00e9s de alimentaci\u00f3n de 4 metros, tomas de 3 polos para el tractor y de 7 polos para el distribuidor.<\/li>\n<\/ul>\n","protected":false},"excerpt":{"rendered":"<ul style=\"list-style-type: disc\">\n<li>Caja de control est\u00e1ndar para sembradoras de abono T24, T28, 70L\/120L y Cultivador de rastrojos especial.<\/li>\n<li>Caja de control de pl\u00e1stico negro con dos interruptores:<\/li>\n<\/ul>\n<ol style=\"list-style-type: undefined\">\n<li>Apertura\/cierre del motor de la escotilla.<\/li>\n<li>Encendido\/apagado del motor de distribuci\u00f3n.<\/li>\n<\/ol>\n<ul style=\"list-style-type: disc\">\n<li>Arn\u00e9s de alimentaci\u00f3n incluido en la caja: La caja incluye un enchufe de 3 clavijas para alimentar el tractor con un arn\u00e9s de 1,5 m (cable de 2&#215;2,5 mm) y un enchufe de 7 clavijas para conectarlo al distribuidor (cable de 4&#215;2,5 mm) con un arn\u00e9s de 4,5 metros.<\/li>\n<li><em><strong>Referencia<\/strong>: BOITIERCDET24T28<\/em><\/li>\n<\/ul>\n","protected":false},"featured_media":1481,"template":"","meta":[],"product_brand":[],"product_cat":[730,728,696,699,698,663,700,693,709,731,691,660],"product_tag":[],"class_list":{"0":"post-11907","1":"product","2":"type-product","3":"status-publish","4":"has-post-thumbnail","6":"product_cat-abonadora-120l","7":"product_cat-abonadora-70l","8":"product_cat-antibabosas-t24","9":"product_cat-antibabosas-t24-es","10":"product_cat-antibabosas-t28","11":"product_cat-cubierta-vegetal-microgranulador","12":"product_cat-esparcidor-t28","13":"product_cat-esparcidores-antibabosas","14":"product_cat-esparcidores-fertilizantes","15":"product_cat-especial-cultivador","16":"product_cat-parte","17":"product_cat-piezas-de-recambio","18":"pa_conditionnement-a-la-unidad","19":"pa_fonction-puesta-en-marcha-de-la-sembradora-delimbe","20":"pa_modele-distribuidor-antibabosas-tipo-t24-t28","21":"pa_modele-especial-cultivador","22":"pa_modele-sembradora-fertilizadora","23":"pa_nomenclature-85371098-es","24":"pa_origine-origen-preferencial-frances","25":"pa_typedeproduit-caja-de-control-estandar","27":"first","28":"onbackorder","29":"taxable","30":"shipping-taxable","31":"purchasable","32":"product-type-simple"},"composite_virtual":false,"composite_layout":"","composite_add_to_cart_form_location":"","composite_editable_in_cart":false,"composite_sold_individually_context":"","composite_shop_price_calc":"","composite_components":[],"composite_scenarios":[],"_links":{"self":[{"href":"https:\/\/delimbe.fr\/es\/wp-json\/wp\/v2\/product\/11907","targetHints":{"allow":["GET"]}}],"collection":[{"href":"https:\/\/delimbe.fr\/es\/wp-json\/wp\/v2\/product"}],"about":[{"href":"https:\/\/delimbe.fr\/es\/wp-json\/wp\/v2\/types\/product"}],"wp:featuredmedia":[{"embeddable":true,"href":"https:\/\/delimbe.fr\/es\/wp-json\/wp\/v2\/media\/1481"}],"wp:attachment":[{"href":"https:\/\/delimbe.fr\/es\/wp-json\/wp\/v2\/media?parent=11907"}],"wp:term":[{"taxonomy":"product_brand","embeddable":true,"href":"https:\/\/delimbe.fr\/es\/wp-json\/wp\/v2\/product_brand?post=11907"},{"taxonomy":"product_cat","embeddable":true,"href":"https:\/\/delimbe.fr\/es\/wp-json\/wp\/v2\/product_cat?post=11907"},{"taxonomy":"product_tag","embeddable":true,"href":"https:\/\/delimbe.fr\/es\/wp-json\/wp\/v2\/product_tag?post=11907"}],"curies":[{"name":"wp","href":"https:\/\/api.w.org\/{rel}","templated":true}]}}