{"id":11910,"date":"2019-08-22T10:18:45","date_gmt":"2019-08-22T10:18:45","guid":{"rendered":"https:\/\/delimbe.fr\/produit\/t24-t28-eng-caja-de-control-de-ajuste\/"},"modified":"2025-10-03T14:48:15","modified_gmt":"2025-10-03T14:48:15","slug":"esparcidor-anti-babosas-caja-de-control-de-ajuste","status":"publish","type":"product","link":"https:\/\/delimbe.fr\/es\/produit\/esparcidor-anti-babosas-caja-de-control-de-ajuste\/","title":{"rendered":"CAJA DE CONTROL DE AJUSTE DE ANCHURA T24-T28-ENG-DECH"},"content":{"rendered":"<ul style=\"list-style-type: disc\">\n<li>Anchura de trabajo :<\/li>\n<\/ul>\n<ol>\n<li><strong>Antibabosas<\/strong> T24 y T28: <strong>Antibabosas<\/strong> de 2,5 a 24 \u00f3 28 metros &#8211; <strong>Semillas peque\u00f1as<\/strong> de 4 a 18 metros &#8211; <strong>Raigr\u00e1s<\/strong> de 1,5 a 6 metros.<\/li>\n<li>Fertilizadora: de 3 a 12 metros.<\/li>\n<li>Cultivador de rastrojos especial: de 2,5 a 5 metros (Esta opci\u00f3n s\u00f3lo est\u00e1 disponible si deseas ajustar la anchura desde la caja de control, ya que puedes ajustar manualmente la anchura de trabajo con los deflectores).<\/li>\n<\/ol>\n","protected":false},"excerpt":{"rendered":"<ul style=\"list-style-type: disc\">\n<li><strong>Caja de control con regulador de anchura integrado.<\/strong><\/li>\n<li>Ajusta la anchura de trabajo del distribuidor. El regulador act\u00faa sobre la velocidad de giro de la placa\/bandeja.<\/li>\n<li>Esta caja est\u00e1 disponible para los modelos <strong>T24, T28, Sembradora abonadora y Cultivador de rastrojos especial.<\/strong><\/li>\n<li>Caja de control de pl\u00e1stico negro con dos interruptores:<\/li>\n<\/ul>\n<ol>\n<li>Interruptor : Abrir\/cerrar.<\/li>\n<li>Interruptor : Encendido\/Apagado y un LED verde.<\/li>\n<li>Regulador de anchura graduado de 0 a 30.<\/li>\n<\/ol>\n<ul>\n<li>Cable de alimentaci\u00f3n incluido en la caja: La caja incluye un enchufe de 3 pines para alimentar el tractor con un cable de 1,5 m (cable de 2&#215;2,5 mm) y un enchufe de 7 pines para conectarlo al distribuidor (cable de 4&#215;2,5 mm) con un cable de 4,5 metros.<\/li>\n<li><em><strong>Referencia<\/strong> : BOITIERREGT24T28<\/em><\/li>\n<\/ul>\n<p>&nbsp;<\/p>\n","protected":false},"featured_media":1495,"template":"","meta":[],"product_brand":[],"product_cat":[728,696,699,698,663,700,693,709,731,691,660],"product_tag":[],"class_list":{"0":"post-11910","1":"product","2":"type-product","3":"status-publish","4":"has-post-thumbnail","6":"product_cat-abonadora-70l","7":"product_cat-antibabosas-t24","8":"product_cat-antibabosas-t24-es","9":"product_cat-antibabosas-t28","10":"product_cat-cubierta-vegetal-microgranulador","11":"product_cat-esparcidor-t28","12":"product_cat-esparcidores-antibabosas","13":"product_cat-esparcidores-fertilizantes","14":"product_cat-especial-cultivador","15":"product_cat-parte","16":"product_cat-piezas-de-recambio","17":"pa_amperagea-40a","18":"pa_conditionnement-a-la-unidad","19":"pa_fonction-puesta-en-marcha-de-la-sembradora-y-ajuste-de-la-anchura-de-trabajo","20":"pa_largeur-12cm-es","21":"pa_longueur-20cm-es","22":"pa_modele-distribuidor-antibabosas-tipo-t24-t28","23":"pa_nomenclature-85371098-es","24":"pa_origine-origen-preferencial-frances","25":"pa_profondeur-5_6cm-es","26":"pa_typedeproduit-caja-de-control-de-ajuste-de-anchura","28":"first","29":"onbackorder","30":"taxable","31":"shipping-taxable","32":"purchasable","33":"product-type-simple"},"composite_virtual":false,"composite_layout":"","composite_add_to_cart_form_location":"","composite_editable_in_cart":false,"composite_sold_individually_context":"","composite_shop_price_calc":"","composite_components":[],"composite_scenarios":[],"_links":{"self":[{"href":"https:\/\/delimbe.fr\/es\/wp-json\/wp\/v2\/product\/11910","targetHints":{"allow":["GET"]}}],"collection":[{"href":"https:\/\/delimbe.fr\/es\/wp-json\/wp\/v2\/product"}],"about":[{"href":"https:\/\/delimbe.fr\/es\/wp-json\/wp\/v2\/types\/product"}],"wp:featuredmedia":[{"embeddable":true,"href":"https:\/\/delimbe.fr\/es\/wp-json\/wp\/v2\/media\/1495"}],"wp:attachment":[{"href":"https:\/\/delimbe.fr\/es\/wp-json\/wp\/v2\/media?parent=11910"}],"wp:term":[{"taxonomy":"product_brand","embeddable":true,"href":"https:\/\/delimbe.fr\/es\/wp-json\/wp\/v2\/product_brand?post=11910"},{"taxonomy":"product_cat","embeddable":true,"href":"https:\/\/delimbe.fr\/es\/wp-json\/wp\/v2\/product_cat?post=11910"},{"taxonomy":"product_tag","embeddable":true,"href":"https:\/\/delimbe.fr\/es\/wp-json\/wp\/v2\/product_tag?post=11910"}],"curies":[{"name":"wp","href":"https:\/\/api.w.org\/{rel}","templated":true}]}}