{"id":11911,"date":"2019-08-22T10:18:41","date_gmt":"2019-08-22T10:18:41","guid":{"rendered":"https:\/\/delimbe.fr\/produit\/t18-caja-de-control-electrica-o-hidraulica\/"},"modified":"2025-07-21T10:04:03","modified_gmt":"2025-07-21T10:04:03","slug":"t18-caja-de-control-electrica-o-hidraulica","status":"publish","type":"product","link":"https:\/\/delimbe.fr\/es\/produit\/t18-caja-de-control-electrica-o-hidraulica\/","title":{"rendered":"T18 CAJA DE CONTROL EL\u00c9CTRICA O HIDR\u00c1ULICA"},"content":{"rendered":"<ul style=\"list-style-type: disc;\">\n<li>Ventilaci\u00f3n <strong>el\u00e9ctrica<\/strong> T18 &#8211; La caja de pl\u00e1stico negro est\u00e1 equipada con 2 interruptores de semi\/ventilaci\u00f3n, un indicador luminoso y un regulador de intensidad:<\/li>\n<\/ul>\n<ol style=\"list-style-type: undefined;\">\n<li>Una luz indicadora verde,<\/li>\n<li>Un interruptor de encendido\/apagado para controlar el soplador,<\/li>\n<li>Un interruptor de encendido\/apagado, para controlar la dispensaci\u00f3n,<\/li>\n<li>Un potenci\u00f3metro de caudal graduado de 0 a 30.<\/li>\n<\/ol>\n<ul style=\"list-style-type: disc;\">\n<li>Ventilaci\u00f3n <strong>hidr\u00e1ulica<\/strong> T18 &#8211; La caja de pl\u00e1stico negro est\u00e1 equipada con un interruptor de siembra, un indicador de ventilaci\u00f3n y un regulador de intensidad:<\/li>\n<\/ul>\n<ol style=\"list-style-type: undefined;\">\n<li>Una luz indicadora verde para el soplador,<\/li>\n<li>Un interruptor de encendido\/apagado, para controlar la dispensaci\u00f3n,<\/li>\n<li>Un potenci\u00f3metro de caudal graduado de 0 a 30.<\/li>\n<\/ol>\n","protected":false},"excerpt":{"rendered":"<ul style=\"list-style-type: disc;\">\n<li>Caja de control est\u00e1ndar para T18.<\/li>\n<li>Sirve para poner en marcha el aparato y regular el caudal.<\/li>\n<li>La carcasa de pl\u00e1stico negro est\u00e1 equipada con interruptores de media\/ventilaci\u00f3n, un indicador luminoso y un regulador de intensidad.<\/li>\n<li>Arn\u00e9s de alimentaci\u00f3n incluido en la caja: La caja incluye una toma de 3 polos para la alimentaci\u00f3n del tractor con un arn\u00e9s de 1,5 m (cable de 2&#215;2,5 mm) y una toma de 7 polos para la conexi\u00f3n al distribuidor (cable de 4&#215;2,5 mm para el T18 el\u00e9ctrico y cable de 2&#215;2,5 mm para el T18 hidr\u00e1ulico) con un arn\u00e9s de 6 m.<\/li>\n<li><strong><em>Aseg\u00farate de seleccionar la caja adecuada para el sistema de ventilaci\u00f3n de tu sembradora (el\u00e9ctrico o hidr\u00e1ulico).<\/em><\/strong><\/li>\n<\/ul>\n","protected":false},"featured_media":1461,"template":"","meta":[],"product_brand":[],"product_cat":[663,709,710,691,660,712,714,715],"product_tag":[],"class_list":{"0":"post-11911","1":"product","2":"type-product","3":"status-publish","4":"has-post-thumbnail","6":"product_cat-cubierta-vegetal-microgranulador","7":"product_cat-esparcidores-fertilizantes","8":"product_cat-localizada","9":"product_cat-parte","10":"product_cat-piezas-de-recambio","11":"product_cat-sembradora-t18","12":"product_cat-sembradora-t18-es","13":"product_cat-sembradora-t18-es-2","15":"first","16":"instock","17":"taxable","18":"shipping-taxable","19":"purchasable","20":"product-type-variable"},"composite_virtual":false,"composite_layout":"","composite_add_to_cart_form_location":"","composite_editable_in_cart":false,"composite_sold_individually_context":"","composite_shop_price_calc":"","composite_components":[],"composite_scenarios":[],"_links":{"self":[{"href":"https:\/\/delimbe.fr\/es\/wp-json\/wp\/v2\/product\/11911","targetHints":{"allow":["GET"]}}],"collection":[{"href":"https:\/\/delimbe.fr\/es\/wp-json\/wp\/v2\/product"}],"about":[{"href":"https:\/\/delimbe.fr\/es\/wp-json\/wp\/v2\/types\/product"}],"wp:featuredmedia":[{"embeddable":true,"href":"https:\/\/delimbe.fr\/es\/wp-json\/wp\/v2\/media\/1461"}],"wp:attachment":[{"href":"https:\/\/delimbe.fr\/es\/wp-json\/wp\/v2\/media?parent=11911"}],"wp:term":[{"taxonomy":"product_brand","embeddable":true,"href":"https:\/\/delimbe.fr\/es\/wp-json\/wp\/v2\/product_brand?post=11911"},{"taxonomy":"product_cat","embeddable":true,"href":"https:\/\/delimbe.fr\/es\/wp-json\/wp\/v2\/product_cat?post=11911"},{"taxonomy":"product_tag","embeddable":true,"href":"https:\/\/delimbe.fr\/es\/wp-json\/wp\/v2\/product_tag?post=11911"}],"curies":[{"name":"wp","href":"https:\/\/api.w.org\/{rel}","templated":true}]}}