{"id":11918,"date":"2019-08-22T10:18:39","date_gmt":"2019-08-22T10:18:39","guid":{"rendered":"https:\/\/delimbe.fr\/produit\/caja-de-control-t15\/"},"modified":"2025-07-21T10:05:32","modified_gmt":"2025-07-21T10:05:32","slug":"caja-de-control-t15","status":"publish","type":"product","link":"https:\/\/delimbe.fr\/es\/produit\/caja-de-control-t15\/","title":{"rendered":"CAJA DE CONTROL T15"},"content":{"rendered":"<p><span style=\"text-decoration: underline;\"><strong>Descripci\u00f3n<\/strong><\/span> :<\/p>\n<ul style=\"list-style-type: disc;\">\n<li>Caja de control de pl\u00e1stico negro con 2 interruptores de siembra\/ventilaci\u00f3n:<\/li>\n<\/ul>\n<ol>\n<li>Una luz indicadora,<\/li>\n<li>Un interruptor de encendido\/apagado para controlar el soplador,<\/li>\n<li>Un interruptor de encendido\/apagado, para controlar la distribuci\u00f3n,<\/li>\n<li>Un potenci\u00f3metro de caudal graduado de 0 a 30.<\/li>\n<\/ol>\n<ul style=\"list-style-type: disc;\">\n<li>y un arn\u00e9s de alimentaci\u00f3n de 4 metros con 1 toma de 3 polos para la conexi\u00f3n a la bater\u00eda del tractor y 1 toma de 7 polos para la conexi\u00f3n al aparato.<\/li>\n<\/ul>\n","protected":false},"excerpt":{"rendered":"<ul style=\"list-style-type: disc;\">\n<li>Caja de control est\u00e1ndar para T15.<\/li>\n<li>Sirve para poner en marcha el aparato y regular el caudal.<\/li>\n<li>La carcasa de pl\u00e1stico negro est\u00e1 equipada con un interruptor de siembra y un indicador luminoso:<\/li>\n<\/ul>\n<ol style=\"list-style-type: undefined;\">\n<li>Una luz indicadora verde,<\/li>\n<li>Un interruptor de encendido\/apagado para controlar la ventilaci\u00f3n<\/li>\n<li>Un interruptor de encendido\/apagado, para controlar la dispensaci\u00f3n,<\/li>\n<li>Un potenci\u00f3metro de caudal graduado de 0 a 30.<\/li>\n<\/ol>\n<ul style=\"list-style-type: disc;\">\n<li>Arn\u00e9s de alimentaci\u00f3n incluido con la caja: La caja incluye una toma de 3 polos para la alimentaci\u00f3n del tractor con un arn\u00e9s de 1,5 m (cable de 2&#215;2,5 mm) y una toma de 7 polos para la conexi\u00f3n al distribuidor (cable de 4&#215;2,5 mm) con un arn\u00e9s de 6 m.<\/li>\n<\/ul>\n","protected":false},"featured_media":1453,"template":"","meta":[],"product_brand":[],"product_cat":[663,709,710,691,660,719,720,721,2016,2009],"product_tag":[],"class_list":{"0":"post-11918","1":"product","2":"type-product","3":"status-publish","4":"has-post-thumbnail","6":"product_cat-cubierta-vegetal-microgranulador","7":"product_cat-esparcidores-fertilizantes","8":"product_cat-localizada","9":"product_cat-parte","10":"product_cat-piezas-de-recambio","11":"product_cat-sembradora-t15","12":"product_cat-sembradora-t15-es","13":"product_cat-sembradora-t15-es-2","14":"product_cat-pulverizadores","16":"pa_amperagea-40a","17":"pa_conditionnement-a-la-unidad","18":"pa_fonction-puesta-en-marcha-de-la-sembradora-y-ajuste-de-la-anchura-de-trabajo","19":"pa_largeur-12cm-es","20":"pa_longueur-20cm-es","21":"pa_modele-sembradora-y-microgranulador-tipo-t15","22":"pa_nomenclature-85371098-es","23":"pa_origine-origen-preferencial-frances","24":"pa_profondeur-5_6cm-es","25":"pa_typedeproduit-caja-de-control-estandar","27":"first","28":"onbackorder","29":"taxable","30":"shipping-taxable","31":"purchasable","32":"product-type-simple"},"composite_virtual":false,"composite_layout":"","composite_add_to_cart_form_location":"","composite_editable_in_cart":false,"composite_sold_individually_context":"","composite_shop_price_calc":"","composite_components":[],"composite_scenarios":[],"_links":{"self":[{"href":"https:\/\/delimbe.fr\/es\/wp-json\/wp\/v2\/product\/11918","targetHints":{"allow":["GET"]}}],"collection":[{"href":"https:\/\/delimbe.fr\/es\/wp-json\/wp\/v2\/product"}],"about":[{"href":"https:\/\/delimbe.fr\/es\/wp-json\/wp\/v2\/types\/product"}],"wp:featuredmedia":[{"embeddable":true,"href":"https:\/\/delimbe.fr\/es\/wp-json\/wp\/v2\/media\/1453"}],"wp:attachment":[{"href":"https:\/\/delimbe.fr\/es\/wp-json\/wp\/v2\/media?parent=11918"}],"wp:term":[{"taxonomy":"product_brand","embeddable":true,"href":"https:\/\/delimbe.fr\/es\/wp-json\/wp\/v2\/product_brand?post=11918"},{"taxonomy":"product_cat","embeddable":true,"href":"https:\/\/delimbe.fr\/es\/wp-json\/wp\/v2\/product_cat?post=11918"},{"taxonomy":"product_tag","embeddable":true,"href":"https:\/\/delimbe.fr\/es\/wp-json\/wp\/v2\/product_tag?post=11918"}],"curies":[{"name":"wp","href":"https:\/\/api.w.org\/{rel}","templated":true}]}}