{"id":11920,"date":"2019-08-22T10:18:31","date_gmt":"2019-08-22T10:18:31","guid":{"rendered":"https:\/\/delimbe.fr\/produit\/caja-de-plastico-vacia-para-pedidos-grandes\/"},"modified":"2019-08-22T10:18:31","modified_gmt":"2019-08-22T10:18:31","slug":"caja-de-plastico-vacia-para-pedidos-grandes","status":"publish","type":"product","link":"https:\/\/delimbe.fr\/es\/produit\/caja-de-plastico-vacia-para-pedidos-grandes\/","title":{"rendered":"CAJA DE PL\u00c1STICO VAC\u00cdA PARA PEDIDOS GRANDES"},"content":{"rendered":"","protected":false},"excerpt":{"rendered":"<\/p>\n<ul style=\"list-style-type: disc;\">\n<li>Caja de pl\u00e1stico vac\u00eda para caja de control est\u00e1ndar, de ajuste o DPA. Se vende con etiquetas descriptivas originales. MODELO GRANDE.\n<\/li>\n<li>Modelo grande para T11 de carretera o forraje, kit para T14, T15, T17, T18, T20, T15 doble dep\u00f3sito, T18 doble dep\u00f3sito o sensor DPA, ISO, caja GPS (para dep\u00f3sito simple o doble).\n<\/li>\n<li>\n<address><strong><span style=\"color: #d0121a;\"><em>Al hacer el pedido, indica en los comentarios el tipo de caja (est\u00e1ndar, de ajuste o DPA simple o doble) y el tipo de sembradora\/distribuidor.<\/em><\/span><\/strong><\/address>\n<\/li>\n<\/ul>\n","protected":false},"featured_media":1441,"template":"","meta":[],"product_brand":[],"product_cat":[663,800,709,727,729,710,691,660,720,721,719,712,714,715],"product_tag":[],"class_list":{"0":"post-11920","1":"product","2":"type-product","3":"status-publish","4":"has-post-thumbnail","6":"product_cat-cubierta-vegetal-microgranulador","7":"product_cat-esparcidora-de-forraje-t11","8":"product_cat-esparcidores-fertilizantes","9":"product_cat-esparcimiento-de-sal","10":"product_cat-esparcimiento-de-sal-t11","11":"product_cat-localizada","12":"product_cat-parte","13":"product_cat-piezas-de-recambio","14":"product_cat-sembradora-t15-es","15":"product_cat-sembradora-t15-es-2","16":"product_cat-sembradora-t15","17":"product_cat-sembradora-t18","18":"product_cat-sembradora-t18-es","19":"product_cat-sembradora-t18-es-2","21":"first","22":"onbackorder","23":"taxable","24":"shipping-taxable","25":"purchasable","26":"product-type-simple"},"composite_virtual":false,"composite_layout":"","composite_add_to_cart_form_location":"","composite_editable_in_cart":false,"composite_sold_individually_context":"","composite_shop_price_calc":"","composite_components":[],"composite_scenarios":[],"_links":{"self":[{"href":"https:\/\/delimbe.fr\/es\/wp-json\/wp\/v2\/product\/11920","targetHints":{"allow":["GET"]}}],"collection":[{"href":"https:\/\/delimbe.fr\/es\/wp-json\/wp\/v2\/product"}],"about":[{"href":"https:\/\/delimbe.fr\/es\/wp-json\/wp\/v2\/types\/product"}],"wp:featuredmedia":[{"embeddable":true,"href":"https:\/\/delimbe.fr\/es\/wp-json\/wp\/v2\/media\/1441"}],"wp:attachment":[{"href":"https:\/\/delimbe.fr\/es\/wp-json\/wp\/v2\/media?parent=11920"}],"wp:term":[{"taxonomy":"product_brand","embeddable":true,"href":"https:\/\/delimbe.fr\/es\/wp-json\/wp\/v2\/product_brand?post=11920"},{"taxonomy":"product_cat","embeddable":true,"href":"https:\/\/delimbe.fr\/es\/wp-json\/wp\/v2\/product_cat?post=11920"},{"taxonomy":"product_tag","embeddable":true,"href":"https:\/\/delimbe.fr\/es\/wp-json\/wp\/v2\/product_tag?post=11920"}],"curies":[{"name":"wp","href":"https:\/\/api.w.org\/{rel}","templated":true}]}}