{"id":11925,"date":"2019-08-22T10:18:44","date_gmt":"2019-08-22T10:18:44","guid":{"rendered":"https:\/\/delimbe.fr\/produit\/t11-caja-de-control-de-ajuste-de-anchura\/"},"modified":"2025-12-11T13:46:26","modified_gmt":"2025-12-11T13:46:26","slug":"t11-caja-de-control-de-ajuste-de-anchura","status":"publish","type":"product","link":"https:\/\/delimbe.fr\/es\/produit\/t11-caja-de-control-de-ajuste-de-anchura\/","title":{"rendered":"T11 CAJA DE CONTROL DE AJUSTE DE ANCHURA"},"content":{"rendered":"","protected":false},"excerpt":{"rendered":"<ul style=\"list-style-type: disc\">\n<li>Caja de control de doble ajuste para esparcidor vial T11.<\/li>\n<li>Caja de control de pl\u00e1stico negro con 2 interruptores y 2 reguladores:<\/li>\n<\/ul>\n<ol style=\"list-style-type: undefined\">\n<li>Encendido\/apagado del tornillo.<\/li>\n<li>Encendido\/apagado de la placa de separaci\u00f3n (luz indicadora).<\/li>\n<li>2 reguladores: ajuste de la salida del husillo y de la anchura de trabajo de la placa graduada de 0 a 30.<\/li>\n<\/ol>\n<ul style=\"list-style-type: disc\">\n<li>Arn\u00e9s de alimentaci\u00f3n de 6 metros con enchufe de 3 clavijas para conectar la bater\u00eda (cable de 2&#215;2,5 mm).<\/li>\n<li><em><strong>Referencia<\/strong> : BOITIERREGT11<\/em><\/li>\n<\/ul>\n","protected":false},"featured_media":1489,"template":"","meta":[],"product_brand":[],"product_cat":[727,729,691,660],"product_tag":[],"class_list":{"0":"post-11925","1":"product","2":"type-product","3":"status-publish","4":"has-post-thumbnail","6":"product_cat-esparcimiento-de-sal","7":"product_cat-esparcimiento-de-sal-t11","8":"product_cat-parte","9":"product_cat-piezas-de-recambio","10":"pa_amperagea-40a","11":"pa_conditionnement-a-la-unidad","12":"pa_fonction-puesta-en-marcha-regulacion-del-caudal-y-ajuste-de-la-anchura-de-trabajo","13":"pa_largeur-12cm-es","14":"pa_longueur-20cm-es","15":"pa_modele-saleuses-tipo-t11","16":"pa_nomenclature-85371098-es","17":"pa_origine-origen-preferencial-frances","18":"pa_profondeur-5_6cm-es","19":"pa_typedeproduit-caja-de-control-de-ajuste-de-anchura","21":"first","22":"onbackorder","23":"taxable","24":"shipping-taxable","25":"purchasable","26":"product-type-simple"},"composite_virtual":false,"composite_layout":"","composite_add_to_cart_form_location":"","composite_editable_in_cart":false,"composite_sold_individually_context":"","composite_shop_price_calc":"","composite_components":[],"composite_scenarios":[],"_links":{"self":[{"href":"https:\/\/delimbe.fr\/es\/wp-json\/wp\/v2\/product\/11925","targetHints":{"allow":["GET"]}}],"collection":[{"href":"https:\/\/delimbe.fr\/es\/wp-json\/wp\/v2\/product"}],"about":[{"href":"https:\/\/delimbe.fr\/es\/wp-json\/wp\/v2\/types\/product"}],"wp:featuredmedia":[{"embeddable":true,"href":"https:\/\/delimbe.fr\/es\/wp-json\/wp\/v2\/media\/1489"}],"wp:attachment":[{"href":"https:\/\/delimbe.fr\/es\/wp-json\/wp\/v2\/media?parent=11925"}],"wp:term":[{"taxonomy":"product_brand","embeddable":true,"href":"https:\/\/delimbe.fr\/es\/wp-json\/wp\/v2\/product_brand?post=11925"},{"taxonomy":"product_cat","embeddable":true,"href":"https:\/\/delimbe.fr\/es\/wp-json\/wp\/v2\/product_cat?post=11925"},{"taxonomy":"product_tag","embeddable":true,"href":"https:\/\/delimbe.fr\/es\/wp-json\/wp\/v2\/product_tag?post=11925"}],"curies":[{"name":"wp","href":"https:\/\/api.w.org\/{rel}","templated":true}]}}