{"id":11934,"date":"2019-08-22T10:18:12","date_gmt":"2019-08-22T10:18:12","guid":{"rendered":"https:\/\/delimbe.fr\/produit\/agitador-t11\/"},"modified":"2025-12-11T09:14:53","modified_gmt":"2025-12-11T09:14:53","slug":"agitador-t11","status":"publish","type":"product","link":"https:\/\/delimbe.fr\/es\/produit\/agitador-t11\/","title":{"rendered":"AGITADOR T11"},"content":{"rendered":"","protected":false},"excerpt":{"rendered":"<ul style=\"list-style-type: disc\">\n<li>Agitador: v\u00e1stago del dep\u00f3sito para evitar la formaci\u00f3n de tapones, para esparcidor vial T11,<\/li>\n<li>Varillas dobles de acero inoxidable fijadas en un soporte de 500 mm de longitud para la pared de un dep\u00f3sito de esparcidor.<\/li>\n<li><em><strong>Referencia<\/strong> : AGITT1170120<\/em><\/li>\n<\/ul>\n","protected":false},"featured_media":1383,"template":"","meta":[],"product_brand":[],"product_cat":[727,729,691,660],"product_tag":[],"class_list":{"0":"post-11934","1":"product","2":"type-product","3":"status-publish","4":"has-post-thumbnail","6":"product_cat-esparcimiento-de-sal","7":"product_cat-esparcimiento-de-sal-t11","8":"product_cat-parte","9":"product_cat-piezas-de-recambio","10":"pa_conditionnement-a-la-unidad","11":"pa_modele-saleuses-tipo-t11","12":"pa_nomenclature-84879090-es","13":"pa_origine-origen-preferencial-frances","14":"pa_typedeproduit-agitador-estandar","16":"first","17":"onbackorder","18":"taxable","19":"shipping-taxable","20":"purchasable","21":"product-type-simple"},"composite_virtual":false,"composite_layout":"","composite_add_to_cart_form_location":"","composite_editable_in_cart":false,"composite_sold_individually_context":"","composite_shop_price_calc":"","composite_components":[],"composite_scenarios":[],"_links":{"self":[{"href":"https:\/\/delimbe.fr\/es\/wp-json\/wp\/v2\/product\/11934","targetHints":{"allow":["GET"]}}],"collection":[{"href":"https:\/\/delimbe.fr\/es\/wp-json\/wp\/v2\/product"}],"about":[{"href":"https:\/\/delimbe.fr\/es\/wp-json\/wp\/v2\/types\/product"}],"wp:featuredmedia":[{"embeddable":true,"href":"https:\/\/delimbe.fr\/es\/wp-json\/wp\/v2\/media\/1383"}],"wp:attachment":[{"href":"https:\/\/delimbe.fr\/es\/wp-json\/wp\/v2\/media?parent=11934"}],"wp:term":[{"taxonomy":"product_brand","embeddable":true,"href":"https:\/\/delimbe.fr\/es\/wp-json\/wp\/v2\/product_brand?post=11934"},{"taxonomy":"product_cat","embeddable":true,"href":"https:\/\/delimbe.fr\/es\/wp-json\/wp\/v2\/product_cat?post=11934"},{"taxonomy":"product_tag","embeddable":true,"href":"https:\/\/delimbe.fr\/es\/wp-json\/wp\/v2\/product_tag?post=11934"}],"curies":[{"name":"wp","href":"https:\/\/api.w.org\/{rel}","templated":true}]}}