{"id":11952,"date":"2019-08-22T10:18:29","date_gmt":"2019-08-22T10:18:29","guid":{"rendered":"https:\/\/delimbe.fr\/produit\/caja-de-control-agrainoir\/"},"modified":"2019-08-22T10:18:29","modified_gmt":"2019-08-22T10:18:29","slug":"caja-de-control-agrainoir","status":"publish","type":"product","link":"https:\/\/delimbe.fr\/es\/produit\/caja-de-control-agrainoir\/","title":{"rendered":"CAJA DE CONTROL AGRAINOIR"},"content":{"rendered":"<p><span style=\"text-decoration: underline;\"><strong>Descripci\u00f3n<\/strong><\/span> \/<\/p>\n<ul style=\"list-style-type: disc;\">\n<li>Caja de control de pl\u00e1stico negro con interruptor de encendido\/apagado y luz indicadora.<\/li>\n<\/ul>\n<ul style=\"list-style-type: disc;\">\n<li>Arn\u00e9s de alimentaci\u00f3n de 4 metros, tomas de 3 polos para la conexi\u00f3n a la bater\u00eda del tractor y tomas de 2 polos para la conexi\u00f3n al aparato.<\/li>\n<\/ul>\n","protected":false},"excerpt":{"rendered":"<p style=\"text-align: center;\">\n<p><span style=\"text-decoration: underline;\"><strong>ref<\/strong><strong>ce <\/strong><strong><span style=\"text-decoration: underline;\">BOXCDEAGRAINOIR<\/span><\/strong><\/span><\/p>\n<ul style=\"list-style-type: disc;\">\n<li>Caja de control para grapadora y T4 y T5 opcionales.<em>(NC85371098<\/em>)<\/li>\n<\/ul>\n","protected":false},"featured_media":1437,"template":"","meta":[],"product_brand":[],"product_cat":[824,823,754,755,693,691,660],"product_tag":[],"class_list":{"0":"post-11952","1":"product","2":"type-product","3":"status-publish","4":"has-post-thumbnail","6":"product_cat-alimentador-es-2","7":"product_cat-alimentadora","8":"product_cat-antibabosas-t4","9":"product_cat-antibabosas-t5","10":"product_cat-esparcidores-antibabosas","11":"product_cat-parte","12":"product_cat-piezas-de-recambio","14":"first","15":"onbackorder","16":"taxable","17":"shipping-taxable","18":"purchasable","19":"product-type-simple"},"composite_virtual":false,"composite_layout":"","composite_add_to_cart_form_location":"","composite_editable_in_cart":false,"composite_sold_individually_context":"","composite_shop_price_calc":"","composite_components":[],"composite_scenarios":[],"_links":{"self":[{"href":"https:\/\/delimbe.fr\/es\/wp-json\/wp\/v2\/product\/11952","targetHints":{"allow":["GET"]}}],"collection":[{"href":"https:\/\/delimbe.fr\/es\/wp-json\/wp\/v2\/product"}],"about":[{"href":"https:\/\/delimbe.fr\/es\/wp-json\/wp\/v2\/types\/product"}],"wp:featuredmedia":[{"embeddable":true,"href":"https:\/\/delimbe.fr\/es\/wp-json\/wp\/v2\/media\/1437"}],"wp:attachment":[{"href":"https:\/\/delimbe.fr\/es\/wp-json\/wp\/v2\/media?parent=11952"}],"wp:term":[{"taxonomy":"product_brand","embeddable":true,"href":"https:\/\/delimbe.fr\/es\/wp-json\/wp\/v2\/product_brand?post=11952"},{"taxonomy":"product_cat","embeddable":true,"href":"https:\/\/delimbe.fr\/es\/wp-json\/wp\/v2\/product_cat?post=11952"},{"taxonomy":"product_tag","embeddable":true,"href":"https:\/\/delimbe.fr\/es\/wp-json\/wp\/v2\/product_tag?post=11952"}],"curies":[{"name":"wp","href":"https:\/\/api.w.org\/{rel}","templated":true}]}}