{"id":11953,"date":"2019-08-22T10:20:03","date_gmt":"2019-08-22T10:20:03","guid":{"rendered":"https:\/\/delimbe.fr\/produit\/tapa-de-plastico-70l-tornillo\/"},"modified":"2019-08-22T10:20:03","modified_gmt":"2019-08-22T10:20:03","slug":"tapa-de-plastico-70l-tornillo","status":"publish","type":"product","link":"https:\/\/delimbe.fr\/es\/produit\/tapa-de-plastico-70l-tornillo\/","title":{"rendered":"TAPA DE PL\u00c1STICO 70L TORNILLO"},"content":{"rendered":"<p><span style=\"text-decoration: underline;\"><strong>Descripci\u00f3n<\/strong><\/span> :<\/p>\n<ul style=\"list-style-type: disc;\">\n<li>Tapa enroscable de polietileno verde para dep\u00f3sito de polietileno verde de 70 litros.\n<\/li>\n<li>Di\u00e1metro 370 mm x grosor 60 mm.<\/li>\n<\/ul>\n<p><span style=\"text-decoration: underline;\"><strong>Opci\u00f3n<\/strong><\/span> :<\/p>\n<ul style=\"list-style-type: disc;\">\n<li>Dep\u00f3sito verde 70L.<\/li>\n<\/ul>\n","protected":false},"excerpt":{"rendered":"<p style=\"text-align: center;\">\n<p><strong><span style=\"text-decoration: underline;\">Referencia COUVPLAST70LVIS<\/span><\/strong><\/p>\n<ul style=\"list-style-type: disc;\">\n<li>Tapa enroscable de pl\u00e1stico verde para dep\u00f3sito de pl\u00e1stico de 70L para T5, T14, T24, Agrainoir y abonadora de 70L (<strong><\/strong><em>NC84879090<\/em>)<\/li>\n<\/ul>\n","protected":false},"featured_media":1603,"template":"","meta":[],"product_brand":[],"product_cat":[730,728,824,823,696,699,755,663,693,709,710,691,660,757,672,756],"product_tag":[],"class_list":{"0":"post-11953","1":"product","2":"type-product","3":"status-publish","4":"has-post-thumbnail","6":"product_cat-abonadora-120l","7":"product_cat-abonadora-70l","8":"product_cat-alimentador-es-2","9":"product_cat-alimentadora","10":"product_cat-antibabosas-t24","11":"product_cat-antibabosas-t24-es","12":"product_cat-antibabosas-t5","13":"product_cat-cubierta-vegetal-microgranulador","14":"product_cat-esparcidores-antibabosas","15":"product_cat-esparcidores-fertilizantes","16":"product_cat-localizada","17":"product_cat-parte","18":"product_cat-piezas-de-recambio","19":"product_cat-sembradora-t14-es-2","20":"product_cat-sembradora-t14","21":"product_cat-sembradora-t14-es","22":"pa_nomenclature-84879090-es","24":"first","25":"onbackorder","26":"taxable","27":"shipping-taxable","28":"purchasable","29":"product-type-simple"},"composite_virtual":false,"composite_layout":"","composite_add_to_cart_form_location":"","composite_editable_in_cart":false,"composite_sold_individually_context":"","composite_shop_price_calc":"","composite_components":[],"composite_scenarios":[],"_links":{"self":[{"href":"https:\/\/delimbe.fr\/es\/wp-json\/wp\/v2\/product\/11953","targetHints":{"allow":["GET"]}}],"collection":[{"href":"https:\/\/delimbe.fr\/es\/wp-json\/wp\/v2\/product"}],"about":[{"href":"https:\/\/delimbe.fr\/es\/wp-json\/wp\/v2\/types\/product"}],"wp:featuredmedia":[{"embeddable":true,"href":"https:\/\/delimbe.fr\/es\/wp-json\/wp\/v2\/media\/1603"}],"wp:attachment":[{"href":"https:\/\/delimbe.fr\/es\/wp-json\/wp\/v2\/media?parent=11953"}],"wp:term":[{"taxonomy":"product_brand","embeddable":true,"href":"https:\/\/delimbe.fr\/es\/wp-json\/wp\/v2\/product_brand?post=11953"},{"taxonomy":"product_cat","embeddable":true,"href":"https:\/\/delimbe.fr\/es\/wp-json\/wp\/v2\/product_cat?post=11953"},{"taxonomy":"product_tag","embeddable":true,"href":"https:\/\/delimbe.fr\/es\/wp-json\/wp\/v2\/product_tag?post=11953"}],"curies":[{"name":"wp","href":"https:\/\/api.w.org\/{rel}","templated":true}]}}