{"id":11956,"date":"2019-08-22T10:19:48","date_gmt":"2019-08-22T10:19:48","guid":{"rendered":"https:\/\/delimbe.fr\/produit\/carro-de-enganche-de-bola\/"},"modified":"2019-08-22T10:19:48","modified_gmt":"2019-08-22T10:19:48","slug":"carro-de-enganche-de-bola","status":"publish","type":"product","link":"https:\/\/delimbe.fr\/es\/produit\/carro-de-enganche-de-bola\/","title":{"rendered":"CARRO DE ENGANCHE DE BOLA"},"content":{"rendered":"<ul style=\"list-style-type: disc;\">\n<li>Remolque para esparcidor T11.<\/li>\n<li>S\u00f3lo puede utilizarse detr\u00e1s de un veh\u00edculo agr\u00edcola<\/li>\n<\/ul>\n","protected":false},"excerpt":{"rendered":"<p style=\"text-align: center;\">\n<p style=\"text-align: left;\"><span style=\"text-decoration: underline;\"><strong>Referencia CHARBOUL<\/strong><\/span><\/p>\n<ul style=\"list-style-type: disc;\">\n<li>Carro con enganche de bola para T11<em>(NC84879090<\/em>).<\/li>\n<\/ul>\n","protected":false},"featured_media":1587,"template":"","meta":[],"product_brand":[],"product_cat":[727,729,691,660],"product_tag":[],"class_list":{"0":"post-11956","1":"product","2":"type-product","3":"status-publish","4":"has-post-thumbnail","6":"product_cat-esparcimiento-de-sal","7":"product_cat-esparcimiento-de-sal-t11","8":"product_cat-parte","9":"product_cat-piezas-de-recambio","10":"pa_nomenclature-84879090-es","12":"first","13":"onbackorder","14":"taxable","15":"shipping-taxable","16":"purchasable","17":"product-type-simple"},"composite_virtual":false,"composite_layout":"","composite_add_to_cart_form_location":"","composite_editable_in_cart":false,"composite_sold_individually_context":"","composite_shop_price_calc":"","composite_components":[],"composite_scenarios":[],"_links":{"self":[{"href":"https:\/\/delimbe.fr\/es\/wp-json\/wp\/v2\/product\/11956","targetHints":{"allow":["GET"]}}],"collection":[{"href":"https:\/\/delimbe.fr\/es\/wp-json\/wp\/v2\/product"}],"about":[{"href":"https:\/\/delimbe.fr\/es\/wp-json\/wp\/v2\/types\/product"}],"wp:featuredmedia":[{"embeddable":true,"href":"https:\/\/delimbe.fr\/es\/wp-json\/wp\/v2\/media\/1587"}],"wp:attachment":[{"href":"https:\/\/delimbe.fr\/es\/wp-json\/wp\/v2\/media?parent=11956"}],"wp:term":[{"taxonomy":"product_brand","embeddable":true,"href":"https:\/\/delimbe.fr\/es\/wp-json\/wp\/v2\/product_brand?post=11956"},{"taxonomy":"product_cat","embeddable":true,"href":"https:\/\/delimbe.fr\/es\/wp-json\/wp\/v2\/product_cat?post=11956"},{"taxonomy":"product_tag","embeddable":true,"href":"https:\/\/delimbe.fr\/es\/wp-json\/wp\/v2\/product_tag?post=11956"}],"curies":[{"name":"wp","href":"https:\/\/api.w.org\/{rel}","templated":true}]}}