{"id":11958,"date":"2019-08-22T10:20:36","date_gmt":"2019-08-22T10:20:36","guid":{"rendered":"https:\/\/delimbe.fr\/produit\/deposito-redondo-70l-t5-t24-eng-ag\/"},"modified":"2019-08-22T10:20:36","modified_gmt":"2019-08-22T10:20:36","slug":"deposito-redondo-70l-t5-t24-eng-ag","status":"publish","type":"product","link":"https:\/\/delimbe.fr\/es\/produit\/deposito-redondo-70l-t5-t24-eng-ag\/","title":{"rendered":"DEP\u00d3SITO REDONDO 70L &#8211; T5 &#8211; T24 &#8211; ENG &#8211; AG"},"content":{"rendered":"<\/p>\n<ul style=\"list-style-type: disc;\">\n<li>Cubeta redonda de polietileno verde de 70 L con tap\u00f3n de rosca.\n<\/li>\n<li>Di\u00e1metro 500 mm x Altura 650 mm.\n<\/li>\n<li><strong>La camiseta tambi\u00e9n est\u00e1 disponible en blanco (ligeramente transl\u00facido). Si prefieres este color, d\u00e9janos un comentario cuando hagas tu pedido. <\/strong><\/li>\n<\/ul>\n","protected":false},"excerpt":{"rendered":"<h3 style=\"text-align: center;\"><\/h3>\n<ul style=\"list-style-type: disc;\">\n<li>Dep\u00f3sito alimentador de tornillo redondo de 70 L para T5, T14, T24, T28, Agrainer y sembradoras de abono de 70 L.<\/li>\n<\/ul>\n<p style=\"text-align: left;\">\n","protected":false},"featured_media":1645,"template":"","meta":[],"product_brand":[],"product_cat":[728,824,823,696,699,698,755,663,700,693,709,710,691,660,756,757,672,719],"product_tag":[],"class_list":{"0":"post-11958","1":"product","2":"type-product","3":"status-publish","4":"has-post-thumbnail","6":"product_cat-abonadora-70l","7":"product_cat-alimentador-es-2","8":"product_cat-alimentadora","9":"product_cat-antibabosas-t24","10":"product_cat-antibabosas-t24-es","11":"product_cat-antibabosas-t28","12":"product_cat-antibabosas-t5","13":"product_cat-cubierta-vegetal-microgranulador","14":"product_cat-esparcidor-t28","15":"product_cat-esparcidores-antibabosas","16":"product_cat-esparcidores-fertilizantes","17":"product_cat-localizada","18":"product_cat-parte","19":"product_cat-piezas-de-recambio","20":"product_cat-sembradora-t14-es","21":"product_cat-sembradora-t14-es-2","22":"product_cat-sembradora-t14","23":"product_cat-sembradora-t15","24":"pa_nomenclature-84879090-es","26":"first","27":"onbackorder","28":"taxable","29":"shipping-taxable","30":"purchasable","31":"product-type-simple"},"composite_virtual":false,"composite_layout":"","composite_add_to_cart_form_location":"","composite_editable_in_cart":false,"composite_sold_individually_context":"","composite_shop_price_calc":"","composite_components":[],"composite_scenarios":[],"_links":{"self":[{"href":"https:\/\/delimbe.fr\/es\/wp-json\/wp\/v2\/product\/11958","targetHints":{"allow":["GET"]}}],"collection":[{"href":"https:\/\/delimbe.fr\/es\/wp-json\/wp\/v2\/product"}],"about":[{"href":"https:\/\/delimbe.fr\/es\/wp-json\/wp\/v2\/types\/product"}],"wp:featuredmedia":[{"embeddable":true,"href":"https:\/\/delimbe.fr\/es\/wp-json\/wp\/v2\/media\/1645"}],"wp:attachment":[{"href":"https:\/\/delimbe.fr\/es\/wp-json\/wp\/v2\/media?parent=11958"}],"wp:term":[{"taxonomy":"product_brand","embeddable":true,"href":"https:\/\/delimbe.fr\/es\/wp-json\/wp\/v2\/product_brand?post=11958"},{"taxonomy":"product_cat","embeddable":true,"href":"https:\/\/delimbe.fr\/es\/wp-json\/wp\/v2\/product_cat?post=11958"},{"taxonomy":"product_tag","embeddable":true,"href":"https:\/\/delimbe.fr\/es\/wp-json\/wp\/v2\/product_tag?post=11958"}],"curies":[{"name":"wp","href":"https:\/\/api.w.org\/{rel}","templated":true}]}}